{"id":8682,"date":"2023-06-12T11:34:25","date_gmt":"2023-06-12T09:34:25","guid":{"rendered":"https:\/\/www.uhrenmuseum-glashuette.com\/?post_type=product&#038;p=8682"},"modified":"2025-01-03T09:55:38","modified_gmt":"2025-01-03T08:55:38","slug":"kuehlschrankmagnet-zeittreppe","status":"publish","type":"product","link":"https:\/\/www.uhrenmuseum-glashuette.com\/en\/shop\/souvenirs\/kuehlschrankmagnet-zeittreppe\/","title":{"rendered":"K\u00fchlschrankmagnet Zeittreppe"},"content":{"rendered":"<p><span style=\"font-weight: 400\">K\u00fchlschrankmagnet mit blauer Zeittreppe Deutsches Uhrenmuseum Glash\u00fctte\u00a0<\/span><\/p>\n<p><span style=\"font-weight: 400\">Die Magnete des Deutschen Uhrenmuseums Glash\u00fctte werden nachhaltig in Deutschland produziert. Ihre besondere Oberfl\u00e4che\u00a0 l\u00e4sst die Magnete nicht nur edel erscheinen sondern sch\u00fctzt sie zus\u00e4tzlich vor Besch\u00e4digungen und Kratzern.\u00a0<\/span><\/p>\n<table style=\"border-collapse: collapse;width: 100%;height: 168px\">\n<tbody>\n<tr style=\"height: 28px\">\n<td style=\"width: 50%;height: 28px\">Ausf\u00fchrung:<\/td>\n<td style=\"width: 50%;height: 28px\"><strong>K\u00fchlschrankmagnet (quadratisch)\u00a0<\/strong><\/td>\n<\/tr>\n<tr style=\"height: 28px\">\n<td style=\"width: 50%;height: 28px\"><span style=\"font-weight: 400\">Aufdruck<\/span>:<\/td>\n<td style=\"width: 50%;height: 28px\"><strong>Zeittreppe, Logo Deutsches Uhrenmuseum Glash\u00fctte<\/strong><\/td>\n<\/tr>\n<tr style=\"height: 28px\">\n<td style=\"width: 50%;height: 28px\">Ma\u00dfe:<\/td>\n<td style=\"width: 50%;height: 28px\"><strong>52 x 52 mm<\/strong><\/td>\n<\/tr>\n<tr style=\"height: 28px\">\n<td style=\"width: 50%;height: 28px\"><span style=\"font-weight: 400\">Ausstattung<\/span>:<\/td>\n<td style=\"width: 50%;height: 28px\"><strong>kratzfeste Oberfl\u00e4che, gl\u00e4nzend mit extra Schutzschicht<\/strong><\/td>\n<\/tr>\n<tr style=\"height: 28px\">\n<td style=\"width: 50%;height: 28px\"><span style=\"font-weight: 400\">Artikelnummer<\/span>:<\/td>\n<td style=\"width: 50%;height: 28px\"><b>70019<\/b><\/td>\n<\/tr>\n<\/tbody>\n<\/table>\n","protected":false},"excerpt":{"rendered":"<p>K\u00fchlschrankmagnet mit blauer Zeittreppe Deutsches Uhrenmuseum Glash\u00fctte\u00a0 Die Magnete des Deutschen Uhrenmuseums Glash\u00fctte werden nachhaltig in Deutschland produziert. Ihre besondere Oberfl\u00e4che\u00a0 l\u00e4sst die Magnete nicht nur edel erscheinen sondern sch\u00fctzt sie zus\u00e4tzlich vor Besch\u00e4digungen und Kratzern.\u00a0 Ausf\u00fchrung: K\u00fchlschrankmagnet (quadratisch)\u00a0 Aufdruck: Zeittreppe, Logo Deutsches Uhrenmuseum Glash\u00fctte Ma\u00dfe: 52 x 52 mm Ausstattung: kratzfeste Oberfl\u00e4che, gl\u00e4nzend mit&#8230;<\/p>\n","protected":false},"featured_media":8686,"template":"","meta":{"_acf_changed":false,"_monsterinsights_skip_tracking":false,"_monsterinsights_sitenote_active":false,"_monsterinsights_sitenote_note":"","_monsterinsights_sitenote_category":0},"product_brand":[],"product_cat":[21],"product_tag":[],"class_list":{"0":"post-8682","1":"product","2":"type-product","3":"status-publish","4":"has-post-thumbnail","6":"product_cat-souvenirs","8":"first","9":"instock","10":"taxable","11":"shipping-taxable","12":"purchasable","13":"product-type-simple"},"acf":[],"yoast_head":"<!-- This site is optimized with the Yoast SEO plugin v24.3 - https:\/\/yoast.com\/wordpress\/plugins\/seo\/ -->\n<title>K\u00fchlschrankmagnet Zeittreppe | Deutsches Uhrenmuseum Glashuette<\/title>\n<meta name=\"robots\" content=\"index, follow, max-snippet:-1, max-image-preview:large, max-video-preview:-1\" \/>\n<link rel=\"canonical\" href=\"https:\/\/www.uhrenmuseum-glashuette.com\/shop\/souvenirs\/kuehlschrankmagnet-zeittreppe\/\" \/>\n<meta property=\"og:locale\" content=\"en_US\" \/>\n<meta property=\"og:type\" content=\"article\" \/>\n<meta property=\"og:title\" content=\"K\u00fchlschrankmagnet Zeittreppe | Deutsches Uhrenmuseum Glashuette\" \/>\n<meta property=\"og:description\" content=\"K\u00fchlschrankmagnet mit blauer Zeittreppe Deutsches Uhrenmuseum Glash\u00fctte\u00a0 Die Magnete des Deutschen Uhrenmuseums Glash\u00fctte werden nachhaltig in Deutschland produziert. Ihre besondere Oberfl\u00e4che\u00a0 l\u00e4sst die Magnete nicht nur edel erscheinen sondern sch\u00fctzt sie zus\u00e4tzlich vor Besch\u00e4digungen und Kratzern.\u00a0 Ausf\u00fchrung: K\u00fchlschrankmagnet (quadratisch)\u00a0 Aufdruck: Zeittreppe, Logo Deutsches Uhrenmuseum Glash\u00fctte Ma\u00dfe: 52 x 52 mm Ausstattung: kratzfeste Oberfl\u00e4che, gl\u00e4nzend mit...\" \/>\n<meta property=\"og:url\" content=\"https:\/\/www.uhrenmuseum-glashuette.com\/shop\/souvenirs\/kuehlschrankmagnet-zeittreppe\/\" \/>\n<meta property=\"og:site_name\" content=\"Deutsches Uhrenmuseum Glashuette\" \/>\n<meta property=\"article:modified_time\" content=\"2025-01-03T08:55:38+00:00\" \/>\n<meta property=\"og:image\" content=\"https:\/\/www.uhrenmuseum-glashuette.com\/wp-content\/uploads\/2023\/06\/Magnet_Zeittreppe_neu-1.jpg\" \/>\n\t<meta property=\"og:image:width\" content=\"2021\" \/>\n\t<meta property=\"og:image:height\" content=\"1281\" \/>\n\t<meta property=\"og:image:type\" content=\"image\/jpeg\" \/>\n<meta name=\"twitter:card\" content=\"summary_large_image\" \/>\n<meta name=\"twitter:label1\" content=\"Est. reading time\" \/>\n\t<meta name=\"twitter:data1\" content=\"1 minute\" \/>\n<script type=\"application\/ld+json\" class=\"yoast-schema-graph\">{\"@context\":\"https:\/\/schema.org\",\"@graph\":[{\"@type\":\"WebPage\",\"@id\":\"https:\/\/www.uhrenmuseum-glashuette.com\/shop\/souvenirs\/kuehlschrankmagnet-zeittreppe\/\",\"url\":\"https:\/\/www.uhrenmuseum-glashuette.com\/shop\/souvenirs\/kuehlschrankmagnet-zeittreppe\/\",\"name\":\"K\u00fchlschrankmagnet Zeittreppe | Deutsches Uhrenmuseum Glashuette\",\"isPartOf\":{\"@id\":\"https:\/\/www.uhrenmuseum-glashuette.com\/#website\"},\"primaryImageOfPage\":{\"@id\":\"https:\/\/www.uhrenmuseum-glashuette.com\/shop\/souvenirs\/kuehlschrankmagnet-zeittreppe\/#primaryimage\"},\"image\":{\"@id\":\"https:\/\/www.uhrenmuseum-glashuette.com\/shop\/souvenirs\/kuehlschrankmagnet-zeittreppe\/#primaryimage\"},\"thumbnailUrl\":\"https:\/\/www.uhrenmuseum-glashuette.com\/wp-content\/uploads\/2023\/06\/Magnet_Zeittreppe_neu-1.jpg\",\"datePublished\":\"2023-06-12T09:34:25+00:00\",\"dateModified\":\"2025-01-03T08:55:38+00:00\",\"breadcrumb\":{\"@id\":\"https:\/\/www.uhrenmuseum-glashuette.com\/shop\/souvenirs\/kuehlschrankmagnet-zeittreppe\/#breadcrumb\"},\"inLanguage\":\"en-US\",\"potentialAction\":[{\"@type\":\"ReadAction\",\"target\":[\"https:\/\/www.uhrenmuseum-glashuette.com\/shop\/souvenirs\/kuehlschrankmagnet-zeittreppe\/\"]}]},{\"@type\":\"ImageObject\",\"inLanguage\":\"en-US\",\"@id\":\"https:\/\/www.uhrenmuseum-glashuette.com\/shop\/souvenirs\/kuehlschrankmagnet-zeittreppe\/#primaryimage\",\"url\":\"https:\/\/www.uhrenmuseum-glashuette.com\/wp-content\/uploads\/2023\/06\/Magnet_Zeittreppe_neu-1.jpg\",\"contentUrl\":\"https:\/\/www.uhrenmuseum-glashuette.com\/wp-content\/uploads\/2023\/06\/Magnet_Zeittreppe_neu-1.jpg\",\"width\":2021,\"height\":1281},{\"@type\":\"BreadcrumbList\",\"@id\":\"https:\/\/www.uhrenmuseum-glashuette.com\/shop\/souvenirs\/kuehlschrankmagnet-zeittreppe\/#breadcrumb\",\"itemListElement\":[{\"@type\":\"ListItem\",\"position\":1,\"name\":\"Startseite\",\"item\":\"https:\/\/www.uhrenmuseum-glashuette.com\/en\/\"},{\"@type\":\"ListItem\",\"position\":2,\"name\":\"Online Shop\",\"item\":\"https:\/\/www.uhrenmuseum-glashuette.com\/online-shop\/\"},{\"@type\":\"ListItem\",\"position\":3,\"name\":\"K\u00fchlschrankmagnet Zeittreppe\"}]},{\"@type\":\"WebSite\",\"@id\":\"https:\/\/www.uhrenmuseum-glashuette.com\/#website\",\"url\":\"https:\/\/www.uhrenmuseum-glashuette.com\/\",\"name\":\"Deutsches Uhrenmuseum Glashuette\",\"description\":\"\",\"publisher\":{\"@id\":\"https:\/\/www.uhrenmuseum-glashuette.com\/#organization\"},\"potentialAction\":[{\"@type\":\"SearchAction\",\"target\":{\"@type\":\"EntryPoint\",\"urlTemplate\":\"https:\/\/www.uhrenmuseum-glashuette.com\/?s={search_term_string}\"},\"query-input\":{\"@type\":\"PropertyValueSpecification\",\"valueRequired\":true,\"valueName\":\"search_term_string\"}}],\"inLanguage\":\"en-US\"},{\"@type\":\"Organization\",\"@id\":\"https:\/\/www.uhrenmuseum-glashuette.com\/#organization\",\"name\":\"Stiftung \\\"Deutsches Uhrenmuseum Glash\u00fctte \u2013 Nicolas G. Hayek\\\"\",\"alternateName\":\"Uhrenmuseum Glash\u00fctte\",\"url\":\"https:\/\/www.uhrenmuseum-glashuette.com\/\",\"logo\":{\"@type\":\"ImageObject\",\"inLanguage\":\"en-US\",\"@id\":\"https:\/\/www.uhrenmuseum-glashuette.com\/#\/schema\/logo\/image\/\",\"url\":\"https:\/\/www.uhrenmuseum-glashuette.com\/wp-content\/uploads\/2020\/01\/cropped-StiftungDeutschesUhrenmuseumGlashuette-Web-Icon_.png\",\"contentUrl\":\"https:\/\/www.uhrenmuseum-glashuette.com\/wp-content\/uploads\/2020\/01\/cropped-StiftungDeutschesUhrenmuseumGlashuette-Web-Icon_.png\",\"width\":512,\"height\":512,\"caption\":\"Stiftung \\\"Deutsches Uhrenmuseum Glash\u00fctte \u2013 Nicolas G. Hayek\\\"\"},\"image\":{\"@id\":\"https:\/\/www.uhrenmuseum-glashuette.com\/#\/schema\/logo\/image\/\"}}]}<\/script>\n<!-- \/ Yoast SEO plugin. -->","yoast_head_json":{"title":"K\u00fchlschrankmagnet Zeittreppe | Deutsches Uhrenmuseum Glashuette","robots":{"index":"index","follow":"follow","max-snippet":"max-snippet:-1","max-image-preview":"max-image-preview:large","max-video-preview":"max-video-preview:-1"},"canonical":"https:\/\/www.uhrenmuseum-glashuette.com\/shop\/souvenirs\/kuehlschrankmagnet-zeittreppe\/","og_locale":"en_US","og_type":"article","og_title":"K\u00fchlschrankmagnet Zeittreppe | Deutsches Uhrenmuseum Glashuette","og_description":"K\u00fchlschrankmagnet mit blauer Zeittreppe Deutsches Uhrenmuseum Glash\u00fctte\u00a0 Die Magnete des Deutschen Uhrenmuseums Glash\u00fctte werden nachhaltig in Deutschland produziert. Ihre besondere Oberfl\u00e4che\u00a0 l\u00e4sst die Magnete nicht nur edel erscheinen sondern sch\u00fctzt sie zus\u00e4tzlich vor Besch\u00e4digungen und Kratzern.\u00a0 Ausf\u00fchrung: K\u00fchlschrankmagnet (quadratisch)\u00a0 Aufdruck: Zeittreppe, Logo Deutsches Uhrenmuseum Glash\u00fctte Ma\u00dfe: 52 x 52 mm Ausstattung: kratzfeste Oberfl\u00e4che, gl\u00e4nzend mit...","og_url":"https:\/\/www.uhrenmuseum-glashuette.com\/shop\/souvenirs\/kuehlschrankmagnet-zeittreppe\/","og_site_name":"Deutsches Uhrenmuseum Glashuette","article_modified_time":"2025-01-03T08:55:38+00:00","og_image":[{"width":2021,"height":1281,"url":"https:\/\/www.uhrenmuseum-glashuette.com\/wp-content\/uploads\/2023\/06\/Magnet_Zeittreppe_neu-1.jpg","type":"image\/jpeg"}],"twitter_card":"summary_large_image","twitter_misc":{"Est. reading time":"1 minute"},"schema":{"@context":"https:\/\/schema.org","@graph":[{"@type":"WebPage","@id":"https:\/\/www.uhrenmuseum-glashuette.com\/shop\/souvenirs\/kuehlschrankmagnet-zeittreppe\/","url":"https:\/\/www.uhrenmuseum-glashuette.com\/shop\/souvenirs\/kuehlschrankmagnet-zeittreppe\/","name":"K\u00fchlschrankmagnet Zeittreppe | Deutsches Uhrenmuseum Glashuette","isPartOf":{"@id":"https:\/\/www.uhrenmuseum-glashuette.com\/#website"},"primaryImageOfPage":{"@id":"https:\/\/www.uhrenmuseum-glashuette.com\/shop\/souvenirs\/kuehlschrankmagnet-zeittreppe\/#primaryimage"},"image":{"@id":"https:\/\/www.uhrenmuseum-glashuette.com\/shop\/souvenirs\/kuehlschrankmagnet-zeittreppe\/#primaryimage"},"thumbnailUrl":"https:\/\/www.uhrenmuseum-glashuette.com\/wp-content\/uploads\/2023\/06\/Magnet_Zeittreppe_neu-1.jpg","datePublished":"2023-06-12T09:34:25+00:00","dateModified":"2025-01-03T08:55:38+00:00","breadcrumb":{"@id":"https:\/\/www.uhrenmuseum-glashuette.com\/shop\/souvenirs\/kuehlschrankmagnet-zeittreppe\/#breadcrumb"},"inLanguage":"en-US","potentialAction":[{"@type":"ReadAction","target":["https:\/\/www.uhrenmuseum-glashuette.com\/shop\/souvenirs\/kuehlschrankmagnet-zeittreppe\/"]}]},{"@type":"ImageObject","inLanguage":"en-US","@id":"https:\/\/www.uhrenmuseum-glashuette.com\/shop\/souvenirs\/kuehlschrankmagnet-zeittreppe\/#primaryimage","url":"https:\/\/www.uhrenmuseum-glashuette.com\/wp-content\/uploads\/2023\/06\/Magnet_Zeittreppe_neu-1.jpg","contentUrl":"https:\/\/www.uhrenmuseum-glashuette.com\/wp-content\/uploads\/2023\/06\/Magnet_Zeittreppe_neu-1.jpg","width":2021,"height":1281},{"@type":"BreadcrumbList","@id":"https:\/\/www.uhrenmuseum-glashuette.com\/shop\/souvenirs\/kuehlschrankmagnet-zeittreppe\/#breadcrumb","itemListElement":[{"@type":"ListItem","position":1,"name":"Startseite","item":"https:\/\/www.uhrenmuseum-glashuette.com\/en\/"},{"@type":"ListItem","position":2,"name":"Online Shop","item":"https:\/\/www.uhrenmuseum-glashuette.com\/online-shop\/"},{"@type":"ListItem","position":3,"name":"K\u00fchlschrankmagnet Zeittreppe"}]},{"@type":"WebSite","@id":"https:\/\/www.uhrenmuseum-glashuette.com\/#website","url":"https:\/\/www.uhrenmuseum-glashuette.com\/","name":"Deutsches Uhrenmuseum Glashuette","description":"","publisher":{"@id":"https:\/\/www.uhrenmuseum-glashuette.com\/#organization"},"potentialAction":[{"@type":"SearchAction","target":{"@type":"EntryPoint","urlTemplate":"https:\/\/www.uhrenmuseum-glashuette.com\/?s={search_term_string}"},"query-input":{"@type":"PropertyValueSpecification","valueRequired":true,"valueName":"search_term_string"}}],"inLanguage":"en-US"},{"@type":"Organization","@id":"https:\/\/www.uhrenmuseum-glashuette.com\/#organization","name":"Stiftung \"Deutsches Uhrenmuseum Glash\u00fctte \u2013 Nicolas G. Hayek\"","alternateName":"Uhrenmuseum Glash\u00fctte","url":"https:\/\/www.uhrenmuseum-glashuette.com\/","logo":{"@type":"ImageObject","inLanguage":"en-US","@id":"https:\/\/www.uhrenmuseum-glashuette.com\/#\/schema\/logo\/image\/","url":"https:\/\/www.uhrenmuseum-glashuette.com\/wp-content\/uploads\/2020\/01\/cropped-StiftungDeutschesUhrenmuseumGlashuette-Web-Icon_.png","contentUrl":"https:\/\/www.uhrenmuseum-glashuette.com\/wp-content\/uploads\/2020\/01\/cropped-StiftungDeutschesUhrenmuseumGlashuette-Web-Icon_.png","width":512,"height":512,"caption":"Stiftung \"Deutsches Uhrenmuseum Glash\u00fctte \u2013 Nicolas G. Hayek\""},"image":{"@id":"https:\/\/www.uhrenmuseum-glashuette.com\/#\/schema\/logo\/image\/"}}]}},"_links":{"self":[{"href":"https:\/\/www.uhrenmuseum-glashuette.com\/en\/wp-json\/wp\/v2\/product\/8682","targetHints":{"allow":["GET"]}}],"collection":[{"href":"https:\/\/www.uhrenmuseum-glashuette.com\/en\/wp-json\/wp\/v2\/product"}],"about":[{"href":"https:\/\/www.uhrenmuseum-glashuette.com\/en\/wp-json\/wp\/v2\/types\/product"}],"wp:featuredmedia":[{"embeddable":true,"href":"https:\/\/www.uhrenmuseum-glashuette.com\/en\/wp-json\/wp\/v2\/media\/8686"}],"wp:attachment":[{"href":"https:\/\/www.uhrenmuseum-glashuette.com\/en\/wp-json\/wp\/v2\/media?parent=8682"}],"wp:term":[{"taxonomy":"product_brand","embeddable":true,"href":"https:\/\/www.uhrenmuseum-glashuette.com\/en\/wp-json\/wp\/v2\/product_brand?post=8682"},{"taxonomy":"product_cat","embeddable":true,"href":"https:\/\/www.uhrenmuseum-glashuette.com\/en\/wp-json\/wp\/v2\/product_cat?post=8682"},{"taxonomy":"product_tag","embeddable":true,"href":"https:\/\/www.uhrenmuseum-glashuette.com\/en\/wp-json\/wp\/v2\/product_tag?post=8682"}],"curies":[{"name":"wp","href":"https:\/\/api.w.org\/{rel}","templated":true}]}}