{"id":7385,"date":"2023-03-08T10:50:27","date_gmt":"2023-03-08T09:50:27","guid":{"rendered":"https:\/\/www.uhrenmuseum-glashuette.com\/?post_type=product&#038;p=7385"},"modified":"2023-03-08T12:01:43","modified_gmt":"2023-03-08T11:01:43","slug":"glasflasche-mit-neoprenhuelle","status":"publish","type":"product","link":"https:\/\/www.uhrenmuseum-glashuette.com\/en\/shop\/souvenirs\/glasflasche-mit-neoprenhuelle\/","title":{"rendered":"Glasflasche mit Neoprenh\u00fclle"},"content":{"rendered":"<p><span style=\"font-weight: 400;\">Nachhaltiger Genuss f\u00fcr unterwegs<\/span><\/p>\n<p><span style=\"font-weight: 400;\">Die zeitlosen Glasflaschen sind das perfekte Erinnerungsst\u00fcck oder die besondere Kleinigkeit aus dem Deutschen Uhrenmuseum Glash\u00fctte. Mit der praktischen Neopren-Trageh\u00fclle und 550 ml Fassungsverm\u00f6gen erwerben Sie den idealen Begleiter f\u00fcr unterwegs. Die Glasflaschen sind geeignet f\u00fcr Getr\u00e4nke mit Kohlens\u00e4ure, sind k\u00e4lte- und hitzebest\u00e4ndig von <\/span>-20\u00b0 bis +120\u00b0 Grad sowie sp\u00fclmaschinenfest.<\/p>\n<table style=\"border-collapse: collapse; width: 100%; height: 196px;\">\n<tbody>\n<tr style=\"height: 28px;\">\n<td style=\"width: 50%; height: 28px;\">Ausf\u00fchrung:<\/td>\n<td style=\"width: 50%; height: 28px;\"><strong>Glasflasche mit Neoprenh\u00fclle von Spottle<\/strong><\/td>\n<\/tr>\n<tr style=\"height: 28px;\">\n<td style=\"width: 50%; height: 28px;\"><span style=\"font-weight: 400;\">Aufdruck<\/span>:<\/td>\n<td style=\"width: 50%; height: 28px;\"><strong>Logo Deutsches Uhrenmuseum Glash\u00fctte + Zeitfacette<\/strong><\/td>\n<\/tr>\n<tr style=\"height: 28px;\">\n<td style=\"width: 50%; height: 28px;\">H\u00f6he:<\/td>\n<td style=\"width: 50%; height: 28px;\"><strong>24,5 cm, Durchmesser Gesamt 7 cm, Durchmesser Flaschen\u00f6ffnung 2,9cm<\/strong><\/td>\n<\/tr>\n<tr style=\"height: 28px;\">\n<td style=\"width: 50%; height: 28px;\"><span style=\"font-weight: 400;\">Gewicht<\/span>:<\/td>\n<td style=\"width: 50%; height: 28px;\"><strong>420 Gramm<\/strong><\/td>\n<\/tr>\n<tr style=\"height: 28px;\">\n<td style=\"width: 50%; height: 28px;\"><span style=\"font-weight: 400;\">Ausstattung<\/span>:<\/td>\n<td style=\"width: 50%; height: 28px;\"><strong>Glasflasche mit 550 ml Fassungsverm\u00f6gen und verst\u00e4rktem Glasboden, Schutzh\u00fclle mit Trageschlaufe aus umweltfreundlichem Neopren, Deckel aus rostfreiem Edelstahl mit Gravur, Umverpackung aus Karton<\/strong><\/td>\n<\/tr>\n<tr style=\"height: 28px;\">\n<td style=\"width: 50%; height: 28px;\"><span style=\"font-weight: 400;\">Artikelnummer<\/span>:<\/td>\n<td style=\"width: 50%; height: 28px;\"><b>70021<\/b><\/td>\n<\/tr>\n<\/tbody>\n<\/table>\n","protected":false},"excerpt":{"rendered":"<p>Nachhaltiger Genuss f\u00fcr unterwegs Die zeitlosen Glasflaschen sind das perfekte Erinnerungsst\u00fcck oder die besondere Kleinigkeit aus dem Deutschen Uhrenmuseum Glash\u00fctte. Mit der praktischen Neopren-Trageh\u00fclle und 550 ml Fassungsverm\u00f6gen erwerben Sie den idealen Begleiter f\u00fcr unterwegs. Die Glasflaschen sind geeignet f\u00fcr Getr\u00e4nke mit Kohlens\u00e4ure, sind k\u00e4lte- und hitzebest\u00e4ndig von -20\u00b0 bis +120\u00b0 Grad sowie sp\u00fclmaschinenfest. Ausf\u00fchrung:&#8230;<\/p>\n","protected":false},"featured_media":7396,"template":"","meta":{"_acf_changed":false,"_monsterinsights_skip_tracking":false,"_monsterinsights_sitenote_active":false,"_monsterinsights_sitenote_note":"","_monsterinsights_sitenote_category":0},"product_brand":[],"product_cat":[21],"product_tag":[],"class_list":{"0":"post-7385","1":"product","2":"type-product","3":"status-publish","4":"has-post-thumbnail","6":"product_cat-souvenirs","8":"first","9":"instock","10":"taxable","11":"shipping-taxable","12":"purchasable","13":"product-type-simple"},"acf":[],"yoast_head":"<!-- This site is optimized with the Yoast SEO plugin v24.3 - https:\/\/yoast.com\/wordpress\/plugins\/seo\/ -->\n<title>Glasflasche mit Neoprenh\u00fclle | Deutsches Uhrenmuseum Glashuette<\/title>\n<meta name=\"robots\" content=\"index, follow, max-snippet:-1, max-image-preview:large, max-video-preview:-1\" \/>\n<link rel=\"canonical\" href=\"https:\/\/www.uhrenmuseum-glashuette.com\/shop\/souvenirs\/glasflasche-mit-neoprenhuelle\/\" \/>\n<meta property=\"og:locale\" content=\"en_US\" \/>\n<meta property=\"og:type\" content=\"article\" \/>\n<meta property=\"og:title\" content=\"Glasflasche mit Neoprenh\u00fclle | Deutsches Uhrenmuseum Glashuette\" \/>\n<meta property=\"og:description\" content=\"Nachhaltiger Genuss f\u00fcr unterwegs Die zeitlosen Glasflaschen sind das perfekte Erinnerungsst\u00fcck oder die besondere Kleinigkeit aus dem Deutschen Uhrenmuseum Glash\u00fctte. Mit der praktischen Neopren-Trageh\u00fclle und 550 ml Fassungsverm\u00f6gen erwerben Sie den idealen Begleiter f\u00fcr unterwegs. Die Glasflaschen sind geeignet f\u00fcr Getr\u00e4nke mit Kohlens\u00e4ure, sind k\u00e4lte- und hitzebest\u00e4ndig von -20\u00b0 bis +120\u00b0 Grad sowie sp\u00fclmaschinenfest. Ausf\u00fchrung:...\" \/>\n<meta property=\"og:url\" content=\"https:\/\/www.uhrenmuseum-glashuette.com\/shop\/souvenirs\/glasflasche-mit-neoprenhuelle\/\" \/>\n<meta property=\"og:site_name\" content=\"Deutsches Uhrenmuseum Glashuette\" \/>\n<meta property=\"article:modified_time\" content=\"2023-03-08T11:01:43+00:00\" \/>\n<meta property=\"og:image\" content=\"https:\/\/www.uhrenmuseum-glashuette.com\/wp-content\/uploads\/2023\/03\/DSC00637.jpg\" \/>\n\t<meta property=\"og:image:width\" content=\"1920\" \/>\n\t<meta property=\"og:image:height\" content=\"1305\" \/>\n\t<meta property=\"og:image:type\" content=\"image\/jpeg\" \/>\n<meta name=\"twitter:card\" content=\"summary_large_image\" \/>\n<meta name=\"twitter:label1\" content=\"Est. reading time\" \/>\n\t<meta name=\"twitter:data1\" content=\"1 minute\" \/>\n<script type=\"application\/ld+json\" class=\"yoast-schema-graph\">{\"@context\":\"https:\/\/schema.org\",\"@graph\":[{\"@type\":\"WebPage\",\"@id\":\"https:\/\/www.uhrenmuseum-glashuette.com\/shop\/souvenirs\/glasflasche-mit-neoprenhuelle\/\",\"url\":\"https:\/\/www.uhrenmuseum-glashuette.com\/shop\/souvenirs\/glasflasche-mit-neoprenhuelle\/\",\"name\":\"Glasflasche mit Neoprenh\u00fclle | Deutsches Uhrenmuseum Glashuette\",\"isPartOf\":{\"@id\":\"https:\/\/www.uhrenmuseum-glashuette.com\/#website\"},\"primaryImageOfPage\":{\"@id\":\"https:\/\/www.uhrenmuseum-glashuette.com\/shop\/souvenirs\/glasflasche-mit-neoprenhuelle\/#primaryimage\"},\"image\":{\"@id\":\"https:\/\/www.uhrenmuseum-glashuette.com\/shop\/souvenirs\/glasflasche-mit-neoprenhuelle\/#primaryimage\"},\"thumbnailUrl\":\"https:\/\/www.uhrenmuseum-glashuette.com\/wp-content\/uploads\/2023\/03\/DSC00637.jpg\",\"datePublished\":\"2023-03-08T09:50:27+00:00\",\"dateModified\":\"2023-03-08T11:01:43+00:00\",\"breadcrumb\":{\"@id\":\"https:\/\/www.uhrenmuseum-glashuette.com\/shop\/souvenirs\/glasflasche-mit-neoprenhuelle\/#breadcrumb\"},\"inLanguage\":\"en-US\",\"potentialAction\":[{\"@type\":\"ReadAction\",\"target\":[\"https:\/\/www.uhrenmuseum-glashuette.com\/shop\/souvenirs\/glasflasche-mit-neoprenhuelle\/\"]}]},{\"@type\":\"ImageObject\",\"inLanguage\":\"en-US\",\"@id\":\"https:\/\/www.uhrenmuseum-glashuette.com\/shop\/souvenirs\/glasflasche-mit-neoprenhuelle\/#primaryimage\",\"url\":\"https:\/\/www.uhrenmuseum-glashuette.com\/wp-content\/uploads\/2023\/03\/DSC00637.jpg\",\"contentUrl\":\"https:\/\/www.uhrenmuseum-glashuette.com\/wp-content\/uploads\/2023\/03\/DSC00637.jpg\",\"width\":1920,\"height\":1305,\"caption\":\"Glasflasche mit Neoprenh\u00fclle\"},{\"@type\":\"BreadcrumbList\",\"@id\":\"https:\/\/www.uhrenmuseum-glashuette.com\/shop\/souvenirs\/glasflasche-mit-neoprenhuelle\/#breadcrumb\",\"itemListElement\":[{\"@type\":\"ListItem\",\"position\":1,\"name\":\"Startseite\",\"item\":\"https:\/\/www.uhrenmuseum-glashuette.com\/en\/\"},{\"@type\":\"ListItem\",\"position\":2,\"name\":\"Online Shop\",\"item\":\"https:\/\/www.uhrenmuseum-glashuette.com\/online-shop\/\"},{\"@type\":\"ListItem\",\"position\":3,\"name\":\"Glasflasche mit Neoprenh\u00fclle\"}]},{\"@type\":\"WebSite\",\"@id\":\"https:\/\/www.uhrenmuseum-glashuette.com\/#website\",\"url\":\"https:\/\/www.uhrenmuseum-glashuette.com\/\",\"name\":\"Deutsches Uhrenmuseum Glashuette\",\"description\":\"\",\"publisher\":{\"@id\":\"https:\/\/www.uhrenmuseum-glashuette.com\/#organization\"},\"potentialAction\":[{\"@type\":\"SearchAction\",\"target\":{\"@type\":\"EntryPoint\",\"urlTemplate\":\"https:\/\/www.uhrenmuseum-glashuette.com\/?s={search_term_string}\"},\"query-input\":{\"@type\":\"PropertyValueSpecification\",\"valueRequired\":true,\"valueName\":\"search_term_string\"}}],\"inLanguage\":\"en-US\"},{\"@type\":\"Organization\",\"@id\":\"https:\/\/www.uhrenmuseum-glashuette.com\/#organization\",\"name\":\"Stiftung \\\"Deutsches Uhrenmuseum Glash\u00fctte \u2013 Nicolas G. Hayek\\\"\",\"alternateName\":\"Uhrenmuseum Glash\u00fctte\",\"url\":\"https:\/\/www.uhrenmuseum-glashuette.com\/\",\"logo\":{\"@type\":\"ImageObject\",\"inLanguage\":\"en-US\",\"@id\":\"https:\/\/www.uhrenmuseum-glashuette.com\/#\/schema\/logo\/image\/\",\"url\":\"https:\/\/www.uhrenmuseum-glashuette.com\/wp-content\/uploads\/2020\/01\/cropped-StiftungDeutschesUhrenmuseumGlashuette-Web-Icon_.png\",\"contentUrl\":\"https:\/\/www.uhrenmuseum-glashuette.com\/wp-content\/uploads\/2020\/01\/cropped-StiftungDeutschesUhrenmuseumGlashuette-Web-Icon_.png\",\"width\":512,\"height\":512,\"caption\":\"Stiftung \\\"Deutsches Uhrenmuseum Glash\u00fctte \u2013 Nicolas G. Hayek\\\"\"},\"image\":{\"@id\":\"https:\/\/www.uhrenmuseum-glashuette.com\/#\/schema\/logo\/image\/\"}}]}<\/script>\n<!-- \/ Yoast SEO plugin. -->","yoast_head_json":{"title":"Glasflasche mit Neoprenh\u00fclle | Deutsches Uhrenmuseum Glashuette","robots":{"index":"index","follow":"follow","max-snippet":"max-snippet:-1","max-image-preview":"max-image-preview:large","max-video-preview":"max-video-preview:-1"},"canonical":"https:\/\/www.uhrenmuseum-glashuette.com\/shop\/souvenirs\/glasflasche-mit-neoprenhuelle\/","og_locale":"en_US","og_type":"article","og_title":"Glasflasche mit Neoprenh\u00fclle | Deutsches Uhrenmuseum Glashuette","og_description":"Nachhaltiger Genuss f\u00fcr unterwegs Die zeitlosen Glasflaschen sind das perfekte Erinnerungsst\u00fcck oder die besondere Kleinigkeit aus dem Deutschen Uhrenmuseum Glash\u00fctte. Mit der praktischen Neopren-Trageh\u00fclle und 550 ml Fassungsverm\u00f6gen erwerben Sie den idealen Begleiter f\u00fcr unterwegs. Die Glasflaschen sind geeignet f\u00fcr Getr\u00e4nke mit Kohlens\u00e4ure, sind k\u00e4lte- und hitzebest\u00e4ndig von -20\u00b0 bis +120\u00b0 Grad sowie sp\u00fclmaschinenfest. Ausf\u00fchrung:...","og_url":"https:\/\/www.uhrenmuseum-glashuette.com\/shop\/souvenirs\/glasflasche-mit-neoprenhuelle\/","og_site_name":"Deutsches Uhrenmuseum Glashuette","article_modified_time":"2023-03-08T11:01:43+00:00","og_image":[{"width":1920,"height":1305,"url":"https:\/\/www.uhrenmuseum-glashuette.com\/wp-content\/uploads\/2023\/03\/DSC00637.jpg","type":"image\/jpeg"}],"twitter_card":"summary_large_image","twitter_misc":{"Est. reading time":"1 minute"},"schema":{"@context":"https:\/\/schema.org","@graph":[{"@type":"WebPage","@id":"https:\/\/www.uhrenmuseum-glashuette.com\/shop\/souvenirs\/glasflasche-mit-neoprenhuelle\/","url":"https:\/\/www.uhrenmuseum-glashuette.com\/shop\/souvenirs\/glasflasche-mit-neoprenhuelle\/","name":"Glasflasche mit Neoprenh\u00fclle | Deutsches Uhrenmuseum Glashuette","isPartOf":{"@id":"https:\/\/www.uhrenmuseum-glashuette.com\/#website"},"primaryImageOfPage":{"@id":"https:\/\/www.uhrenmuseum-glashuette.com\/shop\/souvenirs\/glasflasche-mit-neoprenhuelle\/#primaryimage"},"image":{"@id":"https:\/\/www.uhrenmuseum-glashuette.com\/shop\/souvenirs\/glasflasche-mit-neoprenhuelle\/#primaryimage"},"thumbnailUrl":"https:\/\/www.uhrenmuseum-glashuette.com\/wp-content\/uploads\/2023\/03\/DSC00637.jpg","datePublished":"2023-03-08T09:50:27+00:00","dateModified":"2023-03-08T11:01:43+00:00","breadcrumb":{"@id":"https:\/\/www.uhrenmuseum-glashuette.com\/shop\/souvenirs\/glasflasche-mit-neoprenhuelle\/#breadcrumb"},"inLanguage":"en-US","potentialAction":[{"@type":"ReadAction","target":["https:\/\/www.uhrenmuseum-glashuette.com\/shop\/souvenirs\/glasflasche-mit-neoprenhuelle\/"]}]},{"@type":"ImageObject","inLanguage":"en-US","@id":"https:\/\/www.uhrenmuseum-glashuette.com\/shop\/souvenirs\/glasflasche-mit-neoprenhuelle\/#primaryimage","url":"https:\/\/www.uhrenmuseum-glashuette.com\/wp-content\/uploads\/2023\/03\/DSC00637.jpg","contentUrl":"https:\/\/www.uhrenmuseum-glashuette.com\/wp-content\/uploads\/2023\/03\/DSC00637.jpg","width":1920,"height":1305,"caption":"Glasflasche mit Neoprenh\u00fclle"},{"@type":"BreadcrumbList","@id":"https:\/\/www.uhrenmuseum-glashuette.com\/shop\/souvenirs\/glasflasche-mit-neoprenhuelle\/#breadcrumb","itemListElement":[{"@type":"ListItem","position":1,"name":"Startseite","item":"https:\/\/www.uhrenmuseum-glashuette.com\/en\/"},{"@type":"ListItem","position":2,"name":"Online Shop","item":"https:\/\/www.uhrenmuseum-glashuette.com\/online-shop\/"},{"@type":"ListItem","position":3,"name":"Glasflasche mit Neoprenh\u00fclle"}]},{"@type":"WebSite","@id":"https:\/\/www.uhrenmuseum-glashuette.com\/#website","url":"https:\/\/www.uhrenmuseum-glashuette.com\/","name":"Deutsches Uhrenmuseum Glashuette","description":"","publisher":{"@id":"https:\/\/www.uhrenmuseum-glashuette.com\/#organization"},"potentialAction":[{"@type":"SearchAction","target":{"@type":"EntryPoint","urlTemplate":"https:\/\/www.uhrenmuseum-glashuette.com\/?s={search_term_string}"},"query-input":{"@type":"PropertyValueSpecification","valueRequired":true,"valueName":"search_term_string"}}],"inLanguage":"en-US"},{"@type":"Organization","@id":"https:\/\/www.uhrenmuseum-glashuette.com\/#organization","name":"Stiftung \"Deutsches Uhrenmuseum Glash\u00fctte \u2013 Nicolas G. Hayek\"","alternateName":"Uhrenmuseum Glash\u00fctte","url":"https:\/\/www.uhrenmuseum-glashuette.com\/","logo":{"@type":"ImageObject","inLanguage":"en-US","@id":"https:\/\/www.uhrenmuseum-glashuette.com\/#\/schema\/logo\/image\/","url":"https:\/\/www.uhrenmuseum-glashuette.com\/wp-content\/uploads\/2020\/01\/cropped-StiftungDeutschesUhrenmuseumGlashuette-Web-Icon_.png","contentUrl":"https:\/\/www.uhrenmuseum-glashuette.com\/wp-content\/uploads\/2020\/01\/cropped-StiftungDeutschesUhrenmuseumGlashuette-Web-Icon_.png","width":512,"height":512,"caption":"Stiftung \"Deutsches Uhrenmuseum Glash\u00fctte \u2013 Nicolas G. Hayek\""},"image":{"@id":"https:\/\/www.uhrenmuseum-glashuette.com\/#\/schema\/logo\/image\/"}}]}},"_links":{"self":[{"href":"https:\/\/www.uhrenmuseum-glashuette.com\/en\/wp-json\/wp\/v2\/product\/7385","targetHints":{"allow":["GET"]}}],"collection":[{"href":"https:\/\/www.uhrenmuseum-glashuette.com\/en\/wp-json\/wp\/v2\/product"}],"about":[{"href":"https:\/\/www.uhrenmuseum-glashuette.com\/en\/wp-json\/wp\/v2\/types\/product"}],"wp:featuredmedia":[{"embeddable":true,"href":"https:\/\/www.uhrenmuseum-glashuette.com\/en\/wp-json\/wp\/v2\/media\/7396"}],"wp:attachment":[{"href":"https:\/\/www.uhrenmuseum-glashuette.com\/en\/wp-json\/wp\/v2\/media?parent=7385"}],"wp:term":[{"taxonomy":"product_brand","embeddable":true,"href":"https:\/\/www.uhrenmuseum-glashuette.com\/en\/wp-json\/wp\/v2\/product_brand?post=7385"},{"taxonomy":"product_cat","embeddable":true,"href":"https:\/\/www.uhrenmuseum-glashuette.com\/en\/wp-json\/wp\/v2\/product_cat?post=7385"},{"taxonomy":"product_tag","embeddable":true,"href":"https:\/\/www.uhrenmuseum-glashuette.com\/en\/wp-json\/wp\/v2\/product_tag?post=7385"}],"curies":[{"name":"wp","href":"https:\/\/api.w.org\/{rel}","templated":true}]}}