{"id":7068,"date":"2022-11-18T15:04:32","date_gmt":"2022-11-18T14:04:32","guid":{"rendered":"https:\/\/www.uhrenmuseum-glashuette.com\/?post_type=product&#038;p=7068"},"modified":"2022-11-18T16:00:43","modified_gmt":"2022-11-18T15:00:43","slug":"fueller-museum","status":"publish","type":"product","link":"https:\/\/www.uhrenmuseum-glashuette.com\/en\/shop\/uhrmacher-liebhaber\/fueller-museum\/","title":{"rendered":"F\u00fcller Museum"},"content":{"rendered":"<p><span style=\"font-weight: 400;\">Uhren und edle Schreibger\u00e4te verbinden meisterliche Handwerkskunst.<\/span><\/p>\n<p><span style=\"font-weight: 400;\">Wenn Sie sich Zeit und Mu\u00dfe f\u00fcrs Schreiben nehmen wollen, ist unser F\u00fcller im Metallgeh\u00e4use mit einer Gravur des Logos vom Deutschen Uhrenmuseum Glash\u00fctte auf dem Schaft genau das Richtige. Das elegante Design sowie die hochwertige Verarbeitung vervollkommnen das stilvolle Schreiberlebnis dieses besonderen Andenkens oder au\u00dfergew\u00f6hnlichen Geschenkidee aus dem Deutschen Uhrenmuseum Glash\u00fctte.<\/span><\/p>\n<p>&nbsp;<\/p>\n<table style=\"border-collapse: collapse; width: 100%; height: 280px;\">\n<tbody>\n<tr style=\"height: 28px;\">\n<td style=\"width: 50%; height: 28px;\">Hersteller:<\/td>\n<td style=\"width: 50%; height: 28px;\"><strong>Joseph C. Lamy GmbH<\/strong><\/td>\n<\/tr>\n<tr style=\"height: 28px;\">\n<td style=\"width: 50%; height: 28px;\">Feder:<\/td>\n<td style=\"width: 50%; height: 28px;\"><strong>hochwertige Feder aus poliertem Edelstahl<\/strong><\/td>\n<\/tr>\n<tr style=\"height: 28px;\">\n<td style=\"width: 50%; height: 28px;\">Geh\u00e4use:<\/td>\n<td style=\"width: 50%; height: 28px;\"><strong>Edelstahl, mattes Lack-Finish, Griffst\u00fcck und Clip hochglanz verchromt<\/strong><\/td>\n<\/tr>\n<tr style=\"height: 28px;\">\n<td style=\"width: 50%; height: 28px;\">Gravur:<\/td>\n<td style=\"width: 50%; height: 28px;\"><strong>Deutsches Uhrenmuseum Glash\u00fctte<\/strong><\/td>\n<\/tr>\n<tr style=\"height: 28px;\">\n<td style=\"width: 50%; height: 28px;\"><span style=\"font-weight: 400;\">L\u00e4nge<\/span>:<\/td>\n<td style=\"width: 50%; height: 28px;\"><strong>140 mm<\/strong><\/td>\n<\/tr>\n<tr style=\"height: 28px;\">\n<td style=\"width: 50%; height: 28px;\"><span style=\"font-weight: 400;\">Gewicht<\/span>:<\/td>\n<td style=\"width: 50%; height: 28px;\"><strong>39 g<\/strong><\/td>\n<\/tr>\n<tr style=\"height: 28px;\">\n<td style=\"width: 50%; height: 28px;\"><span style=\"font-weight: 400;\">Durchmesser<\/span>:<\/td>\n<td style=\"width: 50%; height: 28px;\"><strong>10 mm<\/strong><\/td>\n<\/tr>\n<tr style=\"height: 28px;\">\n<td style=\"width: 50%; height: 28px;\"><span style=\"font-weight: 400;\">Ausstattung<\/span>:<\/td>\n<td style=\"width: 50%; height: 28px;\"><strong>1 Gro\u00dfraumpatrone LAMY T 10 blau, edle Verpackung vom Hersteller<\/strong><\/td>\n<\/tr>\n<tr style=\"height: 28px;\">\n<td style=\"width: 50%; height: 28px;\"><span style=\"font-weight: 400;\">Artikelnummer<\/span>:<\/td>\n<td style=\"width: 50%; height: 28px;\"><strong>70022<\/strong><\/td>\n<\/tr>\n<\/tbody>\n<\/table>\n","protected":false},"excerpt":{"rendered":"<p>Uhren und edle Schreibger\u00e4te verbinden meisterliche Handwerkskunst. Wenn Sie sich Zeit und Mu\u00dfe f\u00fcrs Schreiben nehmen wollen, ist unser F\u00fcller im Metallgeh\u00e4use mit einer Gravur des Logos vom Deutschen Uhrenmuseum Glash\u00fctte auf dem Schaft genau das Richtige. Das elegante Design sowie die hochwertige Verarbeitung vervollkommnen das stilvolle Schreiberlebnis dieses besonderen Andenkens oder au\u00dfergew\u00f6hnlichen Geschenkidee aus&#8230;<\/p>\n","protected":false},"featured_media":7080,"template":"","meta":{"_acf_changed":false,"_monsterinsights_skip_tracking":false,"_monsterinsights_sitenote_active":false,"_monsterinsights_sitenote_note":"","_monsterinsights_sitenote_category":0},"product_brand":[],"product_cat":[21,18],"product_tag":[],"class_list":{"0":"post-7068","1":"product","2":"type-product","3":"status-publish","4":"has-post-thumbnail","6":"product_cat-souvenirs","7":"product_cat-uhrmacher-liebhaber","9":"first","10":"instock","11":"taxable","12":"shipping-taxable","13":"purchasable","14":"product-type-simple"},"acf":[],"yoast_head":"<!-- This site is optimized with the Yoast SEO plugin v24.3 - https:\/\/yoast.com\/wordpress\/plugins\/seo\/ -->\n<title>F\u00fcller Museum | Deutsches Uhrenmuseum Glashuette<\/title>\n<meta name=\"robots\" content=\"index, follow, max-snippet:-1, max-image-preview:large, max-video-preview:-1\" \/>\n<link rel=\"canonical\" href=\"https:\/\/www.uhrenmuseum-glashuette.com\/shop\/uhrmacher-liebhaber\/fueller-museum\/\" \/>\n<meta property=\"og:locale\" content=\"en_US\" \/>\n<meta property=\"og:type\" content=\"article\" \/>\n<meta property=\"og:title\" content=\"F\u00fcller Museum | Deutsches Uhrenmuseum Glashuette\" \/>\n<meta property=\"og:description\" content=\"Uhren und edle Schreibger\u00e4te verbinden meisterliche Handwerkskunst. Wenn Sie sich Zeit und Mu\u00dfe f\u00fcrs Schreiben nehmen wollen, ist unser F\u00fcller im Metallgeh\u00e4use mit einer Gravur des Logos vom Deutschen Uhrenmuseum Glash\u00fctte auf dem Schaft genau das Richtige. Das elegante Design sowie die hochwertige Verarbeitung vervollkommnen das stilvolle Schreiberlebnis dieses besonderen Andenkens oder au\u00dfergew\u00f6hnlichen Geschenkidee aus...\" \/>\n<meta property=\"og:url\" content=\"https:\/\/www.uhrenmuseum-glashuette.com\/shop\/uhrmacher-liebhaber\/fueller-museum\/\" \/>\n<meta property=\"og:site_name\" content=\"Deutsches Uhrenmuseum Glashuette\" \/>\n<meta property=\"article:modified_time\" content=\"2022-11-18T15:00:43+00:00\" \/>\n<meta property=\"og:image\" content=\"https:\/\/www.uhrenmuseum-glashuette.com\/wp-content\/uploads\/2022\/11\/F\u00fcller_Lamy_3-1.jpg\" \/>\n\t<meta property=\"og:image:width\" content=\"1920\" \/>\n\t<meta property=\"og:image:height\" content=\"1340\" \/>\n\t<meta property=\"og:image:type\" content=\"image\/jpeg\" \/>\n<meta name=\"twitter:card\" content=\"summary_large_image\" \/>\n<meta name=\"twitter:label1\" content=\"Est. reading time\" \/>\n\t<meta name=\"twitter:data1\" content=\"1 minute\" \/>\n<script type=\"application\/ld+json\" class=\"yoast-schema-graph\">{\"@context\":\"https:\/\/schema.org\",\"@graph\":[{\"@type\":\"WebPage\",\"@id\":\"https:\/\/www.uhrenmuseum-glashuette.com\/shop\/uhrmacher-liebhaber\/fueller-museum\/\",\"url\":\"https:\/\/www.uhrenmuseum-glashuette.com\/shop\/uhrmacher-liebhaber\/fueller-museum\/\",\"name\":\"F\u00fcller Museum | Deutsches Uhrenmuseum Glashuette\",\"isPartOf\":{\"@id\":\"https:\/\/www.uhrenmuseum-glashuette.com\/#website\"},\"primaryImageOfPage\":{\"@id\":\"https:\/\/www.uhrenmuseum-glashuette.com\/shop\/uhrmacher-liebhaber\/fueller-museum\/#primaryimage\"},\"image\":{\"@id\":\"https:\/\/www.uhrenmuseum-glashuette.com\/shop\/uhrmacher-liebhaber\/fueller-museum\/#primaryimage\"},\"thumbnailUrl\":\"https:\/\/www.uhrenmuseum-glashuette.com\/wp-content\/uploads\/2022\/11\/F\u00fcller_Lamy_3-1.jpg\",\"datePublished\":\"2022-11-18T14:04:32+00:00\",\"dateModified\":\"2022-11-18T15:00:43+00:00\",\"breadcrumb\":{\"@id\":\"https:\/\/www.uhrenmuseum-glashuette.com\/shop\/uhrmacher-liebhaber\/fueller-museum\/#breadcrumb\"},\"inLanguage\":\"en-US\",\"potentialAction\":[{\"@type\":\"ReadAction\",\"target\":[\"https:\/\/www.uhrenmuseum-glashuette.com\/shop\/uhrmacher-liebhaber\/fueller-museum\/\"]}]},{\"@type\":\"ImageObject\",\"inLanguage\":\"en-US\",\"@id\":\"https:\/\/www.uhrenmuseum-glashuette.com\/shop\/uhrmacher-liebhaber\/fueller-museum\/#primaryimage\",\"url\":\"https:\/\/www.uhrenmuseum-glashuette.com\/wp-content\/uploads\/2022\/11\/F\u00fcller_Lamy_3-1.jpg\",\"contentUrl\":\"https:\/\/www.uhrenmuseum-glashuette.com\/wp-content\/uploads\/2022\/11\/F\u00fcller_Lamy_3-1.jpg\",\"width\":1920,\"height\":1340},{\"@type\":\"BreadcrumbList\",\"@id\":\"https:\/\/www.uhrenmuseum-glashuette.com\/shop\/uhrmacher-liebhaber\/fueller-museum\/#breadcrumb\",\"itemListElement\":[{\"@type\":\"ListItem\",\"position\":1,\"name\":\"Startseite\",\"item\":\"https:\/\/www.uhrenmuseum-glashuette.com\/en\/\"},{\"@type\":\"ListItem\",\"position\":2,\"name\":\"Online Shop\",\"item\":\"https:\/\/www.uhrenmuseum-glashuette.com\/online-shop\/\"},{\"@type\":\"ListItem\",\"position\":3,\"name\":\"F\u00fcller Museum\"}]},{\"@type\":\"WebSite\",\"@id\":\"https:\/\/www.uhrenmuseum-glashuette.com\/#website\",\"url\":\"https:\/\/www.uhrenmuseum-glashuette.com\/\",\"name\":\"Deutsches Uhrenmuseum Glashuette\",\"description\":\"\",\"publisher\":{\"@id\":\"https:\/\/www.uhrenmuseum-glashuette.com\/#organization\"},\"potentialAction\":[{\"@type\":\"SearchAction\",\"target\":{\"@type\":\"EntryPoint\",\"urlTemplate\":\"https:\/\/www.uhrenmuseum-glashuette.com\/?s={search_term_string}\"},\"query-input\":{\"@type\":\"PropertyValueSpecification\",\"valueRequired\":true,\"valueName\":\"search_term_string\"}}],\"inLanguage\":\"en-US\"},{\"@type\":\"Organization\",\"@id\":\"https:\/\/www.uhrenmuseum-glashuette.com\/#organization\",\"name\":\"Stiftung \\\"Deutsches Uhrenmuseum Glash\u00fctte \u2013 Nicolas G. Hayek\\\"\",\"alternateName\":\"Uhrenmuseum Glash\u00fctte\",\"url\":\"https:\/\/www.uhrenmuseum-glashuette.com\/\",\"logo\":{\"@type\":\"ImageObject\",\"inLanguage\":\"en-US\",\"@id\":\"https:\/\/www.uhrenmuseum-glashuette.com\/#\/schema\/logo\/image\/\",\"url\":\"https:\/\/www.uhrenmuseum-glashuette.com\/wp-content\/uploads\/2020\/01\/cropped-StiftungDeutschesUhrenmuseumGlashuette-Web-Icon_.png\",\"contentUrl\":\"https:\/\/www.uhrenmuseum-glashuette.com\/wp-content\/uploads\/2020\/01\/cropped-StiftungDeutschesUhrenmuseumGlashuette-Web-Icon_.png\",\"width\":512,\"height\":512,\"caption\":\"Stiftung \\\"Deutsches Uhrenmuseum Glash\u00fctte \u2013 Nicolas G. Hayek\\\"\"},\"image\":{\"@id\":\"https:\/\/www.uhrenmuseum-glashuette.com\/#\/schema\/logo\/image\/\"}}]}<\/script>\n<!-- \/ Yoast SEO plugin. -->","yoast_head_json":{"title":"F\u00fcller Museum | Deutsches Uhrenmuseum Glashuette","robots":{"index":"index","follow":"follow","max-snippet":"max-snippet:-1","max-image-preview":"max-image-preview:large","max-video-preview":"max-video-preview:-1"},"canonical":"https:\/\/www.uhrenmuseum-glashuette.com\/shop\/uhrmacher-liebhaber\/fueller-museum\/","og_locale":"en_US","og_type":"article","og_title":"F\u00fcller Museum | Deutsches Uhrenmuseum Glashuette","og_description":"Uhren und edle Schreibger\u00e4te verbinden meisterliche Handwerkskunst. Wenn Sie sich Zeit und Mu\u00dfe f\u00fcrs Schreiben nehmen wollen, ist unser F\u00fcller im Metallgeh\u00e4use mit einer Gravur des Logos vom Deutschen Uhrenmuseum Glash\u00fctte auf dem Schaft genau das Richtige. Das elegante Design sowie die hochwertige Verarbeitung vervollkommnen das stilvolle Schreiberlebnis dieses besonderen Andenkens oder au\u00dfergew\u00f6hnlichen Geschenkidee aus...","og_url":"https:\/\/www.uhrenmuseum-glashuette.com\/shop\/uhrmacher-liebhaber\/fueller-museum\/","og_site_name":"Deutsches Uhrenmuseum Glashuette","article_modified_time":"2022-11-18T15:00:43+00:00","og_image":[{"width":1920,"height":1340,"url":"https:\/\/www.uhrenmuseum-glashuette.com\/wp-content\/uploads\/2022\/11\/F\u00fcller_Lamy_3-1.jpg","type":"image\/jpeg"}],"twitter_card":"summary_large_image","twitter_misc":{"Est. reading time":"1 minute"},"schema":{"@context":"https:\/\/schema.org","@graph":[{"@type":"WebPage","@id":"https:\/\/www.uhrenmuseum-glashuette.com\/shop\/uhrmacher-liebhaber\/fueller-museum\/","url":"https:\/\/www.uhrenmuseum-glashuette.com\/shop\/uhrmacher-liebhaber\/fueller-museum\/","name":"F\u00fcller Museum | Deutsches Uhrenmuseum Glashuette","isPartOf":{"@id":"https:\/\/www.uhrenmuseum-glashuette.com\/#website"},"primaryImageOfPage":{"@id":"https:\/\/www.uhrenmuseum-glashuette.com\/shop\/uhrmacher-liebhaber\/fueller-museum\/#primaryimage"},"image":{"@id":"https:\/\/www.uhrenmuseum-glashuette.com\/shop\/uhrmacher-liebhaber\/fueller-museum\/#primaryimage"},"thumbnailUrl":"https:\/\/www.uhrenmuseum-glashuette.com\/wp-content\/uploads\/2022\/11\/F\u00fcller_Lamy_3-1.jpg","datePublished":"2022-11-18T14:04:32+00:00","dateModified":"2022-11-18T15:00:43+00:00","breadcrumb":{"@id":"https:\/\/www.uhrenmuseum-glashuette.com\/shop\/uhrmacher-liebhaber\/fueller-museum\/#breadcrumb"},"inLanguage":"en-US","potentialAction":[{"@type":"ReadAction","target":["https:\/\/www.uhrenmuseum-glashuette.com\/shop\/uhrmacher-liebhaber\/fueller-museum\/"]}]},{"@type":"ImageObject","inLanguage":"en-US","@id":"https:\/\/www.uhrenmuseum-glashuette.com\/shop\/uhrmacher-liebhaber\/fueller-museum\/#primaryimage","url":"https:\/\/www.uhrenmuseum-glashuette.com\/wp-content\/uploads\/2022\/11\/F\u00fcller_Lamy_3-1.jpg","contentUrl":"https:\/\/www.uhrenmuseum-glashuette.com\/wp-content\/uploads\/2022\/11\/F\u00fcller_Lamy_3-1.jpg","width":1920,"height":1340},{"@type":"BreadcrumbList","@id":"https:\/\/www.uhrenmuseum-glashuette.com\/shop\/uhrmacher-liebhaber\/fueller-museum\/#breadcrumb","itemListElement":[{"@type":"ListItem","position":1,"name":"Startseite","item":"https:\/\/www.uhrenmuseum-glashuette.com\/en\/"},{"@type":"ListItem","position":2,"name":"Online Shop","item":"https:\/\/www.uhrenmuseum-glashuette.com\/online-shop\/"},{"@type":"ListItem","position":3,"name":"F\u00fcller Museum"}]},{"@type":"WebSite","@id":"https:\/\/www.uhrenmuseum-glashuette.com\/#website","url":"https:\/\/www.uhrenmuseum-glashuette.com\/","name":"Deutsches Uhrenmuseum Glashuette","description":"","publisher":{"@id":"https:\/\/www.uhrenmuseum-glashuette.com\/#organization"},"potentialAction":[{"@type":"SearchAction","target":{"@type":"EntryPoint","urlTemplate":"https:\/\/www.uhrenmuseum-glashuette.com\/?s={search_term_string}"},"query-input":{"@type":"PropertyValueSpecification","valueRequired":true,"valueName":"search_term_string"}}],"inLanguage":"en-US"},{"@type":"Organization","@id":"https:\/\/www.uhrenmuseum-glashuette.com\/#organization","name":"Stiftung \"Deutsches Uhrenmuseum Glash\u00fctte \u2013 Nicolas G. Hayek\"","alternateName":"Uhrenmuseum Glash\u00fctte","url":"https:\/\/www.uhrenmuseum-glashuette.com\/","logo":{"@type":"ImageObject","inLanguage":"en-US","@id":"https:\/\/www.uhrenmuseum-glashuette.com\/#\/schema\/logo\/image\/","url":"https:\/\/www.uhrenmuseum-glashuette.com\/wp-content\/uploads\/2020\/01\/cropped-StiftungDeutschesUhrenmuseumGlashuette-Web-Icon_.png","contentUrl":"https:\/\/www.uhrenmuseum-glashuette.com\/wp-content\/uploads\/2020\/01\/cropped-StiftungDeutschesUhrenmuseumGlashuette-Web-Icon_.png","width":512,"height":512,"caption":"Stiftung \"Deutsches Uhrenmuseum Glash\u00fctte \u2013 Nicolas G. Hayek\""},"image":{"@id":"https:\/\/www.uhrenmuseum-glashuette.com\/#\/schema\/logo\/image\/"}}]}},"_links":{"self":[{"href":"https:\/\/www.uhrenmuseum-glashuette.com\/en\/wp-json\/wp\/v2\/product\/7068","targetHints":{"allow":["GET"]}}],"collection":[{"href":"https:\/\/www.uhrenmuseum-glashuette.com\/en\/wp-json\/wp\/v2\/product"}],"about":[{"href":"https:\/\/www.uhrenmuseum-glashuette.com\/en\/wp-json\/wp\/v2\/types\/product"}],"wp:featuredmedia":[{"embeddable":true,"href":"https:\/\/www.uhrenmuseum-glashuette.com\/en\/wp-json\/wp\/v2\/media\/7080"}],"wp:attachment":[{"href":"https:\/\/www.uhrenmuseum-glashuette.com\/en\/wp-json\/wp\/v2\/media?parent=7068"}],"wp:term":[{"taxonomy":"product_brand","embeddable":true,"href":"https:\/\/www.uhrenmuseum-glashuette.com\/en\/wp-json\/wp\/v2\/product_brand?post=7068"},{"taxonomy":"product_cat","embeddable":true,"href":"https:\/\/www.uhrenmuseum-glashuette.com\/en\/wp-json\/wp\/v2\/product_cat?post=7068"},{"taxonomy":"product_tag","embeddable":true,"href":"https:\/\/www.uhrenmuseum-glashuette.com\/en\/wp-json\/wp\/v2\/product_tag?post=7068"}],"curies":[{"name":"wp","href":"https:\/\/api.w.org\/{rel}","templated":true}]}}