{"id":7035,"date":"2022-11-11T17:14:02","date_gmt":"2022-11-11T16:14:02","guid":{"rendered":"https:\/\/www.uhrenmuseum-glashuette.com\/?post_type=product&#038;p=7035"},"modified":"2022-11-11T17:44:41","modified_gmt":"2022-11-11T16:44:41","slug":"puzzle-500-teile-uhrmachertisch","status":"publish","type":"product","link":"https:\/\/www.uhrenmuseum-glashuette.com\/en\/shop\/uhrmacher-liebhaber\/puzzle-500-teile-uhrmachertisch\/","title":{"rendered":"Puzzle (500 Teile) Uhrmachertisch"},"content":{"rendered":"<p>Puzzle (500 Teile)<br \/>\nUhrmachertisch<\/p>\n<p><span style=\"font-weight: 400;\">F\u00fcr den Liebhaber von historischen Details: 500-teiliges Puzzle mit anspruchsvollem Motiv aus dem Deutschen Uhrenmuseum Glash\u00fctte<\/span><\/p>\n<table style=\"border-collapse: collapse; width: 100%; height: 196px;\">\n<tbody>\n<tr style=\"height: 28px;\">\n<td style=\"width: 50%; height: 28px;\"><span style=\"font-weight: 400;\">Motiv<\/span>:<\/td>\n<td style=\"width: 50%; height: 28px;\"><strong>Uhrmachertisch<\/strong><\/td>\n<\/tr>\n<tr style=\"height: 28px;\">\n<td style=\"width: 50%; height: 28px;\"><span style=\"font-weight: 400;\">Hersteller<\/span>:<\/td>\n<td style=\"width: 50%; height: 28px;\"><strong>Puzzle &amp; Play GmbH<\/strong><\/td>\n<\/tr>\n<tr style=\"height: 28px;\">\n<td style=\"width: 50%; height: 28px;\"><span style=\"font-weight: 400;\">Teile<\/span>:<\/td>\n<td style=\"width: 50%; height: 28px;\"><strong>500<br \/>\n<\/strong><\/td>\n<\/tr>\n<tr style=\"height: 28px;\">\n<td style=\"width: 50%; height: 28px;\"><span style=\"font-weight: 400;\">Material<\/span>:<\/td>\n<td style=\"width: 50%; height: 28px;\"><strong>2,25 mm Blaupappe + 120g\/m\u00b2 Chromopapier,<br \/>\nfeinleinengepr\u00e4gt<\/strong><\/td>\n<\/tr>\n<tr style=\"height: 28px;\">\n<td style=\"width: 50%; height: 28px;\"><span style=\"font-weight: 400;\">Ma\u00dfe Puzzle<\/span>:<\/td>\n<td style=\"width: 50%; height: 28px;\"><strong>480 x 360 mm<\/strong><\/td>\n<\/tr>\n<tr style=\"height: 28px;\">\n<td style=\"width: 50%; height: 28px;\"><span style=\"font-weight: 400;\">Ma\u00dfe Verpackung<\/span>:<\/td>\n<td style=\"width: 50%; height: 28px;\"><strong>336 x 233 x 36 mm, foliert <\/strong><\/td>\n<\/tr>\n<tr style=\"height: 28px;\">\n<td style=\"width: 50%; height: 28px;\"><span style=\"font-weight: 400;\">Artikelnummer<\/span>:<\/td>\n<td style=\"width: 50%; height: 28px;\"><strong>70107<\/strong><\/td>\n<\/tr>\n<\/tbody>\n<\/table>\n","protected":false},"excerpt":{"rendered":"<p>Puzzle (500 Teile) Uhrmachertisch F\u00fcr den Liebhaber von historischen Details: 500-teiliges Puzzle mit anspruchsvollem Motiv aus dem Deutschen Uhrenmuseum Glash\u00fctte Motiv: Uhrmachertisch Hersteller: Puzzle &amp; Play GmbH Teile: 500 Material: 2,25 mm Blaupappe + 120g\/m\u00b2 Chromopapier, feinleinengepr\u00e4gt Ma\u00dfe Puzzle: 480 x 360 mm Ma\u00dfe Verpackung: 336 x 233 x 36 mm, foliert Artikelnummer: 70107<\/p>\n","protected":false},"featured_media":7036,"template":"","meta":{"_acf_changed":false,"_monsterinsights_skip_tracking":false,"_monsterinsights_sitenote_active":false,"_monsterinsights_sitenote_note":"","_monsterinsights_sitenote_category":0},"product_brand":[],"product_cat":[22,21,18],"product_tag":[],"class_list":{"0":"post-7035","1":"product","2":"type-product","3":"status-publish","4":"has-post-thumbnail","6":"product_cat-kinder","7":"product_cat-souvenirs","8":"product_cat-uhrmacher-liebhaber","10":"first","11":"instock","12":"purchasable","13":"product-type-simple"},"acf":[],"yoast_head":"<!-- This site is optimized with the Yoast SEO plugin v24.3 - https:\/\/yoast.com\/wordpress\/plugins\/seo\/ -->\n<title>Puzzle (500 Teile) Uhrmachertisch | Deutsches Uhrenmuseum Glashuette<\/title>\n<meta name=\"robots\" content=\"index, follow, max-snippet:-1, max-image-preview:large, max-video-preview:-1\" \/>\n<link rel=\"canonical\" href=\"https:\/\/www.uhrenmuseum-glashuette.com\/shop\/uhrmacher-liebhaber\/puzzle-500-teile-uhrmachertisch\/\" \/>\n<meta property=\"og:locale\" content=\"en_US\" \/>\n<meta property=\"og:type\" content=\"article\" \/>\n<meta property=\"og:title\" content=\"Puzzle (500 Teile) Uhrmachertisch | Deutsches Uhrenmuseum Glashuette\" \/>\n<meta property=\"og:description\" content=\"Puzzle (500 Teile) Uhrmachertisch F\u00fcr den Liebhaber von historischen Details: 500-teiliges Puzzle mit anspruchsvollem Motiv aus dem Deutschen Uhrenmuseum Glash\u00fctte Motiv: Uhrmachertisch Hersteller: Puzzle &amp; Play GmbH Teile: 500 Material: 2,25 mm Blaupappe + 120g\/m\u00b2 Chromopapier, feinleinengepr\u00e4gt Ma\u00dfe Puzzle: 480 x 360 mm Ma\u00dfe Verpackung: 336 x 233 x 36 mm, foliert Artikelnummer: 70107\" \/>\n<meta property=\"og:url\" content=\"https:\/\/www.uhrenmuseum-glashuette.com\/shop\/uhrmacher-liebhaber\/puzzle-500-teile-uhrmachertisch\/\" \/>\n<meta property=\"og:site_name\" content=\"Deutsches Uhrenmuseum Glashuette\" \/>\n<meta property=\"article:modified_time\" content=\"2022-11-11T16:44:41+00:00\" \/>\n<meta property=\"og:image\" content=\"https:\/\/www.uhrenmuseum-glashuette.com\/wp-content\/uploads\/2022\/11\/Puzzle_Uhrmachertisch_neu.jpg\" \/>\n\t<meta property=\"og:image:width\" content=\"1922\" \/>\n\t<meta property=\"og:image:height\" content=\"1281\" \/>\n\t<meta property=\"og:image:type\" content=\"image\/jpeg\" \/>\n<meta name=\"twitter:card\" content=\"summary_large_image\" \/>\n<script type=\"application\/ld+json\" class=\"yoast-schema-graph\">{\"@context\":\"https:\/\/schema.org\",\"@graph\":[{\"@type\":\"WebPage\",\"@id\":\"https:\/\/www.uhrenmuseum-glashuette.com\/shop\/uhrmacher-liebhaber\/puzzle-500-teile-uhrmachertisch\/\",\"url\":\"https:\/\/www.uhrenmuseum-glashuette.com\/shop\/uhrmacher-liebhaber\/puzzle-500-teile-uhrmachertisch\/\",\"name\":\"Puzzle (500 Teile) Uhrmachertisch | Deutsches Uhrenmuseum Glashuette\",\"isPartOf\":{\"@id\":\"https:\/\/www.uhrenmuseum-glashuette.com\/#website\"},\"primaryImageOfPage\":{\"@id\":\"https:\/\/www.uhrenmuseum-glashuette.com\/shop\/uhrmacher-liebhaber\/puzzle-500-teile-uhrmachertisch\/#primaryimage\"},\"image\":{\"@id\":\"https:\/\/www.uhrenmuseum-glashuette.com\/shop\/uhrmacher-liebhaber\/puzzle-500-teile-uhrmachertisch\/#primaryimage\"},\"thumbnailUrl\":\"https:\/\/www.uhrenmuseum-glashuette.com\/wp-content\/uploads\/2022\/11\/Puzzle_Uhrmachertisch_neu.jpg\",\"datePublished\":\"2022-11-11T16:14:02+00:00\",\"dateModified\":\"2022-11-11T16:44:41+00:00\",\"breadcrumb\":{\"@id\":\"https:\/\/www.uhrenmuseum-glashuette.com\/shop\/uhrmacher-liebhaber\/puzzle-500-teile-uhrmachertisch\/#breadcrumb\"},\"inLanguage\":\"en-US\",\"potentialAction\":[{\"@type\":\"ReadAction\",\"target\":[\"https:\/\/www.uhrenmuseum-glashuette.com\/shop\/uhrmacher-liebhaber\/puzzle-500-teile-uhrmachertisch\/\"]}]},{\"@type\":\"ImageObject\",\"inLanguage\":\"en-US\",\"@id\":\"https:\/\/www.uhrenmuseum-glashuette.com\/shop\/uhrmacher-liebhaber\/puzzle-500-teile-uhrmachertisch\/#primaryimage\",\"url\":\"https:\/\/www.uhrenmuseum-glashuette.com\/wp-content\/uploads\/2022\/11\/Puzzle_Uhrmachertisch_neu.jpg\",\"contentUrl\":\"https:\/\/www.uhrenmuseum-glashuette.com\/wp-content\/uploads\/2022\/11\/Puzzle_Uhrmachertisch_neu.jpg\",\"width\":1922,\"height\":1281,\"caption\":\"500 Teile Uhrmachertisch\"},{\"@type\":\"BreadcrumbList\",\"@id\":\"https:\/\/www.uhrenmuseum-glashuette.com\/shop\/uhrmacher-liebhaber\/puzzle-500-teile-uhrmachertisch\/#breadcrumb\",\"itemListElement\":[{\"@type\":\"ListItem\",\"position\":1,\"name\":\"Startseite\",\"item\":\"https:\/\/www.uhrenmuseum-glashuette.com\/en\/\"},{\"@type\":\"ListItem\",\"position\":2,\"name\":\"Online Shop\",\"item\":\"https:\/\/www.uhrenmuseum-glashuette.com\/online-shop\/\"},{\"@type\":\"ListItem\",\"position\":3,\"name\":\"Puzzle (500 Teile) Uhrmachertisch\"}]},{\"@type\":\"WebSite\",\"@id\":\"https:\/\/www.uhrenmuseum-glashuette.com\/#website\",\"url\":\"https:\/\/www.uhrenmuseum-glashuette.com\/\",\"name\":\"Deutsches Uhrenmuseum Glashuette\",\"description\":\"\",\"publisher\":{\"@id\":\"https:\/\/www.uhrenmuseum-glashuette.com\/#organization\"},\"potentialAction\":[{\"@type\":\"SearchAction\",\"target\":{\"@type\":\"EntryPoint\",\"urlTemplate\":\"https:\/\/www.uhrenmuseum-glashuette.com\/?s={search_term_string}\"},\"query-input\":{\"@type\":\"PropertyValueSpecification\",\"valueRequired\":true,\"valueName\":\"search_term_string\"}}],\"inLanguage\":\"en-US\"},{\"@type\":\"Organization\",\"@id\":\"https:\/\/www.uhrenmuseum-glashuette.com\/#organization\",\"name\":\"Stiftung \\\"Deutsches Uhrenmuseum Glash\u00fctte \u2013 Nicolas G. Hayek\\\"\",\"alternateName\":\"Uhrenmuseum Glash\u00fctte\",\"url\":\"https:\/\/www.uhrenmuseum-glashuette.com\/\",\"logo\":{\"@type\":\"ImageObject\",\"inLanguage\":\"en-US\",\"@id\":\"https:\/\/www.uhrenmuseum-glashuette.com\/#\/schema\/logo\/image\/\",\"url\":\"https:\/\/www.uhrenmuseum-glashuette.com\/wp-content\/uploads\/2020\/01\/cropped-StiftungDeutschesUhrenmuseumGlashuette-Web-Icon_.png\",\"contentUrl\":\"https:\/\/www.uhrenmuseum-glashuette.com\/wp-content\/uploads\/2020\/01\/cropped-StiftungDeutschesUhrenmuseumGlashuette-Web-Icon_.png\",\"width\":512,\"height\":512,\"caption\":\"Stiftung \\\"Deutsches Uhrenmuseum Glash\u00fctte \u2013 Nicolas G. Hayek\\\"\"},\"image\":{\"@id\":\"https:\/\/www.uhrenmuseum-glashuette.com\/#\/schema\/logo\/image\/\"}}]}<\/script>\n<!-- \/ Yoast SEO plugin. -->","yoast_head_json":{"title":"Puzzle (500 Teile) Uhrmachertisch | Deutsches Uhrenmuseum Glashuette","robots":{"index":"index","follow":"follow","max-snippet":"max-snippet:-1","max-image-preview":"max-image-preview:large","max-video-preview":"max-video-preview:-1"},"canonical":"https:\/\/www.uhrenmuseum-glashuette.com\/shop\/uhrmacher-liebhaber\/puzzle-500-teile-uhrmachertisch\/","og_locale":"en_US","og_type":"article","og_title":"Puzzle (500 Teile) Uhrmachertisch | Deutsches Uhrenmuseum Glashuette","og_description":"Puzzle (500 Teile) Uhrmachertisch F\u00fcr den Liebhaber von historischen Details: 500-teiliges Puzzle mit anspruchsvollem Motiv aus dem Deutschen Uhrenmuseum Glash\u00fctte Motiv: Uhrmachertisch Hersteller: Puzzle &amp; Play GmbH Teile: 500 Material: 2,25 mm Blaupappe + 120g\/m\u00b2 Chromopapier, feinleinengepr\u00e4gt Ma\u00dfe Puzzle: 480 x 360 mm Ma\u00dfe Verpackung: 336 x 233 x 36 mm, foliert Artikelnummer: 70107","og_url":"https:\/\/www.uhrenmuseum-glashuette.com\/shop\/uhrmacher-liebhaber\/puzzle-500-teile-uhrmachertisch\/","og_site_name":"Deutsches Uhrenmuseum Glashuette","article_modified_time":"2022-11-11T16:44:41+00:00","og_image":[{"width":1922,"height":1281,"url":"https:\/\/www.uhrenmuseum-glashuette.com\/wp-content\/uploads\/2022\/11\/Puzzle_Uhrmachertisch_neu.jpg","type":"image\/jpeg"}],"twitter_card":"summary_large_image","schema":{"@context":"https:\/\/schema.org","@graph":[{"@type":"WebPage","@id":"https:\/\/www.uhrenmuseum-glashuette.com\/shop\/uhrmacher-liebhaber\/puzzle-500-teile-uhrmachertisch\/","url":"https:\/\/www.uhrenmuseum-glashuette.com\/shop\/uhrmacher-liebhaber\/puzzle-500-teile-uhrmachertisch\/","name":"Puzzle (500 Teile) Uhrmachertisch | Deutsches Uhrenmuseum Glashuette","isPartOf":{"@id":"https:\/\/www.uhrenmuseum-glashuette.com\/#website"},"primaryImageOfPage":{"@id":"https:\/\/www.uhrenmuseum-glashuette.com\/shop\/uhrmacher-liebhaber\/puzzle-500-teile-uhrmachertisch\/#primaryimage"},"image":{"@id":"https:\/\/www.uhrenmuseum-glashuette.com\/shop\/uhrmacher-liebhaber\/puzzle-500-teile-uhrmachertisch\/#primaryimage"},"thumbnailUrl":"https:\/\/www.uhrenmuseum-glashuette.com\/wp-content\/uploads\/2022\/11\/Puzzle_Uhrmachertisch_neu.jpg","datePublished":"2022-11-11T16:14:02+00:00","dateModified":"2022-11-11T16:44:41+00:00","breadcrumb":{"@id":"https:\/\/www.uhrenmuseum-glashuette.com\/shop\/uhrmacher-liebhaber\/puzzle-500-teile-uhrmachertisch\/#breadcrumb"},"inLanguage":"en-US","potentialAction":[{"@type":"ReadAction","target":["https:\/\/www.uhrenmuseum-glashuette.com\/shop\/uhrmacher-liebhaber\/puzzle-500-teile-uhrmachertisch\/"]}]},{"@type":"ImageObject","inLanguage":"en-US","@id":"https:\/\/www.uhrenmuseum-glashuette.com\/shop\/uhrmacher-liebhaber\/puzzle-500-teile-uhrmachertisch\/#primaryimage","url":"https:\/\/www.uhrenmuseum-glashuette.com\/wp-content\/uploads\/2022\/11\/Puzzle_Uhrmachertisch_neu.jpg","contentUrl":"https:\/\/www.uhrenmuseum-glashuette.com\/wp-content\/uploads\/2022\/11\/Puzzle_Uhrmachertisch_neu.jpg","width":1922,"height":1281,"caption":"500 Teile Uhrmachertisch"},{"@type":"BreadcrumbList","@id":"https:\/\/www.uhrenmuseum-glashuette.com\/shop\/uhrmacher-liebhaber\/puzzle-500-teile-uhrmachertisch\/#breadcrumb","itemListElement":[{"@type":"ListItem","position":1,"name":"Startseite","item":"https:\/\/www.uhrenmuseum-glashuette.com\/en\/"},{"@type":"ListItem","position":2,"name":"Online Shop","item":"https:\/\/www.uhrenmuseum-glashuette.com\/online-shop\/"},{"@type":"ListItem","position":3,"name":"Puzzle (500 Teile) Uhrmachertisch"}]},{"@type":"WebSite","@id":"https:\/\/www.uhrenmuseum-glashuette.com\/#website","url":"https:\/\/www.uhrenmuseum-glashuette.com\/","name":"Deutsches Uhrenmuseum Glashuette","description":"","publisher":{"@id":"https:\/\/www.uhrenmuseum-glashuette.com\/#organization"},"potentialAction":[{"@type":"SearchAction","target":{"@type":"EntryPoint","urlTemplate":"https:\/\/www.uhrenmuseum-glashuette.com\/?s={search_term_string}"},"query-input":{"@type":"PropertyValueSpecification","valueRequired":true,"valueName":"search_term_string"}}],"inLanguage":"en-US"},{"@type":"Organization","@id":"https:\/\/www.uhrenmuseum-glashuette.com\/#organization","name":"Stiftung \"Deutsches Uhrenmuseum Glash\u00fctte \u2013 Nicolas G. Hayek\"","alternateName":"Uhrenmuseum Glash\u00fctte","url":"https:\/\/www.uhrenmuseum-glashuette.com\/","logo":{"@type":"ImageObject","inLanguage":"en-US","@id":"https:\/\/www.uhrenmuseum-glashuette.com\/#\/schema\/logo\/image\/","url":"https:\/\/www.uhrenmuseum-glashuette.com\/wp-content\/uploads\/2020\/01\/cropped-StiftungDeutschesUhrenmuseumGlashuette-Web-Icon_.png","contentUrl":"https:\/\/www.uhrenmuseum-glashuette.com\/wp-content\/uploads\/2020\/01\/cropped-StiftungDeutschesUhrenmuseumGlashuette-Web-Icon_.png","width":512,"height":512,"caption":"Stiftung \"Deutsches Uhrenmuseum Glash\u00fctte \u2013 Nicolas G. Hayek\""},"image":{"@id":"https:\/\/www.uhrenmuseum-glashuette.com\/#\/schema\/logo\/image\/"}}]}},"_links":{"self":[{"href":"https:\/\/www.uhrenmuseum-glashuette.com\/en\/wp-json\/wp\/v2\/product\/7035","targetHints":{"allow":["GET"]}}],"collection":[{"href":"https:\/\/www.uhrenmuseum-glashuette.com\/en\/wp-json\/wp\/v2\/product"}],"about":[{"href":"https:\/\/www.uhrenmuseum-glashuette.com\/en\/wp-json\/wp\/v2\/types\/product"}],"wp:featuredmedia":[{"embeddable":true,"href":"https:\/\/www.uhrenmuseum-glashuette.com\/en\/wp-json\/wp\/v2\/media\/7036"}],"wp:attachment":[{"href":"https:\/\/www.uhrenmuseum-glashuette.com\/en\/wp-json\/wp\/v2\/media?parent=7035"}],"wp:term":[{"taxonomy":"product_brand","embeddable":true,"href":"https:\/\/www.uhrenmuseum-glashuette.com\/en\/wp-json\/wp\/v2\/product_brand?post=7035"},{"taxonomy":"product_cat","embeddable":true,"href":"https:\/\/www.uhrenmuseum-glashuette.com\/en\/wp-json\/wp\/v2\/product_cat?post=7035"},{"taxonomy":"product_tag","embeddable":true,"href":"https:\/\/www.uhrenmuseum-glashuette.com\/en\/wp-json\/wp\/v2\/product_tag?post=7035"}],"curies":[{"name":"wp","href":"https:\/\/api.w.org\/{rel}","templated":true}]}}