{"id":6998,"date":"2022-11-11T11:43:22","date_gmt":"2022-11-11T10:43:22","guid":{"rendered":"https:\/\/www.uhrenmuseum-glashuette.com\/?post_type=product&#038;p=6998"},"modified":"2022-11-12T10:12:21","modified_gmt":"2022-11-12T09:12:21","slug":"geschenkverpackung-rechteckig","status":"publish","type":"product","link":"https:\/\/www.uhrenmuseum-glashuette.com\/en\/shop\/uhrmacher-liebhaber\/geschenkverpackung-rechteckig\/","title":{"rendered":"Geschenkschachtel lang"},"content":{"rendered":"<p><span style=\"font-weight: 400;\">Hochwertige Geschenkverpackung mit Schaumstoffeinlage<\/span><\/p>\n<p><span style=\"font-weight: 400;\">Sie suchen f\u00fcr Ihr Andenken oder Geschenk aus dem Deutschen Uhrenmuseum Glash\u00fctte eine stilvolle Verpackung? Unsere Geschenkschachteln in zeitlosem Schwarz bieten Raum f\u00fcr u.a. Magnete, Schl\u00fcsselb\u00e4nder oder Stifte. Die stabilen St\u00fclpschachteln sind mit einer Schaumstoffeinlage ausgestattet und mit unserem Logo bedruckt.\u00a0<\/span><\/p>\n<table style=\"border-collapse: collapse; width: 100%; height: 168px;\">\n<tbody>\n<tr style=\"height: 28px;\">\n<td style=\"width: 50%; height: 28px;\">Ausf\u00fchrung:<\/td>\n<td style=\"width: 50%; height: 28px;\"><strong>Geschenkschachtel lang<\/strong><\/td>\n<\/tr>\n<tr style=\"height: 28px;\">\n<td style=\"width: 50%; height: 28px;\"><span style=\"font-weight: 400;\">Aufdruck<\/span>:<\/td>\n<td style=\"width: 50%; height: 28px;\"><strong>Logo Deutsches Uhrenmuseum Glash\u00fctte<\/strong><\/td>\n<\/tr>\n<tr style=\"height: 28px;\">\n<td style=\"width: 50%; height: 28px;\">Ma\u00dfe:<\/td>\n<td style=\"width: 50%; height: 28px;\"><strong>170 x 50 x 33 mm<\/strong><\/td>\n<\/tr>\n<tr style=\"height: 28px;\">\n<td style=\"width: 50%; height: 28px;\"><\/td>\n<td style=\"width: 50%; height: 28px;\"><strong>Duplexkarton, schwarz 1 mm Deckel und Unterteil \u00fcberzogen mit schwarz geripptem Papier, innen Schaumstoff 10 mm, schwarz<\/strong><\/td>\n<\/tr>\n<tr>\n<td style=\"width: 50%;\"><span style=\"font-weight: 400;\">Hersteller:<\/span><\/td>\n<td style=\"width: 50%;\"><b>Lotos Druck GmbH Dippoldiswalde<\/b><\/td>\n<\/tr>\n<tr style=\"height: 28px;\">\n<td style=\"width: 50%; height: 28px;\"><span style=\"font-weight: 400;\">Artikelnummer<\/span>:<\/td>\n<td style=\"width: 50%; height: 28px;\"><b>73008<\/b><\/td>\n<\/tr>\n<\/tbody>\n<\/table>\n","protected":false},"excerpt":{"rendered":"<p>Hochwertige Geschenkverpackung mit Schaumstoffeinlage Sie suchen f\u00fcr Ihr Andenken oder Geschenk aus dem Deutschen Uhrenmuseum Glash\u00fctte eine stilvolle Verpackung? Unsere Geschenkschachteln in zeitlosem Schwarz bieten Raum f\u00fcr u.a. Magnete, Schl\u00fcsselb\u00e4nder oder Stifte. Die stabilen St\u00fclpschachteln sind mit einer Schaumstoffeinlage ausgestattet und mit unserem Logo bedruckt.\u00a0 Ausf\u00fchrung: Geschenkschachtel lang Aufdruck: Logo Deutsches Uhrenmuseum Glash\u00fctte Ma\u00dfe: 170&#8230;<\/p>\n","protected":false},"featured_media":6999,"template":"","meta":{"_acf_changed":false,"_monsterinsights_skip_tracking":false,"_monsterinsights_sitenote_active":false,"_monsterinsights_sitenote_note":"","_monsterinsights_sitenote_category":0},"product_brand":[],"product_cat":[21,18],"product_tag":[],"class_list":{"0":"post-6998","1":"product","2":"type-product","3":"status-publish","4":"has-post-thumbnail","6":"product_cat-souvenirs","7":"product_cat-uhrmacher-liebhaber","9":"first","10":"instock","11":"taxable","12":"shipping-taxable","13":"purchasable","14":"product-type-simple"},"acf":[],"yoast_head":"<!-- This site is optimized with the Yoast SEO plugin v24.3 - https:\/\/yoast.com\/wordpress\/plugins\/seo\/ -->\n<title>Geschenkschachtel lang | Deutsches Uhrenmuseum Glashuette<\/title>\n<meta name=\"robots\" content=\"index, follow, max-snippet:-1, max-image-preview:large, max-video-preview:-1\" \/>\n<link rel=\"canonical\" href=\"https:\/\/www.uhrenmuseum-glashuette.com\/shop\/uhrmacher-liebhaber\/geschenkverpackung-rechteckig\/\" \/>\n<meta property=\"og:locale\" content=\"en_US\" \/>\n<meta property=\"og:type\" content=\"article\" \/>\n<meta property=\"og:title\" content=\"Geschenkschachtel lang | Deutsches Uhrenmuseum Glashuette\" \/>\n<meta property=\"og:description\" content=\"Hochwertige Geschenkverpackung mit Schaumstoffeinlage Sie suchen f\u00fcr Ihr Andenken oder Geschenk aus dem Deutschen Uhrenmuseum Glash\u00fctte eine stilvolle Verpackung? Unsere Geschenkschachteln in zeitlosem Schwarz bieten Raum f\u00fcr u.a. Magnete, Schl\u00fcsselb\u00e4nder oder Stifte. Die stabilen St\u00fclpschachteln sind mit einer Schaumstoffeinlage ausgestattet und mit unserem Logo bedruckt.\u00a0 Ausf\u00fchrung: Geschenkschachtel lang Aufdruck: Logo Deutsches Uhrenmuseum Glash\u00fctte Ma\u00dfe: 170...\" \/>\n<meta property=\"og:url\" content=\"https:\/\/www.uhrenmuseum-glashuette.com\/shop\/uhrmacher-liebhaber\/geschenkverpackung-rechteckig\/\" \/>\n<meta property=\"og:site_name\" content=\"Deutsches Uhrenmuseum Glashuette\" \/>\n<meta property=\"article:modified_time\" content=\"2022-11-12T09:12:21+00:00\" \/>\n<meta property=\"og:image\" content=\"https:\/\/www.uhrenmuseum-glashuette.com\/wp-content\/uploads\/2022\/11\/Geschenkverpackung_gro\u00df.jpg\" \/>\n\t<meta property=\"og:image:width\" content=\"1922\" \/>\n\t<meta property=\"og:image:height\" content=\"1281\" \/>\n\t<meta property=\"og:image:type\" content=\"image\/jpeg\" \/>\n<meta name=\"twitter:card\" content=\"summary_large_image\" \/>\n<script type=\"application\/ld+json\" class=\"yoast-schema-graph\">{\"@context\":\"https:\/\/schema.org\",\"@graph\":[{\"@type\":\"WebPage\",\"@id\":\"https:\/\/www.uhrenmuseum-glashuette.com\/shop\/uhrmacher-liebhaber\/geschenkverpackung-rechteckig\/\",\"url\":\"https:\/\/www.uhrenmuseum-glashuette.com\/shop\/uhrmacher-liebhaber\/geschenkverpackung-rechteckig\/\",\"name\":\"Geschenkschachtel lang | Deutsches Uhrenmuseum Glashuette\",\"isPartOf\":{\"@id\":\"https:\/\/www.uhrenmuseum-glashuette.com\/#website\"},\"primaryImageOfPage\":{\"@id\":\"https:\/\/www.uhrenmuseum-glashuette.com\/shop\/uhrmacher-liebhaber\/geschenkverpackung-rechteckig\/#primaryimage\"},\"image\":{\"@id\":\"https:\/\/www.uhrenmuseum-glashuette.com\/shop\/uhrmacher-liebhaber\/geschenkverpackung-rechteckig\/#primaryimage\"},\"thumbnailUrl\":\"https:\/\/www.uhrenmuseum-glashuette.com\/wp-content\/uploads\/2022\/11\/Geschenkverpackung_gro\u00df.jpg\",\"datePublished\":\"2022-11-11T10:43:22+00:00\",\"dateModified\":\"2022-11-12T09:12:21+00:00\",\"breadcrumb\":{\"@id\":\"https:\/\/www.uhrenmuseum-glashuette.com\/shop\/uhrmacher-liebhaber\/geschenkverpackung-rechteckig\/#breadcrumb\"},\"inLanguage\":\"en-US\",\"potentialAction\":[{\"@type\":\"ReadAction\",\"target\":[\"https:\/\/www.uhrenmuseum-glashuette.com\/shop\/uhrmacher-liebhaber\/geschenkverpackung-rechteckig\/\"]}]},{\"@type\":\"ImageObject\",\"inLanguage\":\"en-US\",\"@id\":\"https:\/\/www.uhrenmuseum-glashuette.com\/shop\/uhrmacher-liebhaber\/geschenkverpackung-rechteckig\/#primaryimage\",\"url\":\"https:\/\/www.uhrenmuseum-glashuette.com\/wp-content\/uploads\/2022\/11\/Geschenkverpackung_gro\u00df.jpg\",\"contentUrl\":\"https:\/\/www.uhrenmuseum-glashuette.com\/wp-content\/uploads\/2022\/11\/Geschenkverpackung_gro\u00df.jpg\",\"width\":1922,\"height\":1281},{\"@type\":\"BreadcrumbList\",\"@id\":\"https:\/\/www.uhrenmuseum-glashuette.com\/shop\/uhrmacher-liebhaber\/geschenkverpackung-rechteckig\/#breadcrumb\",\"itemListElement\":[{\"@type\":\"ListItem\",\"position\":1,\"name\":\"Startseite\",\"item\":\"https:\/\/www.uhrenmuseum-glashuette.com\/en\/\"},{\"@type\":\"ListItem\",\"position\":2,\"name\":\"Online Shop\",\"item\":\"https:\/\/www.uhrenmuseum-glashuette.com\/online-shop\/\"},{\"@type\":\"ListItem\",\"position\":3,\"name\":\"Geschenkschachtel lang\"}]},{\"@type\":\"WebSite\",\"@id\":\"https:\/\/www.uhrenmuseum-glashuette.com\/#website\",\"url\":\"https:\/\/www.uhrenmuseum-glashuette.com\/\",\"name\":\"Deutsches Uhrenmuseum Glashuette\",\"description\":\"\",\"publisher\":{\"@id\":\"https:\/\/www.uhrenmuseum-glashuette.com\/#organization\"},\"potentialAction\":[{\"@type\":\"SearchAction\",\"target\":{\"@type\":\"EntryPoint\",\"urlTemplate\":\"https:\/\/www.uhrenmuseum-glashuette.com\/?s={search_term_string}\"},\"query-input\":{\"@type\":\"PropertyValueSpecification\",\"valueRequired\":true,\"valueName\":\"search_term_string\"}}],\"inLanguage\":\"en-US\"},{\"@type\":\"Organization\",\"@id\":\"https:\/\/www.uhrenmuseum-glashuette.com\/#organization\",\"name\":\"Stiftung \\\"Deutsches Uhrenmuseum Glash\u00fctte \u2013 Nicolas G. Hayek\\\"\",\"alternateName\":\"Uhrenmuseum Glash\u00fctte\",\"url\":\"https:\/\/www.uhrenmuseum-glashuette.com\/\",\"logo\":{\"@type\":\"ImageObject\",\"inLanguage\":\"en-US\",\"@id\":\"https:\/\/www.uhrenmuseum-glashuette.com\/#\/schema\/logo\/image\/\",\"url\":\"https:\/\/www.uhrenmuseum-glashuette.com\/wp-content\/uploads\/2020\/01\/cropped-StiftungDeutschesUhrenmuseumGlashuette-Web-Icon_.png\",\"contentUrl\":\"https:\/\/www.uhrenmuseum-glashuette.com\/wp-content\/uploads\/2020\/01\/cropped-StiftungDeutschesUhrenmuseumGlashuette-Web-Icon_.png\",\"width\":512,\"height\":512,\"caption\":\"Stiftung \\\"Deutsches Uhrenmuseum Glash\u00fctte \u2013 Nicolas G. Hayek\\\"\"},\"image\":{\"@id\":\"https:\/\/www.uhrenmuseum-glashuette.com\/#\/schema\/logo\/image\/\"}}]}<\/script>\n<!-- \/ Yoast SEO plugin. -->","yoast_head_json":{"title":"Geschenkschachtel lang | Deutsches Uhrenmuseum Glashuette","robots":{"index":"index","follow":"follow","max-snippet":"max-snippet:-1","max-image-preview":"max-image-preview:large","max-video-preview":"max-video-preview:-1"},"canonical":"https:\/\/www.uhrenmuseum-glashuette.com\/shop\/uhrmacher-liebhaber\/geschenkverpackung-rechteckig\/","og_locale":"en_US","og_type":"article","og_title":"Geschenkschachtel lang | Deutsches Uhrenmuseum Glashuette","og_description":"Hochwertige Geschenkverpackung mit Schaumstoffeinlage Sie suchen f\u00fcr Ihr Andenken oder Geschenk aus dem Deutschen Uhrenmuseum Glash\u00fctte eine stilvolle Verpackung? Unsere Geschenkschachteln in zeitlosem Schwarz bieten Raum f\u00fcr u.a. Magnete, Schl\u00fcsselb\u00e4nder oder Stifte. Die stabilen St\u00fclpschachteln sind mit einer Schaumstoffeinlage ausgestattet und mit unserem Logo bedruckt.\u00a0 Ausf\u00fchrung: Geschenkschachtel lang Aufdruck: Logo Deutsches Uhrenmuseum Glash\u00fctte Ma\u00dfe: 170...","og_url":"https:\/\/www.uhrenmuseum-glashuette.com\/shop\/uhrmacher-liebhaber\/geschenkverpackung-rechteckig\/","og_site_name":"Deutsches Uhrenmuseum Glashuette","article_modified_time":"2022-11-12T09:12:21+00:00","og_image":[{"width":1922,"height":1281,"url":"https:\/\/www.uhrenmuseum-glashuette.com\/wp-content\/uploads\/2022\/11\/Geschenkverpackung_gro\u00df.jpg","type":"image\/jpeg"}],"twitter_card":"summary_large_image","schema":{"@context":"https:\/\/schema.org","@graph":[{"@type":"WebPage","@id":"https:\/\/www.uhrenmuseum-glashuette.com\/shop\/uhrmacher-liebhaber\/geschenkverpackung-rechteckig\/","url":"https:\/\/www.uhrenmuseum-glashuette.com\/shop\/uhrmacher-liebhaber\/geschenkverpackung-rechteckig\/","name":"Geschenkschachtel lang | Deutsches Uhrenmuseum Glashuette","isPartOf":{"@id":"https:\/\/www.uhrenmuseum-glashuette.com\/#website"},"primaryImageOfPage":{"@id":"https:\/\/www.uhrenmuseum-glashuette.com\/shop\/uhrmacher-liebhaber\/geschenkverpackung-rechteckig\/#primaryimage"},"image":{"@id":"https:\/\/www.uhrenmuseum-glashuette.com\/shop\/uhrmacher-liebhaber\/geschenkverpackung-rechteckig\/#primaryimage"},"thumbnailUrl":"https:\/\/www.uhrenmuseum-glashuette.com\/wp-content\/uploads\/2022\/11\/Geschenkverpackung_gro\u00df.jpg","datePublished":"2022-11-11T10:43:22+00:00","dateModified":"2022-11-12T09:12:21+00:00","breadcrumb":{"@id":"https:\/\/www.uhrenmuseum-glashuette.com\/shop\/uhrmacher-liebhaber\/geschenkverpackung-rechteckig\/#breadcrumb"},"inLanguage":"en-US","potentialAction":[{"@type":"ReadAction","target":["https:\/\/www.uhrenmuseum-glashuette.com\/shop\/uhrmacher-liebhaber\/geschenkverpackung-rechteckig\/"]}]},{"@type":"ImageObject","inLanguage":"en-US","@id":"https:\/\/www.uhrenmuseum-glashuette.com\/shop\/uhrmacher-liebhaber\/geschenkverpackung-rechteckig\/#primaryimage","url":"https:\/\/www.uhrenmuseum-glashuette.com\/wp-content\/uploads\/2022\/11\/Geschenkverpackung_gro\u00df.jpg","contentUrl":"https:\/\/www.uhrenmuseum-glashuette.com\/wp-content\/uploads\/2022\/11\/Geschenkverpackung_gro\u00df.jpg","width":1922,"height":1281},{"@type":"BreadcrumbList","@id":"https:\/\/www.uhrenmuseum-glashuette.com\/shop\/uhrmacher-liebhaber\/geschenkverpackung-rechteckig\/#breadcrumb","itemListElement":[{"@type":"ListItem","position":1,"name":"Startseite","item":"https:\/\/www.uhrenmuseum-glashuette.com\/en\/"},{"@type":"ListItem","position":2,"name":"Online Shop","item":"https:\/\/www.uhrenmuseum-glashuette.com\/online-shop\/"},{"@type":"ListItem","position":3,"name":"Geschenkschachtel lang"}]},{"@type":"WebSite","@id":"https:\/\/www.uhrenmuseum-glashuette.com\/#website","url":"https:\/\/www.uhrenmuseum-glashuette.com\/","name":"Deutsches Uhrenmuseum Glashuette","description":"","publisher":{"@id":"https:\/\/www.uhrenmuseum-glashuette.com\/#organization"},"potentialAction":[{"@type":"SearchAction","target":{"@type":"EntryPoint","urlTemplate":"https:\/\/www.uhrenmuseum-glashuette.com\/?s={search_term_string}"},"query-input":{"@type":"PropertyValueSpecification","valueRequired":true,"valueName":"search_term_string"}}],"inLanguage":"en-US"},{"@type":"Organization","@id":"https:\/\/www.uhrenmuseum-glashuette.com\/#organization","name":"Stiftung \"Deutsches Uhrenmuseum Glash\u00fctte \u2013 Nicolas G. Hayek\"","alternateName":"Uhrenmuseum Glash\u00fctte","url":"https:\/\/www.uhrenmuseum-glashuette.com\/","logo":{"@type":"ImageObject","inLanguage":"en-US","@id":"https:\/\/www.uhrenmuseum-glashuette.com\/#\/schema\/logo\/image\/","url":"https:\/\/www.uhrenmuseum-glashuette.com\/wp-content\/uploads\/2020\/01\/cropped-StiftungDeutschesUhrenmuseumGlashuette-Web-Icon_.png","contentUrl":"https:\/\/www.uhrenmuseum-glashuette.com\/wp-content\/uploads\/2020\/01\/cropped-StiftungDeutschesUhrenmuseumGlashuette-Web-Icon_.png","width":512,"height":512,"caption":"Stiftung \"Deutsches Uhrenmuseum Glash\u00fctte \u2013 Nicolas G. Hayek\""},"image":{"@id":"https:\/\/www.uhrenmuseum-glashuette.com\/#\/schema\/logo\/image\/"}}]}},"_links":{"self":[{"href":"https:\/\/www.uhrenmuseum-glashuette.com\/en\/wp-json\/wp\/v2\/product\/6998","targetHints":{"allow":["GET"]}}],"collection":[{"href":"https:\/\/www.uhrenmuseum-glashuette.com\/en\/wp-json\/wp\/v2\/product"}],"about":[{"href":"https:\/\/www.uhrenmuseum-glashuette.com\/en\/wp-json\/wp\/v2\/types\/product"}],"wp:featuredmedia":[{"embeddable":true,"href":"https:\/\/www.uhrenmuseum-glashuette.com\/en\/wp-json\/wp\/v2\/media\/6999"}],"wp:attachment":[{"href":"https:\/\/www.uhrenmuseum-glashuette.com\/en\/wp-json\/wp\/v2\/media?parent=6998"}],"wp:term":[{"taxonomy":"product_brand","embeddable":true,"href":"https:\/\/www.uhrenmuseum-glashuette.com\/en\/wp-json\/wp\/v2\/product_brand?post=6998"},{"taxonomy":"product_cat","embeddable":true,"href":"https:\/\/www.uhrenmuseum-glashuette.com\/en\/wp-json\/wp\/v2\/product_cat?post=6998"},{"taxonomy":"product_tag","embeddable":true,"href":"https:\/\/www.uhrenmuseum-glashuette.com\/en\/wp-json\/wp\/v2\/product_tag?post=6998"}],"curies":[{"name":"wp","href":"https:\/\/api.w.org\/{rel}","templated":true}]}}