{"id":14013,"date":"2025-12-12T17:02:30","date_gmt":"2025-12-12T16:02:30","guid":{"rendered":"https:\/\/www.uhrenmuseum-glashuette.com\/?post_type=product&#038;p=14013"},"modified":"2025-12-22T10:47:31","modified_gmt":"2025-12-22T09:47:31","slug":"baumanhaenger-uhrenmuseum","status":"publish","type":"product","link":"https:\/\/www.uhrenmuseum-glashuette.com\/en\/shop\/souvenirs\/baumanhaenger-uhrenmuseum\/","title":{"rendered":"Baumanh\u00e4nger Uhrenmuseum"},"content":{"rendered":"<p>Baumanh\u00e4nger mit der Abbildung des Museumsgeb\u00e4udes. Hergestellt in der Drechslerei Kuhnert aus Steinberg im Vogtland eignet er sich perfekt zum Schm\u00fccken des Weihnachtsbaumes oder des Adventsstrau\u00dfes.<\/p>\n<p>&nbsp;<\/p>\n<table style=\"border-collapse: collapse; width: 100%; height: 140px;\">\n<tbody>\n<tr style=\"height: 28px;\">\n<td style=\"width: 50%; height: 28px;\">Ausf\u00fchrung:<\/td>\n<td style=\"width: 50%; height: 28px;\"><strong>Holz mit farbigen Akzenten und Museums-Logo, Motiv beidseitig identisch<\/strong><\/td>\n<\/tr>\n<tr style=\"height: 28px;\">\n<td style=\"width: 50%; height: 28px;\"><span style=\"font-weight: 400;\">Gr\u00f6\u00dfe:<\/span><\/td>\n<td style=\"width: 50%; height: 28px;\"><strong>Durchmesser 7,0<\/strong><strong style=\"font-family: inherit; font-size: inherit;\"> cm<\/strong><\/td>\n<\/tr>\n<tr style=\"height: 28px;\">\n<td style=\"width: 50%; height: 28px;\">Hersteller:<\/td>\n<td style=\"width: 50%; height: 28px;\"><strong>Drechslerei Kuhnert GmbH, Steinberg OT Rothenkirchen (Vogtland)<\/strong><\/td>\n<\/tr>\n<tr style=\"height: 28px;\">\n<td style=\"width: 50%; height: 28px;\"><span style=\"font-weight: 400;\">Artikelnummer<\/span>:<\/td>\n<td style=\"width: 50%; height: 28px;\"><b>70038<\/b><\/td>\n<\/tr>\n<\/tbody>\n<\/table>\n<p>&nbsp;<\/p>\n","protected":false},"excerpt":{"rendered":"<p>Baumanh\u00e4nger mit der Abbildung des Museumsgeb\u00e4udes. Hergestellt in der Drechslerei Kuhnert aus Steinberg im Vogtland eignet er sich perfekt zum Schm\u00fccken des Weihnachtsbaumes oder des Adventsstrau\u00dfes. &nbsp; Ausf\u00fchrung: Holz mit farbigen Akzenten und Museums-Logo, Motiv beidseitig identisch Gr\u00f6\u00dfe: Durchmesser 7,0 cm Hersteller: Drechslerei Kuhnert GmbH, Steinberg OT Rothenkirchen (Vogtland) Artikelnummer: 70038 &nbsp;<\/p>\n","protected":false},"featured_media":14004,"template":"","meta":{"_acf_changed":false,"_monsterinsights_skip_tracking":false,"_monsterinsights_sitenote_active":false,"_monsterinsights_sitenote_note":"","_monsterinsights_sitenote_category":0},"product_brand":[],"product_cat":[21],"product_tag":[],"class_list":{"0":"post-14013","1":"product","2":"type-product","3":"status-publish","4":"has-post-thumbnail","6":"product_cat-souvenirs","8":"first","9":"instock","10":"taxable","11":"shipping-taxable","12":"purchasable","13":"product-type-simple"},"acf":[],"yoast_head":"<!-- This site is optimized with the Yoast SEO plugin v24.3 - https:\/\/yoast.com\/wordpress\/plugins\/seo\/ -->\n<title>Baumanh\u00e4nger Uhrenmuseum | Deutsches Uhrenmuseum Glashuette<\/title>\n<meta name=\"robots\" content=\"index, follow, max-snippet:-1, max-image-preview:large, max-video-preview:-1\" \/>\n<link rel=\"canonical\" href=\"https:\/\/www.uhrenmuseum-glashuette.com\/shop\/souvenirs\/baumanhaenger-uhrenmuseum\/\" \/>\n<meta property=\"og:locale\" content=\"en_US\" \/>\n<meta property=\"og:type\" content=\"article\" \/>\n<meta property=\"og:title\" content=\"Baumanh\u00e4nger Uhrenmuseum | Deutsches Uhrenmuseum Glashuette\" \/>\n<meta property=\"og:description\" content=\"Baumanh\u00e4nger mit der Abbildung des Museumsgeb\u00e4udes. Hergestellt in der Drechslerei Kuhnert aus Steinberg im Vogtland eignet er sich perfekt zum Schm\u00fccken des Weihnachtsbaumes oder des Adventsstrau\u00dfes. &nbsp; Ausf\u00fchrung: Holz mit farbigen Akzenten und Museums-Logo, Motiv beidseitig identisch Gr\u00f6\u00dfe: Durchmesser 7,0 cm Hersteller: Drechslerei Kuhnert GmbH, Steinberg OT Rothenkirchen (Vogtland) Artikelnummer: 70038 &nbsp;\" \/>\n<meta property=\"og:url\" content=\"https:\/\/www.uhrenmuseum-glashuette.com\/shop\/souvenirs\/baumanhaenger-uhrenmuseum\/\" \/>\n<meta property=\"og:site_name\" content=\"Deutsches Uhrenmuseum Glashuette\" \/>\n<meta property=\"article:modified_time\" content=\"2025-12-22T09:47:31+00:00\" \/>\n<meta property=\"og:image\" content=\"https:\/\/www.uhrenmuseum-glashuette.com\/wp-content\/uploads\/2025\/12\/Baumschmuck_Ausschnitt-scaled-e1766139233614.jpg\" \/>\n\t<meta property=\"og:image:width\" content=\"2082\" \/>\n\t<meta property=\"og:image:height\" content=\"1562\" \/>\n\t<meta property=\"og:image:type\" content=\"image\/jpeg\" \/>\n<meta name=\"twitter:card\" content=\"summary_large_image\" \/>\n<meta name=\"twitter:label1\" content=\"Est. reading time\" \/>\n\t<meta name=\"twitter:data1\" content=\"1 minute\" \/>\n<script type=\"application\/ld+json\" class=\"yoast-schema-graph\">{\"@context\":\"https:\/\/schema.org\",\"@graph\":[{\"@type\":\"WebPage\",\"@id\":\"https:\/\/www.uhrenmuseum-glashuette.com\/shop\/souvenirs\/baumanhaenger-uhrenmuseum\/\",\"url\":\"https:\/\/www.uhrenmuseum-glashuette.com\/shop\/souvenirs\/baumanhaenger-uhrenmuseum\/\",\"name\":\"Baumanh\u00e4nger Uhrenmuseum | Deutsches Uhrenmuseum Glashuette\",\"isPartOf\":{\"@id\":\"https:\/\/www.uhrenmuseum-glashuette.com\/#website\"},\"primaryImageOfPage\":{\"@id\":\"https:\/\/www.uhrenmuseum-glashuette.com\/shop\/souvenirs\/baumanhaenger-uhrenmuseum\/#primaryimage\"},\"image\":{\"@id\":\"https:\/\/www.uhrenmuseum-glashuette.com\/shop\/souvenirs\/baumanhaenger-uhrenmuseum\/#primaryimage\"},\"thumbnailUrl\":\"https:\/\/www.uhrenmuseum-glashuette.com\/wp-content\/uploads\/2025\/12\/Baumschmuck_Ausschnitt-scaled-e1766139233614.jpg\",\"datePublished\":\"2025-12-12T16:02:30+00:00\",\"dateModified\":\"2025-12-22T09:47:31+00:00\",\"breadcrumb\":{\"@id\":\"https:\/\/www.uhrenmuseum-glashuette.com\/shop\/souvenirs\/baumanhaenger-uhrenmuseum\/#breadcrumb\"},\"inLanguage\":\"en-US\",\"potentialAction\":[{\"@type\":\"ReadAction\",\"target\":[\"https:\/\/www.uhrenmuseum-glashuette.com\/shop\/souvenirs\/baumanhaenger-uhrenmuseum\/\"]}]},{\"@type\":\"ImageObject\",\"inLanguage\":\"en-US\",\"@id\":\"https:\/\/www.uhrenmuseum-glashuette.com\/shop\/souvenirs\/baumanhaenger-uhrenmuseum\/#primaryimage\",\"url\":\"https:\/\/www.uhrenmuseum-glashuette.com\/wp-content\/uploads\/2025\/12\/Baumschmuck_Ausschnitt-scaled-e1766139233614.jpg\",\"contentUrl\":\"https:\/\/www.uhrenmuseum-glashuette.com\/wp-content\/uploads\/2025\/12\/Baumschmuck_Ausschnitt-scaled-e1766139233614.jpg\",\"width\":2082,\"height\":1562,\"caption\":\"Baumanh\u00e4nger mit Frontansicht des Museums\"},{\"@type\":\"BreadcrumbList\",\"@id\":\"https:\/\/www.uhrenmuseum-glashuette.com\/shop\/souvenirs\/baumanhaenger-uhrenmuseum\/#breadcrumb\",\"itemListElement\":[{\"@type\":\"ListItem\",\"position\":1,\"name\":\"Startseite\",\"item\":\"https:\/\/www.uhrenmuseum-glashuette.com\/en\/\"},{\"@type\":\"ListItem\",\"position\":2,\"name\":\"Online Shop\",\"item\":\"https:\/\/www.uhrenmuseum-glashuette.com\/online-shop\/\"},{\"@type\":\"ListItem\",\"position\":3,\"name\":\"Baumanh\u00e4nger Uhrenmuseum\"}]},{\"@type\":\"WebSite\",\"@id\":\"https:\/\/www.uhrenmuseum-glashuette.com\/#website\",\"url\":\"https:\/\/www.uhrenmuseum-glashuette.com\/\",\"name\":\"Deutsches Uhrenmuseum Glashuette\",\"description\":\"\",\"publisher\":{\"@id\":\"https:\/\/www.uhrenmuseum-glashuette.com\/#organization\"},\"potentialAction\":[{\"@type\":\"SearchAction\",\"target\":{\"@type\":\"EntryPoint\",\"urlTemplate\":\"https:\/\/www.uhrenmuseum-glashuette.com\/?s={search_term_string}\"},\"query-input\":{\"@type\":\"PropertyValueSpecification\",\"valueRequired\":true,\"valueName\":\"search_term_string\"}}],\"inLanguage\":\"en-US\"},{\"@type\":\"Organization\",\"@id\":\"https:\/\/www.uhrenmuseum-glashuette.com\/#organization\",\"name\":\"Stiftung \\\"Deutsches Uhrenmuseum Glash\u00fctte \u2013 Nicolas G. Hayek\\\"\",\"alternateName\":\"Uhrenmuseum Glash\u00fctte\",\"url\":\"https:\/\/www.uhrenmuseum-glashuette.com\/\",\"logo\":{\"@type\":\"ImageObject\",\"inLanguage\":\"en-US\",\"@id\":\"https:\/\/www.uhrenmuseum-glashuette.com\/#\/schema\/logo\/image\/\",\"url\":\"https:\/\/www.uhrenmuseum-glashuette.com\/wp-content\/uploads\/2020\/01\/cropped-StiftungDeutschesUhrenmuseumGlashuette-Web-Icon_.png\",\"contentUrl\":\"https:\/\/www.uhrenmuseum-glashuette.com\/wp-content\/uploads\/2020\/01\/cropped-StiftungDeutschesUhrenmuseumGlashuette-Web-Icon_.png\",\"width\":512,\"height\":512,\"caption\":\"Stiftung \\\"Deutsches Uhrenmuseum Glash\u00fctte \u2013 Nicolas G. Hayek\\\"\"},\"image\":{\"@id\":\"https:\/\/www.uhrenmuseum-glashuette.com\/#\/schema\/logo\/image\/\"}}]}<\/script>\n<!-- \/ Yoast SEO plugin. -->","yoast_head_json":{"title":"Baumanh\u00e4nger Uhrenmuseum | Deutsches Uhrenmuseum Glashuette","robots":{"index":"index","follow":"follow","max-snippet":"max-snippet:-1","max-image-preview":"max-image-preview:large","max-video-preview":"max-video-preview:-1"},"canonical":"https:\/\/www.uhrenmuseum-glashuette.com\/shop\/souvenirs\/baumanhaenger-uhrenmuseum\/","og_locale":"en_US","og_type":"article","og_title":"Baumanh\u00e4nger Uhrenmuseum | Deutsches Uhrenmuseum Glashuette","og_description":"Baumanh\u00e4nger mit der Abbildung des Museumsgeb\u00e4udes. Hergestellt in der Drechslerei Kuhnert aus Steinberg im Vogtland eignet er sich perfekt zum Schm\u00fccken des Weihnachtsbaumes oder des Adventsstrau\u00dfes. &nbsp; Ausf\u00fchrung: Holz mit farbigen Akzenten und Museums-Logo, Motiv beidseitig identisch Gr\u00f6\u00dfe: Durchmesser 7,0 cm Hersteller: Drechslerei Kuhnert GmbH, Steinberg OT Rothenkirchen (Vogtland) Artikelnummer: 70038 &nbsp;","og_url":"https:\/\/www.uhrenmuseum-glashuette.com\/shop\/souvenirs\/baumanhaenger-uhrenmuseum\/","og_site_name":"Deutsches Uhrenmuseum Glashuette","article_modified_time":"2025-12-22T09:47:31+00:00","og_image":[{"width":2082,"height":1562,"url":"https:\/\/www.uhrenmuseum-glashuette.com\/wp-content\/uploads\/2025\/12\/Baumschmuck_Ausschnitt-scaled-e1766139233614.jpg","type":"image\/jpeg"}],"twitter_card":"summary_large_image","twitter_misc":{"Est. reading time":"1 minute"},"schema":{"@context":"https:\/\/schema.org","@graph":[{"@type":"WebPage","@id":"https:\/\/www.uhrenmuseum-glashuette.com\/shop\/souvenirs\/baumanhaenger-uhrenmuseum\/","url":"https:\/\/www.uhrenmuseum-glashuette.com\/shop\/souvenirs\/baumanhaenger-uhrenmuseum\/","name":"Baumanh\u00e4nger Uhrenmuseum | Deutsches Uhrenmuseum Glashuette","isPartOf":{"@id":"https:\/\/www.uhrenmuseum-glashuette.com\/#website"},"primaryImageOfPage":{"@id":"https:\/\/www.uhrenmuseum-glashuette.com\/shop\/souvenirs\/baumanhaenger-uhrenmuseum\/#primaryimage"},"image":{"@id":"https:\/\/www.uhrenmuseum-glashuette.com\/shop\/souvenirs\/baumanhaenger-uhrenmuseum\/#primaryimage"},"thumbnailUrl":"https:\/\/www.uhrenmuseum-glashuette.com\/wp-content\/uploads\/2025\/12\/Baumschmuck_Ausschnitt-scaled-e1766139233614.jpg","datePublished":"2025-12-12T16:02:30+00:00","dateModified":"2025-12-22T09:47:31+00:00","breadcrumb":{"@id":"https:\/\/www.uhrenmuseum-glashuette.com\/shop\/souvenirs\/baumanhaenger-uhrenmuseum\/#breadcrumb"},"inLanguage":"en-US","potentialAction":[{"@type":"ReadAction","target":["https:\/\/www.uhrenmuseum-glashuette.com\/shop\/souvenirs\/baumanhaenger-uhrenmuseum\/"]}]},{"@type":"ImageObject","inLanguage":"en-US","@id":"https:\/\/www.uhrenmuseum-glashuette.com\/shop\/souvenirs\/baumanhaenger-uhrenmuseum\/#primaryimage","url":"https:\/\/www.uhrenmuseum-glashuette.com\/wp-content\/uploads\/2025\/12\/Baumschmuck_Ausschnitt-scaled-e1766139233614.jpg","contentUrl":"https:\/\/www.uhrenmuseum-glashuette.com\/wp-content\/uploads\/2025\/12\/Baumschmuck_Ausschnitt-scaled-e1766139233614.jpg","width":2082,"height":1562,"caption":"Baumanh\u00e4nger mit Frontansicht des Museums"},{"@type":"BreadcrumbList","@id":"https:\/\/www.uhrenmuseum-glashuette.com\/shop\/souvenirs\/baumanhaenger-uhrenmuseum\/#breadcrumb","itemListElement":[{"@type":"ListItem","position":1,"name":"Startseite","item":"https:\/\/www.uhrenmuseum-glashuette.com\/en\/"},{"@type":"ListItem","position":2,"name":"Online Shop","item":"https:\/\/www.uhrenmuseum-glashuette.com\/online-shop\/"},{"@type":"ListItem","position":3,"name":"Baumanh\u00e4nger Uhrenmuseum"}]},{"@type":"WebSite","@id":"https:\/\/www.uhrenmuseum-glashuette.com\/#website","url":"https:\/\/www.uhrenmuseum-glashuette.com\/","name":"Deutsches Uhrenmuseum Glashuette","description":"","publisher":{"@id":"https:\/\/www.uhrenmuseum-glashuette.com\/#organization"},"potentialAction":[{"@type":"SearchAction","target":{"@type":"EntryPoint","urlTemplate":"https:\/\/www.uhrenmuseum-glashuette.com\/?s={search_term_string}"},"query-input":{"@type":"PropertyValueSpecification","valueRequired":true,"valueName":"search_term_string"}}],"inLanguage":"en-US"},{"@type":"Organization","@id":"https:\/\/www.uhrenmuseum-glashuette.com\/#organization","name":"Stiftung \"Deutsches Uhrenmuseum Glash\u00fctte \u2013 Nicolas G. Hayek\"","alternateName":"Uhrenmuseum Glash\u00fctte","url":"https:\/\/www.uhrenmuseum-glashuette.com\/","logo":{"@type":"ImageObject","inLanguage":"en-US","@id":"https:\/\/www.uhrenmuseum-glashuette.com\/#\/schema\/logo\/image\/","url":"https:\/\/www.uhrenmuseum-glashuette.com\/wp-content\/uploads\/2020\/01\/cropped-StiftungDeutschesUhrenmuseumGlashuette-Web-Icon_.png","contentUrl":"https:\/\/www.uhrenmuseum-glashuette.com\/wp-content\/uploads\/2020\/01\/cropped-StiftungDeutschesUhrenmuseumGlashuette-Web-Icon_.png","width":512,"height":512,"caption":"Stiftung \"Deutsches Uhrenmuseum Glash\u00fctte \u2013 Nicolas G. Hayek\""},"image":{"@id":"https:\/\/www.uhrenmuseum-glashuette.com\/#\/schema\/logo\/image\/"}}]}},"_links":{"self":[{"href":"https:\/\/www.uhrenmuseum-glashuette.com\/en\/wp-json\/wp\/v2\/product\/14013","targetHints":{"allow":["GET"]}}],"collection":[{"href":"https:\/\/www.uhrenmuseum-glashuette.com\/en\/wp-json\/wp\/v2\/product"}],"about":[{"href":"https:\/\/www.uhrenmuseum-glashuette.com\/en\/wp-json\/wp\/v2\/types\/product"}],"wp:featuredmedia":[{"embeddable":true,"href":"https:\/\/www.uhrenmuseum-glashuette.com\/en\/wp-json\/wp\/v2\/media\/14004"}],"wp:attachment":[{"href":"https:\/\/www.uhrenmuseum-glashuette.com\/en\/wp-json\/wp\/v2\/media?parent=14013"}],"wp:term":[{"taxonomy":"product_brand","embeddable":true,"href":"https:\/\/www.uhrenmuseum-glashuette.com\/en\/wp-json\/wp\/v2\/product_brand?post=14013"},{"taxonomy":"product_cat","embeddable":true,"href":"https:\/\/www.uhrenmuseum-glashuette.com\/en\/wp-json\/wp\/v2\/product_cat?post=14013"},{"taxonomy":"product_tag","embeddable":true,"href":"https:\/\/www.uhrenmuseum-glashuette.com\/en\/wp-json\/wp\/v2\/product_tag?post=14013"}],"curies":[{"name":"wp","href":"https:\/\/api.w.org\/{rel}","templated":true}]}}