{"id":13803,"date":"2025-10-21T13:03:37","date_gmt":"2025-10-21T11:03:37","guid":{"rendered":"https:\/\/www.uhrenmuseum-glashuette.com\/?post_type=product&#038;p=13803"},"modified":"2025-10-21T13:03:37","modified_gmt":"2025-10-21T11:03:37","slug":"ein-stueck-ewigkeit","status":"publish","type":"product","link":"https:\/\/www.uhrenmuseum-glashuette.com\/en\/shop\/buecher-zeitschriften\/ein-stueck-ewigkeit\/","title":{"rendered":"Ein St\u00fcck Ewigkeit"},"content":{"rendered":"<p>Anl\u00e4sslich des 100. Geburtstages der Astronomischen Kunstuhr im Deutschen Uhrenmuseum Glash\u00fctte am 17. Oktober 2025 wurde ein neues Buch zur Kunstuhr herausgegeben. Es tr\u00e4gt den Titel \u201eEin St\u00fcck Ewigkeit\u201c. Eingeleitet wird die Publikation durch ein Kapitel \u00fcber die Geschichte der Zeitmessung. Darin werden zun\u00e4chst die astronomischen Grundlagen erl\u00e4utert, anhand derer sich die Kalender ableiteten und schlie\u00dflich auch die Uhren entstanden sind. Kapitel zwei ist dem Erbauer der Kunstuhr, Hermann Goertz, gewidmet. Detailreich wird sein bewegtes Leben und seine Zeit in Glash\u00fctte nachgezeichnet \u2013 mehr als drei Jahrzehnte davon begleitet durch die Arbeiten an seiner \u201egro\u00dfen Uhr\u201c. Die Beschreibung der Uhr mit ihren Funktionen und technischen Besonderheiten sowie die zur\u00fcckliegenden Revisionen sind Gegenstand der Kapitel drei und vier. Sie sind H\u00f6hepunkt und Ziel der Publikation. Nach den Revisionen in den Jahren 1938, 1956, 1984 und 2004 war die zur\u00fcckliegende bereits die f\u00fcnfte umfangreiche Wartung der Uhr. Ende August 2025 fand sie ihren Abschluss. Deren Dokumentation bildete die Grundlage f\u00fcr das Buch und gibt interessante Einblicke in die ausgef\u00fchrten Arbeiten.<\/p>\n<table style=\"border-collapse: collapse; width: 100%; height: 196px;\">\n<tbody>\n<tr style=\"height: 28px;\">\n<td style=\"width: 50%; height: 28px;\">Herausgeber:<\/td>\n<td style=\"width: 50%; height: 28px;\"><strong>Stiftung \u201eDeutsches Uhrenmuseum Glash\u00fctte \u2013 Nicolas G. Hayek\u201c<\/strong><\/td>\n<\/tr>\n<tr style=\"height: 28px;\">\n<td style=\"width: 50%; height: 28px;\">Verlag:<\/td>\n<td style=\"width: 50%; height: 28px;\"><strong>Stiftung \u201eDeutsches Uhrenmuseum Glash\u00fctte \u2013 Nicolas G. Hayek\u201c<\/strong><\/td>\n<\/tr>\n<tr style=\"height: 28px;\">\n<td style=\"width: 50%; height: 28px;\"><span style=\"font-weight: 400;\">Erscheinungsjahr<\/span>:<\/td>\n<td style=\"width: 50%; height: 28px;\"><strong>1. Auflage, 2025<\/strong><\/td>\n<\/tr>\n<tr style=\"height: 28px;\">\n<td style=\"width: 50%; height: 28px;\"><span style=\"font-weight: 400;\">ISBN<\/span>:<\/td>\n<td style=\"width: 50%; height: 28px;\"><strong>978-3-9816264-5-2<\/strong><\/td>\n<\/tr>\n<tr style=\"height: 28px;\">\n<td style=\"width: 50%; height: 28px;\">Sprache:<\/td>\n<td style=\"width: 50%; height: 28px;\"><strong>einsprachig (deutsch)<\/strong><\/td>\n<\/tr>\n<tr style=\"height: 28px;\">\n<td style=\"width: 50%; height: 28px;\">Format:<\/td>\n<td style=\"width: 50%; height: 28px;\"><strong>Hardcover<\/strong><span style=\"font-weight: 400;\"><br \/>\n<\/span><\/td>\n<\/tr>\n<tr style=\"height: 28px;\">\n<td style=\"width: 50%; height: 28px;\">Gr\u00f6\u00dfe:<\/td>\n<td style=\"width: 50%; height: 28px;\"><strong>17,5 x 24,5 cm<\/strong><span style=\"font-weight: 400;\"><br \/>\n<\/span><\/td>\n<\/tr>\n<tr style=\"height: 28px;\">\n<td style=\"width: 50%; height: 28px;\"><span style=\"font-weight: 400;\">Seitenzahl<\/span>:<\/td>\n<td style=\"width: 50%; height: 28px;\"><strong>128<\/strong><\/td>\n<\/tr>\n<tr style=\"height: 28px;\">\n<td style=\"width: 50%; height: 28px;\"><span style=\"font-weight: 400;\">Artikelnummer<\/span>:<\/td>\n<td style=\"width: 50%; height: 28px;\"><strong>20030<\/strong><\/td>\n<\/tr>\n<\/tbody>\n<\/table>\n","protected":false},"excerpt":{"rendered":"<p>Anl\u00e4sslich des 100. Geburtstages der Astronomischen Kunstuhr im Deutschen Uhrenmuseum Glash\u00fctte am 17. Oktober 2025 wurde ein neues Buch zur Kunstuhr herausgegeben. Es tr\u00e4gt den Titel \u201eEin St\u00fcck Ewigkeit\u201c. Eingeleitet wird die Publikation durch ein Kapitel \u00fcber die Geschichte der Zeitmessung. Darin werden zun\u00e4chst die astronomischen Grundlagen erl\u00e4utert, anhand derer sich die Kalender ableiteten und&#8230;<\/p>\n","protected":false},"featured_media":13804,"template":"","meta":{"_acf_changed":false,"_monsterinsights_skip_tracking":false,"_monsterinsights_sitenote_active":false,"_monsterinsights_sitenote_note":"","_monsterinsights_sitenote_category":0},"product_brand":[],"product_cat":[20],"product_tag":[],"class_list":{"0":"post-13803","1":"product","2":"type-product","3":"status-publish","4":"has-post-thumbnail","6":"product_cat-buecher-zeitschriften","8":"first","9":"instock","10":"purchasable","11":"product-type-simple"},"acf":[],"yoast_head":"<!-- This site is optimized with the Yoast SEO plugin v24.3 - https:\/\/yoast.com\/wordpress\/plugins\/seo\/ -->\n<title>Ein St\u00fcck Ewigkeit | Deutsches Uhrenmuseum Glashuette<\/title>\n<meta name=\"robots\" content=\"index, follow, max-snippet:-1, max-image-preview:large, max-video-preview:-1\" \/>\n<link rel=\"canonical\" href=\"https:\/\/www.uhrenmuseum-glashuette.com\/shop\/buecher-zeitschriften\/ein-stueck-ewigkeit\/\" \/>\n<meta property=\"og:locale\" content=\"en_US\" \/>\n<meta property=\"og:type\" content=\"article\" \/>\n<meta property=\"og:title\" content=\"Ein St\u00fcck Ewigkeit | Deutsches Uhrenmuseum Glashuette\" \/>\n<meta property=\"og:description\" content=\"Anl\u00e4sslich des 100. Geburtstages der Astronomischen Kunstuhr im Deutschen Uhrenmuseum Glash\u00fctte am 17. Oktober 2025 wurde ein neues Buch zur Kunstuhr herausgegeben. Es tr\u00e4gt den Titel \u201eEin St\u00fcck Ewigkeit\u201c. Eingeleitet wird die Publikation durch ein Kapitel \u00fcber die Geschichte der Zeitmessung. Darin werden zun\u00e4chst die astronomischen Grundlagen erl\u00e4utert, anhand derer sich die Kalender ableiteten und...\" \/>\n<meta property=\"og:url\" content=\"https:\/\/www.uhrenmuseum-glashuette.com\/shop\/buecher-zeitschriften\/ein-stueck-ewigkeit\/\" \/>\n<meta property=\"og:site_name\" content=\"Deutsches Uhrenmuseum Glashuette\" \/>\n<meta property=\"og:image\" content=\"https:\/\/www.uhrenmuseum-glashuette.com\/wp-content\/uploads\/2025\/10\/Abbildung_Buch_Ein_Stueck_Ewigkeit-scaled.jpg\" \/>\n\t<meta property=\"og:image:width\" content=\"2560\" \/>\n\t<meta property=\"og:image:height\" content=\"1570\" \/>\n\t<meta property=\"og:image:type\" content=\"image\/jpeg\" \/>\n<meta name=\"twitter:card\" content=\"summary_large_image\" \/>\n<meta name=\"twitter:label1\" content=\"Est. reading time\" \/>\n\t<meta name=\"twitter:data1\" content=\"2 minutes\" \/>\n<script type=\"application\/ld+json\" class=\"yoast-schema-graph\">{\"@context\":\"https:\/\/schema.org\",\"@graph\":[{\"@type\":\"WebPage\",\"@id\":\"https:\/\/www.uhrenmuseum-glashuette.com\/shop\/buecher-zeitschriften\/ein-stueck-ewigkeit\/\",\"url\":\"https:\/\/www.uhrenmuseum-glashuette.com\/shop\/buecher-zeitschriften\/ein-stueck-ewigkeit\/\",\"name\":\"Ein St\u00fcck Ewigkeit | Deutsches Uhrenmuseum Glashuette\",\"isPartOf\":{\"@id\":\"https:\/\/www.uhrenmuseum-glashuette.com\/#website\"},\"primaryImageOfPage\":{\"@id\":\"https:\/\/www.uhrenmuseum-glashuette.com\/shop\/buecher-zeitschriften\/ein-stueck-ewigkeit\/#primaryimage\"},\"image\":{\"@id\":\"https:\/\/www.uhrenmuseum-glashuette.com\/shop\/buecher-zeitschriften\/ein-stueck-ewigkeit\/#primaryimage\"},\"thumbnailUrl\":\"https:\/\/www.uhrenmuseum-glashuette.com\/wp-content\/uploads\/2025\/10\/Abbildung_Buch_Ein_Stueck_Ewigkeit-scaled.jpg\",\"datePublished\":\"2025-10-21T11:03:37+00:00\",\"dateModified\":\"2025-10-21T11:03:37+00:00\",\"breadcrumb\":{\"@id\":\"https:\/\/www.uhrenmuseum-glashuette.com\/shop\/buecher-zeitschriften\/ein-stueck-ewigkeit\/#breadcrumb\"},\"inLanguage\":\"en-US\",\"potentialAction\":[{\"@type\":\"ReadAction\",\"target\":[\"https:\/\/www.uhrenmuseum-glashuette.com\/shop\/buecher-zeitschriften\/ein-stueck-ewigkeit\/\"]}]},{\"@type\":\"ImageObject\",\"inLanguage\":\"en-US\",\"@id\":\"https:\/\/www.uhrenmuseum-glashuette.com\/shop\/buecher-zeitschriften\/ein-stueck-ewigkeit\/#primaryimage\",\"url\":\"https:\/\/www.uhrenmuseum-glashuette.com\/wp-content\/uploads\/2025\/10\/Abbildung_Buch_Ein_Stueck_Ewigkeit-scaled.jpg\",\"contentUrl\":\"https:\/\/www.uhrenmuseum-glashuette.com\/wp-content\/uploads\/2025\/10\/Abbildung_Buch_Ein_Stueck_Ewigkeit-scaled.jpg\",\"width\":2560,\"height\":1570},{\"@type\":\"BreadcrumbList\",\"@id\":\"https:\/\/www.uhrenmuseum-glashuette.com\/shop\/buecher-zeitschriften\/ein-stueck-ewigkeit\/#breadcrumb\",\"itemListElement\":[{\"@type\":\"ListItem\",\"position\":1,\"name\":\"Startseite\",\"item\":\"https:\/\/www.uhrenmuseum-glashuette.com\/en\/\"},{\"@type\":\"ListItem\",\"position\":2,\"name\":\"Online Shop\",\"item\":\"https:\/\/www.uhrenmuseum-glashuette.com\/online-shop\/\"},{\"@type\":\"ListItem\",\"position\":3,\"name\":\"Ein St\u00fcck Ewigkeit\"}]},{\"@type\":\"WebSite\",\"@id\":\"https:\/\/www.uhrenmuseum-glashuette.com\/#website\",\"url\":\"https:\/\/www.uhrenmuseum-glashuette.com\/\",\"name\":\"Deutsches Uhrenmuseum Glashuette\",\"description\":\"\",\"publisher\":{\"@id\":\"https:\/\/www.uhrenmuseum-glashuette.com\/#organization\"},\"potentialAction\":[{\"@type\":\"SearchAction\",\"target\":{\"@type\":\"EntryPoint\",\"urlTemplate\":\"https:\/\/www.uhrenmuseum-glashuette.com\/?s={search_term_string}\"},\"query-input\":{\"@type\":\"PropertyValueSpecification\",\"valueRequired\":true,\"valueName\":\"search_term_string\"}}],\"inLanguage\":\"en-US\"},{\"@type\":\"Organization\",\"@id\":\"https:\/\/www.uhrenmuseum-glashuette.com\/#organization\",\"name\":\"Stiftung \\\"Deutsches Uhrenmuseum Glash\u00fctte \u2013 Nicolas G. Hayek\\\"\",\"alternateName\":\"Uhrenmuseum Glash\u00fctte\",\"url\":\"https:\/\/www.uhrenmuseum-glashuette.com\/\",\"logo\":{\"@type\":\"ImageObject\",\"inLanguage\":\"en-US\",\"@id\":\"https:\/\/www.uhrenmuseum-glashuette.com\/#\/schema\/logo\/image\/\",\"url\":\"https:\/\/www.uhrenmuseum-glashuette.com\/wp-content\/uploads\/2020\/01\/cropped-StiftungDeutschesUhrenmuseumGlashuette-Web-Icon_.png\",\"contentUrl\":\"https:\/\/www.uhrenmuseum-glashuette.com\/wp-content\/uploads\/2020\/01\/cropped-StiftungDeutschesUhrenmuseumGlashuette-Web-Icon_.png\",\"width\":512,\"height\":512,\"caption\":\"Stiftung \\\"Deutsches Uhrenmuseum Glash\u00fctte \u2013 Nicolas G. Hayek\\\"\"},\"image\":{\"@id\":\"https:\/\/www.uhrenmuseum-glashuette.com\/#\/schema\/logo\/image\/\"}}]}<\/script>\n<!-- \/ Yoast SEO plugin. -->","yoast_head_json":{"title":"Ein St\u00fcck Ewigkeit | Deutsches Uhrenmuseum Glashuette","robots":{"index":"index","follow":"follow","max-snippet":"max-snippet:-1","max-image-preview":"max-image-preview:large","max-video-preview":"max-video-preview:-1"},"canonical":"https:\/\/www.uhrenmuseum-glashuette.com\/shop\/buecher-zeitschriften\/ein-stueck-ewigkeit\/","og_locale":"en_US","og_type":"article","og_title":"Ein St\u00fcck Ewigkeit | Deutsches Uhrenmuseum Glashuette","og_description":"Anl\u00e4sslich des 100. Geburtstages der Astronomischen Kunstuhr im Deutschen Uhrenmuseum Glash\u00fctte am 17. Oktober 2025 wurde ein neues Buch zur Kunstuhr herausgegeben. Es tr\u00e4gt den Titel \u201eEin St\u00fcck Ewigkeit\u201c. Eingeleitet wird die Publikation durch ein Kapitel \u00fcber die Geschichte der Zeitmessung. Darin werden zun\u00e4chst die astronomischen Grundlagen erl\u00e4utert, anhand derer sich die Kalender ableiteten und...","og_url":"https:\/\/www.uhrenmuseum-glashuette.com\/shop\/buecher-zeitschriften\/ein-stueck-ewigkeit\/","og_site_name":"Deutsches Uhrenmuseum Glashuette","og_image":[{"width":2560,"height":1570,"url":"https:\/\/www.uhrenmuseum-glashuette.com\/wp-content\/uploads\/2025\/10\/Abbildung_Buch_Ein_Stueck_Ewigkeit-scaled.jpg","type":"image\/jpeg"}],"twitter_card":"summary_large_image","twitter_misc":{"Est. reading time":"2 minutes"},"schema":{"@context":"https:\/\/schema.org","@graph":[{"@type":"WebPage","@id":"https:\/\/www.uhrenmuseum-glashuette.com\/shop\/buecher-zeitschriften\/ein-stueck-ewigkeit\/","url":"https:\/\/www.uhrenmuseum-glashuette.com\/shop\/buecher-zeitschriften\/ein-stueck-ewigkeit\/","name":"Ein St\u00fcck Ewigkeit | Deutsches Uhrenmuseum Glashuette","isPartOf":{"@id":"https:\/\/www.uhrenmuseum-glashuette.com\/#website"},"primaryImageOfPage":{"@id":"https:\/\/www.uhrenmuseum-glashuette.com\/shop\/buecher-zeitschriften\/ein-stueck-ewigkeit\/#primaryimage"},"image":{"@id":"https:\/\/www.uhrenmuseum-glashuette.com\/shop\/buecher-zeitschriften\/ein-stueck-ewigkeit\/#primaryimage"},"thumbnailUrl":"https:\/\/www.uhrenmuseum-glashuette.com\/wp-content\/uploads\/2025\/10\/Abbildung_Buch_Ein_Stueck_Ewigkeit-scaled.jpg","datePublished":"2025-10-21T11:03:37+00:00","dateModified":"2025-10-21T11:03:37+00:00","breadcrumb":{"@id":"https:\/\/www.uhrenmuseum-glashuette.com\/shop\/buecher-zeitschriften\/ein-stueck-ewigkeit\/#breadcrumb"},"inLanguage":"en-US","potentialAction":[{"@type":"ReadAction","target":["https:\/\/www.uhrenmuseum-glashuette.com\/shop\/buecher-zeitschriften\/ein-stueck-ewigkeit\/"]}]},{"@type":"ImageObject","inLanguage":"en-US","@id":"https:\/\/www.uhrenmuseum-glashuette.com\/shop\/buecher-zeitschriften\/ein-stueck-ewigkeit\/#primaryimage","url":"https:\/\/www.uhrenmuseum-glashuette.com\/wp-content\/uploads\/2025\/10\/Abbildung_Buch_Ein_Stueck_Ewigkeit-scaled.jpg","contentUrl":"https:\/\/www.uhrenmuseum-glashuette.com\/wp-content\/uploads\/2025\/10\/Abbildung_Buch_Ein_Stueck_Ewigkeit-scaled.jpg","width":2560,"height":1570},{"@type":"BreadcrumbList","@id":"https:\/\/www.uhrenmuseum-glashuette.com\/shop\/buecher-zeitschriften\/ein-stueck-ewigkeit\/#breadcrumb","itemListElement":[{"@type":"ListItem","position":1,"name":"Startseite","item":"https:\/\/www.uhrenmuseum-glashuette.com\/en\/"},{"@type":"ListItem","position":2,"name":"Online Shop","item":"https:\/\/www.uhrenmuseum-glashuette.com\/online-shop\/"},{"@type":"ListItem","position":3,"name":"Ein St\u00fcck Ewigkeit"}]},{"@type":"WebSite","@id":"https:\/\/www.uhrenmuseum-glashuette.com\/#website","url":"https:\/\/www.uhrenmuseum-glashuette.com\/","name":"Deutsches Uhrenmuseum Glashuette","description":"","publisher":{"@id":"https:\/\/www.uhrenmuseum-glashuette.com\/#organization"},"potentialAction":[{"@type":"SearchAction","target":{"@type":"EntryPoint","urlTemplate":"https:\/\/www.uhrenmuseum-glashuette.com\/?s={search_term_string}"},"query-input":{"@type":"PropertyValueSpecification","valueRequired":true,"valueName":"search_term_string"}}],"inLanguage":"en-US"},{"@type":"Organization","@id":"https:\/\/www.uhrenmuseum-glashuette.com\/#organization","name":"Stiftung \"Deutsches Uhrenmuseum Glash\u00fctte \u2013 Nicolas G. Hayek\"","alternateName":"Uhrenmuseum Glash\u00fctte","url":"https:\/\/www.uhrenmuseum-glashuette.com\/","logo":{"@type":"ImageObject","inLanguage":"en-US","@id":"https:\/\/www.uhrenmuseum-glashuette.com\/#\/schema\/logo\/image\/","url":"https:\/\/www.uhrenmuseum-glashuette.com\/wp-content\/uploads\/2020\/01\/cropped-StiftungDeutschesUhrenmuseumGlashuette-Web-Icon_.png","contentUrl":"https:\/\/www.uhrenmuseum-glashuette.com\/wp-content\/uploads\/2020\/01\/cropped-StiftungDeutschesUhrenmuseumGlashuette-Web-Icon_.png","width":512,"height":512,"caption":"Stiftung \"Deutsches Uhrenmuseum Glash\u00fctte \u2013 Nicolas G. Hayek\""},"image":{"@id":"https:\/\/www.uhrenmuseum-glashuette.com\/#\/schema\/logo\/image\/"}}]}},"_links":{"self":[{"href":"https:\/\/www.uhrenmuseum-glashuette.com\/en\/wp-json\/wp\/v2\/product\/13803","targetHints":{"allow":["GET"]}}],"collection":[{"href":"https:\/\/www.uhrenmuseum-glashuette.com\/en\/wp-json\/wp\/v2\/product"}],"about":[{"href":"https:\/\/www.uhrenmuseum-glashuette.com\/en\/wp-json\/wp\/v2\/types\/product"}],"wp:featuredmedia":[{"embeddable":true,"href":"https:\/\/www.uhrenmuseum-glashuette.com\/en\/wp-json\/wp\/v2\/media\/13804"}],"wp:attachment":[{"href":"https:\/\/www.uhrenmuseum-glashuette.com\/en\/wp-json\/wp\/v2\/media?parent=13803"}],"wp:term":[{"taxonomy":"product_brand","embeddable":true,"href":"https:\/\/www.uhrenmuseum-glashuette.com\/en\/wp-json\/wp\/v2\/product_brand?post=13803"},{"taxonomy":"product_cat","embeddable":true,"href":"https:\/\/www.uhrenmuseum-glashuette.com\/en\/wp-json\/wp\/v2\/product_cat?post=13803"},{"taxonomy":"product_tag","embeddable":true,"href":"https:\/\/www.uhrenmuseum-glashuette.com\/en\/wp-json\/wp\/v2\/product_tag?post=13803"}],"curies":[{"name":"wp","href":"https:\/\/api.w.org\/{rel}","templated":true}]}}