{"id":10605,"date":"2023-12-27T16:10:02","date_gmt":"2023-12-27T15:10:02","guid":{"rendered":"https:\/\/www.uhrenmuseum-glashuette.com\/?post_type=product&#038;p=10605"},"modified":"2025-11-12T13:30:24","modified_gmt":"2025-11-12T12:30:24","slug":"porzellanbecher-weiss","status":"publish","type":"product","link":"https:\/\/www.uhrenmuseum-glashuette.com\/en\/shop\/souvenirs\/porzellanbecher-weiss\/","title":{"rendered":"Porzellanbecher wei\u00df"},"content":{"rendered":"<p>Porzellantasse<\/p>\n<p>F\u00fcr den perfekten Start in den Tag bietet das Deutsche Uhrenmuseum Glash\u00fctte eine hochwertig verarbeitete Porzellantasse als Geschenkartikel an oder als besonderes Erinnerungsst\u00fcck an Ihren Besuch in unserem Haus. Die Tasse ist beidseitig bedruckt mit\u00a0 Zeitfacette und Museumslogo.<\/p>\n<table style=\"border-collapse: collapse;width: 100%;height: 140px\">\n<tbody>\n<tr style=\"height: 28px\">\n<td style=\"width: 50%;height: 28px\">Ausf\u00fchrung:<\/td>\n<td style=\"width: 50%;height: 28px\"><strong>Porzellanbecher, uni wei\u00df<\/strong><\/td>\n<\/tr>\n<tr style=\"height: 28px\">\n<td style=\"width: 50%;height: 28px\"><span style=\"font-weight: 400\">Aufdruck<\/span>:<\/td>\n<td style=\"width: 50%;height: 28px\"><strong>Zeitfacette + Logo Deutsches Uhrenmuseum Glash\u00fctte\u00a0<\/strong><\/td>\n<\/tr>\n<tr>\n<td style=\"width: 50%\"><span style=\"font-weight: 400\">Gr\u00f6\u00dfe:<\/span><\/td>\n<td style=\"width: 50%\"><strong>Durchmesser 9<\/strong><strong style=\"font-family: inherit;font-size: inherit\">,1 cm, 320 ml Fassungsverm\u00f6gen<\/strong><\/td>\n<\/tr>\n<tr style=\"height: 28px\">\n<td style=\"width: 50%;height: 28px\"><span style=\"font-weight: 400\">Ausstattung<\/span>:<\/td>\n<td style=\"width: 50%;height: 28px\"><strong>Marke SND PorzellanManufaktur, Verpackung\u00a0 Industriekarton Siebdruck links vom Henkel Zeitfacette, rechts auf der R\u00fcckseite Museumslogo, Made in Europe<\/strong><\/td>\n<\/tr>\n<tr style=\"height: 28px\">\n<td style=\"width: 50%;height: 28px\"><span style=\"font-weight: 400\">Artikelnummer<\/span>:<\/td>\n<td style=\"width: 50%;height: 28px\"><b>70023<\/b><\/td>\n<\/tr>\n<\/tbody>\n<\/table>\n","protected":false},"excerpt":{"rendered":"<p>Porzellantasse F\u00fcr den perfekten Start in den Tag bietet das Deutsche Uhrenmuseum Glash\u00fctte eine hochwertig verarbeitete Porzellantasse als Geschenkartikel an oder als besonderes Erinnerungsst\u00fcck an Ihren Besuch in unserem Haus. Die Tasse ist beidseitig bedruckt mit\u00a0 Zeitfacette und Museumslogo. Ausf\u00fchrung: Porzellanbecher, uni wei\u00df Aufdruck: Zeitfacette + Logo Deutsches Uhrenmuseum Glash\u00fctte\u00a0 Gr\u00f6\u00dfe: Durchmesser 9,1 cm, 320&#8230;<\/p>\n","protected":false},"featured_media":10606,"template":"","meta":{"_acf_changed":false,"_monsterinsights_skip_tracking":false,"_monsterinsights_sitenote_active":false,"_monsterinsights_sitenote_note":"","_monsterinsights_sitenote_category":0},"product_brand":[],"product_cat":[21],"product_tag":[],"class_list":{"0":"post-10605","1":"product","2":"type-product","3":"status-publish","4":"has-post-thumbnail","6":"product_cat-souvenirs","8":"first","9":"instock","10":"taxable","11":"shipping-taxable","12":"purchasable","13":"product-type-simple"},"acf":[],"yoast_head":"<!-- This site is optimized with the Yoast SEO plugin v24.3 - https:\/\/yoast.com\/wordpress\/plugins\/seo\/ -->\n<title>Porzellanbecher wei\u00df | Deutsches Uhrenmuseum Glashuette<\/title>\n<meta name=\"robots\" content=\"index, follow, max-snippet:-1, max-image-preview:large, max-video-preview:-1\" \/>\n<link rel=\"canonical\" href=\"https:\/\/www.uhrenmuseum-glashuette.com\/shop\/souvenirs\/porzellanbecher-weiss\/\" \/>\n<meta property=\"og:locale\" content=\"en_US\" \/>\n<meta property=\"og:type\" content=\"article\" \/>\n<meta property=\"og:title\" content=\"Porzellanbecher wei\u00df | Deutsches Uhrenmuseum Glashuette\" \/>\n<meta property=\"og:description\" content=\"Porzellantasse F\u00fcr den perfekten Start in den Tag bietet das Deutsche Uhrenmuseum Glash\u00fctte eine hochwertig verarbeitete Porzellantasse als Geschenkartikel an oder als besonderes Erinnerungsst\u00fcck an Ihren Besuch in unserem Haus. Die Tasse ist beidseitig bedruckt mit\u00a0 Zeitfacette und Museumslogo. Ausf\u00fchrung: Porzellanbecher, uni wei\u00df Aufdruck: Zeitfacette + Logo Deutsches Uhrenmuseum Glash\u00fctte\u00a0 Gr\u00f6\u00dfe: Durchmesser 9,1 cm, 320...\" \/>\n<meta property=\"og:url\" content=\"https:\/\/www.uhrenmuseum-glashuette.com\/shop\/souvenirs\/porzellanbecher-weiss\/\" \/>\n<meta property=\"og:site_name\" content=\"Deutsches Uhrenmuseum Glashuette\" \/>\n<meta property=\"article:modified_time\" content=\"2025-11-12T12:30:24+00:00\" \/>\n<meta property=\"og:image\" content=\"https:\/\/www.uhrenmuseum-glashuette.com\/wp-content\/uploads\/2023\/12\/Tasse_weiss_1.jpg\" \/>\n\t<meta property=\"og:image:width\" content=\"1838\" \/>\n\t<meta property=\"og:image:height\" content=\"1229\" \/>\n\t<meta property=\"og:image:type\" content=\"image\/jpeg\" \/>\n<meta name=\"twitter:card\" content=\"summary_large_image\" \/>\n<meta name=\"twitter:label1\" content=\"Est. reading time\" \/>\n\t<meta name=\"twitter:data1\" content=\"1 minute\" \/>\n<script type=\"application\/ld+json\" class=\"yoast-schema-graph\">{\"@context\":\"https:\/\/schema.org\",\"@graph\":[{\"@type\":\"WebPage\",\"@id\":\"https:\/\/www.uhrenmuseum-glashuette.com\/shop\/souvenirs\/porzellanbecher-weiss\/\",\"url\":\"https:\/\/www.uhrenmuseum-glashuette.com\/shop\/souvenirs\/porzellanbecher-weiss\/\",\"name\":\"Porzellanbecher wei\u00df | Deutsches Uhrenmuseum Glashuette\",\"isPartOf\":{\"@id\":\"https:\/\/www.uhrenmuseum-glashuette.com\/#website\"},\"primaryImageOfPage\":{\"@id\":\"https:\/\/www.uhrenmuseum-glashuette.com\/shop\/souvenirs\/porzellanbecher-weiss\/#primaryimage\"},\"image\":{\"@id\":\"https:\/\/www.uhrenmuseum-glashuette.com\/shop\/souvenirs\/porzellanbecher-weiss\/#primaryimage\"},\"thumbnailUrl\":\"https:\/\/www.uhrenmuseum-glashuette.com\/wp-content\/uploads\/2023\/12\/Tasse_weiss_1.jpg\",\"datePublished\":\"2023-12-27T15:10:02+00:00\",\"dateModified\":\"2025-11-12T12:30:24+00:00\",\"breadcrumb\":{\"@id\":\"https:\/\/www.uhrenmuseum-glashuette.com\/shop\/souvenirs\/porzellanbecher-weiss\/#breadcrumb\"},\"inLanguage\":\"en-US\",\"potentialAction\":[{\"@type\":\"ReadAction\",\"target\":[\"https:\/\/www.uhrenmuseum-glashuette.com\/shop\/souvenirs\/porzellanbecher-weiss\/\"]}]},{\"@type\":\"ImageObject\",\"inLanguage\":\"en-US\",\"@id\":\"https:\/\/www.uhrenmuseum-glashuette.com\/shop\/souvenirs\/porzellanbecher-weiss\/#primaryimage\",\"url\":\"https:\/\/www.uhrenmuseum-glashuette.com\/wp-content\/uploads\/2023\/12\/Tasse_weiss_1.jpg\",\"contentUrl\":\"https:\/\/www.uhrenmuseum-glashuette.com\/wp-content\/uploads\/2023\/12\/Tasse_weiss_1.jpg\",\"width\":1838,\"height\":1229,\"caption\":\"Porzellantasse mit Aufdruck\"},{\"@type\":\"BreadcrumbList\",\"@id\":\"https:\/\/www.uhrenmuseum-glashuette.com\/shop\/souvenirs\/porzellanbecher-weiss\/#breadcrumb\",\"itemListElement\":[{\"@type\":\"ListItem\",\"position\":1,\"name\":\"Startseite\",\"item\":\"https:\/\/www.uhrenmuseum-glashuette.com\/en\/\"},{\"@type\":\"ListItem\",\"position\":2,\"name\":\"Online Shop\",\"item\":\"https:\/\/www.uhrenmuseum-glashuette.com\/online-shop\/\"},{\"@type\":\"ListItem\",\"position\":3,\"name\":\"Porzellanbecher wei\u00df\"}]},{\"@type\":\"WebSite\",\"@id\":\"https:\/\/www.uhrenmuseum-glashuette.com\/#website\",\"url\":\"https:\/\/www.uhrenmuseum-glashuette.com\/\",\"name\":\"Deutsches Uhrenmuseum Glashuette\",\"description\":\"\",\"publisher\":{\"@id\":\"https:\/\/www.uhrenmuseum-glashuette.com\/#organization\"},\"potentialAction\":[{\"@type\":\"SearchAction\",\"target\":{\"@type\":\"EntryPoint\",\"urlTemplate\":\"https:\/\/www.uhrenmuseum-glashuette.com\/?s={search_term_string}\"},\"query-input\":{\"@type\":\"PropertyValueSpecification\",\"valueRequired\":true,\"valueName\":\"search_term_string\"}}],\"inLanguage\":\"en-US\"},{\"@type\":\"Organization\",\"@id\":\"https:\/\/www.uhrenmuseum-glashuette.com\/#organization\",\"name\":\"Stiftung \\\"Deutsches Uhrenmuseum Glash\u00fctte \u2013 Nicolas G. Hayek\\\"\",\"alternateName\":\"Uhrenmuseum Glash\u00fctte\",\"url\":\"https:\/\/www.uhrenmuseum-glashuette.com\/\",\"logo\":{\"@type\":\"ImageObject\",\"inLanguage\":\"en-US\",\"@id\":\"https:\/\/www.uhrenmuseum-glashuette.com\/#\/schema\/logo\/image\/\",\"url\":\"https:\/\/www.uhrenmuseum-glashuette.com\/wp-content\/uploads\/2020\/01\/cropped-StiftungDeutschesUhrenmuseumGlashuette-Web-Icon_.png\",\"contentUrl\":\"https:\/\/www.uhrenmuseum-glashuette.com\/wp-content\/uploads\/2020\/01\/cropped-StiftungDeutschesUhrenmuseumGlashuette-Web-Icon_.png\",\"width\":512,\"height\":512,\"caption\":\"Stiftung \\\"Deutsches Uhrenmuseum Glash\u00fctte \u2013 Nicolas G. Hayek\\\"\"},\"image\":{\"@id\":\"https:\/\/www.uhrenmuseum-glashuette.com\/#\/schema\/logo\/image\/\"}}]}<\/script>\n<!-- \/ Yoast SEO plugin. -->","yoast_head_json":{"title":"Porzellanbecher wei\u00df | Deutsches Uhrenmuseum Glashuette","robots":{"index":"index","follow":"follow","max-snippet":"max-snippet:-1","max-image-preview":"max-image-preview:large","max-video-preview":"max-video-preview:-1"},"canonical":"https:\/\/www.uhrenmuseum-glashuette.com\/shop\/souvenirs\/porzellanbecher-weiss\/","og_locale":"en_US","og_type":"article","og_title":"Porzellanbecher wei\u00df | Deutsches Uhrenmuseum Glashuette","og_description":"Porzellantasse F\u00fcr den perfekten Start in den Tag bietet das Deutsche Uhrenmuseum Glash\u00fctte eine hochwertig verarbeitete Porzellantasse als Geschenkartikel an oder als besonderes Erinnerungsst\u00fcck an Ihren Besuch in unserem Haus. Die Tasse ist beidseitig bedruckt mit\u00a0 Zeitfacette und Museumslogo. Ausf\u00fchrung: Porzellanbecher, uni wei\u00df Aufdruck: Zeitfacette + Logo Deutsches Uhrenmuseum Glash\u00fctte\u00a0 Gr\u00f6\u00dfe: Durchmesser 9,1 cm, 320...","og_url":"https:\/\/www.uhrenmuseum-glashuette.com\/shop\/souvenirs\/porzellanbecher-weiss\/","og_site_name":"Deutsches Uhrenmuseum Glashuette","article_modified_time":"2025-11-12T12:30:24+00:00","og_image":[{"width":1838,"height":1229,"url":"https:\/\/www.uhrenmuseum-glashuette.com\/wp-content\/uploads\/2023\/12\/Tasse_weiss_1.jpg","type":"image\/jpeg"}],"twitter_card":"summary_large_image","twitter_misc":{"Est. reading time":"1 minute"},"schema":{"@context":"https:\/\/schema.org","@graph":[{"@type":"WebPage","@id":"https:\/\/www.uhrenmuseum-glashuette.com\/shop\/souvenirs\/porzellanbecher-weiss\/","url":"https:\/\/www.uhrenmuseum-glashuette.com\/shop\/souvenirs\/porzellanbecher-weiss\/","name":"Porzellanbecher wei\u00df | Deutsches Uhrenmuseum Glashuette","isPartOf":{"@id":"https:\/\/www.uhrenmuseum-glashuette.com\/#website"},"primaryImageOfPage":{"@id":"https:\/\/www.uhrenmuseum-glashuette.com\/shop\/souvenirs\/porzellanbecher-weiss\/#primaryimage"},"image":{"@id":"https:\/\/www.uhrenmuseum-glashuette.com\/shop\/souvenirs\/porzellanbecher-weiss\/#primaryimage"},"thumbnailUrl":"https:\/\/www.uhrenmuseum-glashuette.com\/wp-content\/uploads\/2023\/12\/Tasse_weiss_1.jpg","datePublished":"2023-12-27T15:10:02+00:00","dateModified":"2025-11-12T12:30:24+00:00","breadcrumb":{"@id":"https:\/\/www.uhrenmuseum-glashuette.com\/shop\/souvenirs\/porzellanbecher-weiss\/#breadcrumb"},"inLanguage":"en-US","potentialAction":[{"@type":"ReadAction","target":["https:\/\/www.uhrenmuseum-glashuette.com\/shop\/souvenirs\/porzellanbecher-weiss\/"]}]},{"@type":"ImageObject","inLanguage":"en-US","@id":"https:\/\/www.uhrenmuseum-glashuette.com\/shop\/souvenirs\/porzellanbecher-weiss\/#primaryimage","url":"https:\/\/www.uhrenmuseum-glashuette.com\/wp-content\/uploads\/2023\/12\/Tasse_weiss_1.jpg","contentUrl":"https:\/\/www.uhrenmuseum-glashuette.com\/wp-content\/uploads\/2023\/12\/Tasse_weiss_1.jpg","width":1838,"height":1229,"caption":"Porzellantasse mit Aufdruck"},{"@type":"BreadcrumbList","@id":"https:\/\/www.uhrenmuseum-glashuette.com\/shop\/souvenirs\/porzellanbecher-weiss\/#breadcrumb","itemListElement":[{"@type":"ListItem","position":1,"name":"Startseite","item":"https:\/\/www.uhrenmuseum-glashuette.com\/en\/"},{"@type":"ListItem","position":2,"name":"Online Shop","item":"https:\/\/www.uhrenmuseum-glashuette.com\/online-shop\/"},{"@type":"ListItem","position":3,"name":"Porzellanbecher wei\u00df"}]},{"@type":"WebSite","@id":"https:\/\/www.uhrenmuseum-glashuette.com\/#website","url":"https:\/\/www.uhrenmuseum-glashuette.com\/","name":"Deutsches Uhrenmuseum Glashuette","description":"","publisher":{"@id":"https:\/\/www.uhrenmuseum-glashuette.com\/#organization"},"potentialAction":[{"@type":"SearchAction","target":{"@type":"EntryPoint","urlTemplate":"https:\/\/www.uhrenmuseum-glashuette.com\/?s={search_term_string}"},"query-input":{"@type":"PropertyValueSpecification","valueRequired":true,"valueName":"search_term_string"}}],"inLanguage":"en-US"},{"@type":"Organization","@id":"https:\/\/www.uhrenmuseum-glashuette.com\/#organization","name":"Stiftung \"Deutsches Uhrenmuseum Glash\u00fctte \u2013 Nicolas G. Hayek\"","alternateName":"Uhrenmuseum Glash\u00fctte","url":"https:\/\/www.uhrenmuseum-glashuette.com\/","logo":{"@type":"ImageObject","inLanguage":"en-US","@id":"https:\/\/www.uhrenmuseum-glashuette.com\/#\/schema\/logo\/image\/","url":"https:\/\/www.uhrenmuseum-glashuette.com\/wp-content\/uploads\/2020\/01\/cropped-StiftungDeutschesUhrenmuseumGlashuette-Web-Icon_.png","contentUrl":"https:\/\/www.uhrenmuseum-glashuette.com\/wp-content\/uploads\/2020\/01\/cropped-StiftungDeutschesUhrenmuseumGlashuette-Web-Icon_.png","width":512,"height":512,"caption":"Stiftung \"Deutsches Uhrenmuseum Glash\u00fctte \u2013 Nicolas G. Hayek\""},"image":{"@id":"https:\/\/www.uhrenmuseum-glashuette.com\/#\/schema\/logo\/image\/"}}]}},"_links":{"self":[{"href":"https:\/\/www.uhrenmuseum-glashuette.com\/en\/wp-json\/wp\/v2\/product\/10605","targetHints":{"allow":["GET"]}}],"collection":[{"href":"https:\/\/www.uhrenmuseum-glashuette.com\/en\/wp-json\/wp\/v2\/product"}],"about":[{"href":"https:\/\/www.uhrenmuseum-glashuette.com\/en\/wp-json\/wp\/v2\/types\/product"}],"wp:featuredmedia":[{"embeddable":true,"href":"https:\/\/www.uhrenmuseum-glashuette.com\/en\/wp-json\/wp\/v2\/media\/10606"}],"wp:attachment":[{"href":"https:\/\/www.uhrenmuseum-glashuette.com\/en\/wp-json\/wp\/v2\/media?parent=10605"}],"wp:term":[{"taxonomy":"product_brand","embeddable":true,"href":"https:\/\/www.uhrenmuseum-glashuette.com\/en\/wp-json\/wp\/v2\/product_brand?post=10605"},{"taxonomy":"product_cat","embeddable":true,"href":"https:\/\/www.uhrenmuseum-glashuette.com\/en\/wp-json\/wp\/v2\/product_cat?post=10605"},{"taxonomy":"product_tag","embeddable":true,"href":"https:\/\/www.uhrenmuseum-glashuette.com\/en\/wp-json\/wp\/v2\/product_tag?post=10605"}],"curies":[{"name":"wp","href":"https:\/\/api.w.org\/{rel}","templated":true}]}}