{"id":3230,"date":"2020-02-14T11:38:42","date_gmt":"2020-02-14T10:38:42","guid":{"rendered":"https:\/\/www.uhrenmuseum-glashuette.com\/?page_id=3230"},"modified":"2023-06-08T12:32:17","modified_gmt":"2023-06-08T10:32:17","slug":"arrival","status":"publish","type":"page","link":"https:\/\/www.uhrenmuseum-glashuette.com\/en\/your-visit\/arrival\/","title":{"rendered":"Arrival"},"content":{"rendered":"<section class=\"l-section wpb_row us_custom_e11ab399 height_huge width_full with_img\"><div class=\"l-section-img\" role=\"img\" data-img-width=\"1920\" data-img-height=\"457\" style=\"background-image: url(https:\/\/www.uhrenmuseum-glashuette.com\/wp-content\/uploads\/2020\/01\/Praezisionspendeluhr.jpg);background-position: top center;background-repeat: no-repeat;\"><\/div><div class=\"l-section-h i-cf\"><div class=\"g-cols vc_row via_flex valign_top type_default stacking_default\"><div class=\"vc_col-sm-12 wpb_column vc_column_container header-text\"><div class=\"vc_column-inner\"><div class=\"wpb_wrapper\"><div class=\"wpb_text_column us_custom_0490361b header-zitat\"><div class=\"wpb_wrapper\"><p>Spend time in new places<\/p>\n<\/div><\/div><\/div><\/div><\/div><\/div><\/div><\/section><section class=\"l-section wpb_row us_custom_534292c1 height_medium\"><div class=\"l-section-h i-cf\"><div class=\"g-cols vc_row via_flex valign_top type_default stacking_default\"><div class=\"vc_col-sm-12 wpb_column vc_column_container\"><div class=\"vc_column-inner\"><div class=\"wpb_wrapper\"><div class=\"g-cols wpb_row us_custom_4eb0a6fd via_flex valign_top type_default stacking_default\"><div class=\"vc_col-sm-12 wpb_column vc_column_container\"><div class=\"vc_column-inner us_custom_4edece6e\"><div class=\"wpb_wrapper\"><nav class=\"g-breadcrumbs separator_icon align_none\" itemscope itemtype=\"http:\/\/schema.org\/BreadcrumbList\"><div class=\"g-breadcrumbs-item\">Pages<\/div><\/nav><\/div><\/div><\/div><\/div><div class=\"g-cols wpb_row us_custom_2eec13b6 via_flex valign_top type_default stacking_default\"><div class=\"vc_col-sm-3\/5 wpb_column vc_column_container\"><div class=\"vc_column-inner\"><div class=\"wpb_wrapper\"><div class=\"wpb_text_column\"><div class=\"wpb_wrapper\"><h1>Arrival<\/h1>\n<p>The German Watch Museum Glash\u00fctte is located in the Eastern Ore Mountains, approx. 30 km south of Dresden. It can be reached easily by train, bus and car.<\/p>\n<p><strong>German Watch Museum Glash\u00fctte <\/strong><br \/>\n<strong>Schillerstra\u00dfe 3a <\/strong><br \/>\n<strong>01768 Glash\u00fctte\/Saxony<\/strong><\/p>\n<p><strong>Germany<\/strong><\/p>\n<\/div><\/div><\/div><\/div><\/div><div class=\"vc_col-sm-2\/5 wpb_column vc_column_container\"><div class=\"vc_column-inner\"><div class=\"wpb_wrapper\"><div class=\"w-image align_none\"><div class=\"w-image-h\"><img decoding=\"async\" width=\"579\" height=\"386\" src=\"https:\/\/www.uhrenmuseum-glashuette.com\/wp-content\/uploads\/2020\/02\/Rueckseite-Museum-mit-Zeitgarten.png\" class=\"attachment-large size-large\" alt=\"\" loading=\"lazy\" srcset=\"https:\/\/www.uhrenmuseum-glashuette.com\/wp-content\/uploads\/2020\/02\/Rueckseite-Museum-mit-Zeitgarten.png 579w, https:\/\/www.uhrenmuseum-glashuette.com\/wp-content\/uploads\/2020\/02\/Rueckseite-Museum-mit-Zeitgarten-300x200.png 300w\" sizes=\"auto, (max-width: 579px) 100vw, 579px\" \/><\/div><\/div><\/div><\/div><\/div><\/div><\/div><\/div><\/div><\/div><\/div><\/section><section class=\"l-section wpb_row us_custom_60d1c4ea height_medium\"><div class=\"l-section-overlay\" style=\"background:rgba(146,162,183,0.4)\"><\/div><div class=\"l-section-h i-cf\"><div class=\"g-cols vc_row via_flex valign_top type_default stacking_default\"><div class=\"vc_col-sm-12 wpb_column vc_column_container\"><div class=\"vc_column-inner\"><div class=\"wpb_wrapper\"><div class=\"g-cols wpb_row us_custom_f37aca33 via_flex valign_top type_default stacking_default\"><div class=\"vc_col-sm-6 wpb_column vc_column_container\"><div class=\"vc_column-inner\"><div class=\"wpb_wrapper\"><div class=\"w-image rounded-corners align_none\"><div class=\"w-image-h\"><img decoding=\"async\" width=\"580\" height=\"611\" src=\"https:\/\/www.uhrenmuseum-glashuette.com\/wp-content\/uploads\/2020\/01\/Museum-Vorderseite_Blick-von-Hauptstrasse-1.jpg\" class=\"attachment-large size-large\" alt=\"\" loading=\"lazy\" srcset=\"https:\/\/www.uhrenmuseum-glashuette.com\/wp-content\/uploads\/2020\/01\/Museum-Vorderseite_Blick-von-Hauptstrasse-1.jpg 580w, https:\/\/www.uhrenmuseum-glashuette.com\/wp-content\/uploads\/2020\/01\/Museum-Vorderseite_Blick-von-Hauptstrasse-1-285x300.jpg 285w\" sizes=\"auto, (max-width: 580px) 100vw, 580px\" \/><\/div><\/div><\/div><\/div><\/div><div class=\"vc_col-sm-6 wpb_column vc_column_container\"><div class=\"vc_column-inner\"><div class=\"wpb_wrapper\"><div class=\"wpb_text_column\"><div class=\"wpb_wrapper\"><h2>Arriving by car<\/h2>\n<p><strong>Via the motorway<br \/>\n<\/strong><br \/>\nA 17 \u21d2 Pirna junction \u21d2 Direction: Glash\u00fctte via M\u00fcglitztal<\/p>\n<p><strong>Via the main road<br \/>\n<\/strong><br \/>\nFrom Dresden:<br \/>\nB170\/E55 in the direction of Dippoldiswalde \u21d2 At Oberh\u00e4slich, turn left in the direction of Glash\u00fctte via Reinholdshain, Niederfrauendorf and Luchau to arrive in Glash\u00fctte<\/p>\n<p>From Altenberg:<br \/>\nVia Geising, Lauenstein, B\u00e4renstein and B\u00e4renhecke to Glash\u00fctte<\/p>\n<p><strong>Parking<\/strong><\/p>\n<p>Free parking can be found all around the German Watch Museum Glash\u00fctte. You will need a parking disc.<\/p>\n<\/div><\/div><\/div><\/div><\/div><\/div><div class=\"g-cols wpb_row via_flex valign_top type_default stacking_default\"><div class=\"vc_col-sm-12 wpb_column vc_column_container\"><div class=\"vc_column-inner\"><div class=\"wpb_wrapper\"><div class=\"w-map provider_google rounded-corners\" id=\"us_map_1\"><div class=\"w-map-inner\"><div class=\"w-map-json\" onclick='return {&quot;address&quot;:&quot;Deutsches Uhrenmuseum Glash\\u00fctte, Schillerstra\\u00dfe, Glash\\u00fctte&quot;,&quot;disableDragging&quot;:0,&quot;disableZoom&quot;:0,&quot;hideControls&quot;:1,&quot;zoom&quot;:14,&quot;markers&quot;:[{&quot;address&quot;:&quot;Deutsches Uhrenmuseum Glash\\u00fctte, Schillerstra\\u00dfe, Glash\\u00fctte&quot;,&quot;html&quot;:&quot;&quot;,&quot;infowindow&quot;:0}],&quot;maptype&quot;:&quot;ROADMAP&quot;}'><\/div><\/div><\/div><\/div><\/div><\/div><\/div><\/div><\/div><\/div><\/div><\/div><\/section><section class=\"l-section wpb_row us_custom_a8487c63 height_medium\"><div class=\"l-section-h i-cf\"><div class=\"g-cols vc_row via_flex valign_top type_default stacking_default\"><div class=\"vc_col-sm-4 wpb_column vc_column_container\"><div class=\"vc_column-inner\"><div class=\"wpb_wrapper\"><div class=\"w-image align_none\"><div class=\"w-image-h\"><img decoding=\"async\" width=\"1024\" height=\"768\" src=\"https:\/\/www.uhrenmuseum-glashuette.com\/wp-content\/uploads\/2023\/01\/M\u00fcglitztalbahn-\u00a9-DB-Regio-AG-1024x768.jpeg\" class=\"attachment-large size-large\" alt=\"\" loading=\"lazy\" srcset=\"https:\/\/www.uhrenmuseum-glashuette.com\/wp-content\/uploads\/2023\/01\/M\u00fcglitztalbahn-\u00a9-DB-Regio-AG-1024x768.jpeg 1024w, https:\/\/www.uhrenmuseum-glashuette.com\/wp-content\/uploads\/2023\/01\/M\u00fcglitztalbahn-\u00a9-DB-Regio-AG-300x225.jpeg 300w, https:\/\/www.uhrenmuseum-glashuette.com\/wp-content\/uploads\/2023\/01\/M\u00fcglitztalbahn-\u00a9-DB-Regio-AG-1536x1152.jpeg 1536w, https:\/\/www.uhrenmuseum-glashuette.com\/wp-content\/uploads\/2023\/01\/M\u00fcglitztalbahn-\u00a9-DB-Regio-AG-2048x1536.jpeg 2048w, https:\/\/www.uhrenmuseum-glashuette.com\/wp-content\/uploads\/2023\/01\/M\u00fcglitztalbahn-\u00a9-DB-Regio-AG-600x450.jpeg 600w\" sizes=\"auto, (max-width: 1024px) 100vw, 1024px\" \/><\/div><\/div><div class=\"wpb_text_column\"><div class=\"wpb_wrapper\"><p><span style=\"font-size: 10pt;\">\u00a9 DB Regio AG<\/span><\/p>\n<\/div><\/div><\/div><\/div><\/div><div class=\"vc_col-sm-8 wpb_column vc_column_container\"><div class=\"vc_column-inner\"><div class=\"wpb_wrapper\"><div class=\"wpb_text_column\"><div class=\"wpb_wrapper\"><h2>Bus and train<\/h2>\n<p><strong>Arriving by bus<\/strong><br \/>\nDresden (central station) \u21d2 Regional bus 360 in the direction of Dippoldiswalde \u21d2 Change at Dippoldiswalde bus station \u21d2 Regional bus 388 in the direction of Glash\u00fctte \u21d2 Alight at Glash\u00fctte station<\/p>\n<p><strong>Arriving by train<\/strong><br \/>\nDresden \u21d2 S-Bahn S1 in the direction of Sch\u00f6na \u21d2 Change at Heidenau station \u21d2 Regional train RB 72 in the direction of Altenberg \u21d2 Alight at Glash\u00fctte station<\/p>\n<p>From the station, you can reach the watch museum easily by foot (300 metres).<\/p>\n<\/div><\/div><\/div><\/div><\/div><\/div><\/div><\/section>\n","protected":false},"excerpt":{"rendered":"Spend time in new places PagesArrival The German Watch Museum Glash\u00fctte is located in the Eastern Ore Mountains, approx. 30 km south of Dresden. It can be reached easily by train, bus and car. German Watch Museum Glash\u00fctte Schillerstra\u00dfe 3a 01768 Glash\u00fctte\/Saxony Germany Arriving by car Via the motorway A 17 \u21d2 Pirna junction \u21d2...","protected":false},"author":1,"featured_media":0,"parent":3016,"menu_order":0,"comment_status":"closed","ping_status":"closed","template":"","meta":{"_acf_changed":false,"_monsterinsights_skip_tracking":false,"_monsterinsights_sitenote_active":false,"_monsterinsights_sitenote_note":"","_monsterinsights_sitenote_category":0,"footnotes":""},"class_list":["post-3230","page","type-page","status-publish","hentry"],"acf":[],"yoast_head":"<!-- This site is optimized with the Yoast SEO plugin v24.3 - https:\/\/yoast.com\/wordpress\/plugins\/seo\/ -->\n<title>Arrival 01768 Glash\u00fctte | Saxony Germany - Your Visit | German Watch Museum Glash\u00fctte<\/title>\n<meta name=\"description\" content=\"To get to the German Watch Museum in 01768 Glash\u00fctte safely and quickly, you will find useful information for your journey here. \u27a4 Start now\" \/>\n<meta name=\"robots\" content=\"index, follow, max-snippet:-1, max-image-preview:large, max-video-preview:-1\" \/>\n<link rel=\"canonical\" href=\"https:\/\/www.uhrenmuseum-glashuette.com\/ihr-besuch\/anreise\/\" \/>\n<meta property=\"og:locale\" content=\"en_US\" \/>\n<meta property=\"og:type\" content=\"article\" \/>\n<meta property=\"og:title\" content=\"Arrival 01768 Glash\u00fctte | Saxony Germany - Your Visit | German Watch Museum Glash\u00fctte\" \/>\n<meta property=\"og:description\" content=\"To get to the German Watch Museum in 01768 Glash\u00fctte safely and quickly, you will find useful information for your journey here. \u27a4 Start now\" \/>\n<meta property=\"og:url\" content=\"https:\/\/www.uhrenmuseum-glashuette.com\/ihr-besuch\/anreise\/\" \/>\n<meta property=\"og:site_name\" content=\"Deutsches Uhrenmuseum Glashuette\" \/>\n<meta property=\"article:modified_time\" content=\"2023-06-08T10:32:17+00:00\" \/>\n<meta property=\"og:image\" content=\"https:\/\/www.uhrenmuseum-glashuette.com\/wp-content\/uploads\/2020\/01\/Logo.jpg\" \/>\n\t<meta property=\"og:image:width\" content=\"500\" \/>\n\t<meta property=\"og:image:height\" content=\"315\" \/>\n\t<meta property=\"og:image:type\" content=\"image\/jpeg\" \/>\n<meta name=\"twitter:card\" content=\"summary_large_image\" \/>\n<meta name=\"twitter:label1\" content=\"Est. reading time\" \/>\n\t<meta name=\"twitter:data1\" content=\"3 minutes\" \/>\n<script type=\"application\/ld+json\" class=\"yoast-schema-graph\">{\"@context\":\"https:\/\/schema.org\",\"@graph\":[{\"@type\":\"WebPage\",\"@id\":\"https:\/\/www.uhrenmuseum-glashuette.com\/ihr-besuch\/anreise\/\",\"url\":\"https:\/\/www.uhrenmuseum-glashuette.com\/ihr-besuch\/anreise\/\",\"name\":\"Arrival 01768 Glash\u00fctte | Saxony Germany - Your Visit | German Watch Museum Glash\u00fctte\",\"isPartOf\":{\"@id\":\"https:\/\/www.uhrenmuseum-glashuette.com\/#website\"},\"datePublished\":\"2020-02-14T10:38:42+00:00\",\"dateModified\":\"2023-06-08T10:32:17+00:00\",\"description\":\"To get to the German Watch Museum in 01768 Glash\u00fctte safely and quickly, you will find useful information for your journey here. \u27a4 Start now\",\"breadcrumb\":{\"@id\":\"https:\/\/www.uhrenmuseum-glashuette.com\/ihr-besuch\/anreise\/#breadcrumb\"},\"inLanguage\":\"en-US\",\"potentialAction\":[{\"@type\":\"ReadAction\",\"target\":[\"https:\/\/www.uhrenmuseum-glashuette.com\/ihr-besuch\/anreise\/\"]}]},{\"@type\":\"BreadcrumbList\",\"@id\":\"https:\/\/www.uhrenmuseum-glashuette.com\/ihr-besuch\/anreise\/#breadcrumb\",\"itemListElement\":[{\"@type\":\"ListItem\",\"position\":1,\"name\":\"Startseite\",\"item\":\"https:\/\/www.uhrenmuseum-glashuette.com\/en\/\"},{\"@type\":\"ListItem\",\"position\":2,\"name\":\"Your Visit\",\"item\":\"https:\/\/www.uhrenmuseum-glashuette.com\/en\/your-visit\/\"},{\"@type\":\"ListItem\",\"position\":3,\"name\":\"Arrival\"}]},{\"@type\":\"WebSite\",\"@id\":\"https:\/\/www.uhrenmuseum-glashuette.com\/#website\",\"url\":\"https:\/\/www.uhrenmuseum-glashuette.com\/\",\"name\":\"Deutsches Uhrenmuseum Glashuette\",\"description\":\"\",\"publisher\":{\"@id\":\"https:\/\/www.uhrenmuseum-glashuette.com\/#organization\"},\"potentialAction\":[{\"@type\":\"SearchAction\",\"target\":{\"@type\":\"EntryPoint\",\"urlTemplate\":\"https:\/\/www.uhrenmuseum-glashuette.com\/?s={search_term_string}\"},\"query-input\":{\"@type\":\"PropertyValueSpecification\",\"valueRequired\":true,\"valueName\":\"search_term_string\"}}],\"inLanguage\":\"en-US\"},{\"@type\":\"Organization\",\"@id\":\"https:\/\/www.uhrenmuseum-glashuette.com\/#organization\",\"name\":\"Stiftung \\\"Deutsches Uhrenmuseum Glash\u00fctte \u2013 Nicolas G. Hayek\\\"\",\"alternateName\":\"Uhrenmuseum Glash\u00fctte\",\"url\":\"https:\/\/www.uhrenmuseum-glashuette.com\/\",\"logo\":{\"@type\":\"ImageObject\",\"inLanguage\":\"en-US\",\"@id\":\"https:\/\/www.uhrenmuseum-glashuette.com\/#\/schema\/logo\/image\/\",\"url\":\"https:\/\/www.uhrenmuseum-glashuette.com\/wp-content\/uploads\/2020\/01\/cropped-StiftungDeutschesUhrenmuseumGlashuette-Web-Icon_.png\",\"contentUrl\":\"https:\/\/www.uhrenmuseum-glashuette.com\/wp-content\/uploads\/2020\/01\/cropped-StiftungDeutschesUhrenmuseumGlashuette-Web-Icon_.png\",\"width\":512,\"height\":512,\"caption\":\"Stiftung \\\"Deutsches Uhrenmuseum Glash\u00fctte \u2013 Nicolas G. Hayek\\\"\"},\"image\":{\"@id\":\"https:\/\/www.uhrenmuseum-glashuette.com\/#\/schema\/logo\/image\/\"}}]}<\/script>\n<!-- \/ Yoast SEO plugin. -->","yoast_head_json":{"title":"Arrival 01768 Glash\u00fctte | Saxony Germany - Your Visit | German Watch Museum Glash\u00fctte","description":"To get to the German Watch Museum in 01768 Glash\u00fctte safely and quickly, you will find useful information for your journey here. \u27a4 Start now","robots":{"index":"index","follow":"follow","max-snippet":"max-snippet:-1","max-image-preview":"max-image-preview:large","max-video-preview":"max-video-preview:-1"},"canonical":"https:\/\/www.uhrenmuseum-glashuette.com\/ihr-besuch\/anreise\/","og_locale":"en_US","og_type":"article","og_title":"Arrival 01768 Glash\u00fctte | Saxony Germany - Your Visit | German Watch Museum Glash\u00fctte","og_description":"To get to the German Watch Museum in 01768 Glash\u00fctte safely and quickly, you will find useful information for your journey here. \u27a4 Start now","og_url":"https:\/\/www.uhrenmuseum-glashuette.com\/ihr-besuch\/anreise\/","og_site_name":"Deutsches Uhrenmuseum Glashuette","article_modified_time":"2023-06-08T10:32:17+00:00","og_image":[{"width":500,"height":315,"url":"https:\/\/www.uhrenmuseum-glashuette.com\/wp-content\/uploads\/2020\/01\/Logo.jpg","type":"image\/jpeg"}],"twitter_card":"summary_large_image","twitter_misc":{"Est. reading time":"3 minutes"},"schema":{"@context":"https:\/\/schema.org","@graph":[{"@type":"WebPage","@id":"https:\/\/www.uhrenmuseum-glashuette.com\/ihr-besuch\/anreise\/","url":"https:\/\/www.uhrenmuseum-glashuette.com\/ihr-besuch\/anreise\/","name":"Arrival 01768 Glash\u00fctte | Saxony Germany - Your Visit | German Watch Museum Glash\u00fctte","isPartOf":{"@id":"https:\/\/www.uhrenmuseum-glashuette.com\/#website"},"datePublished":"2020-02-14T10:38:42+00:00","dateModified":"2023-06-08T10:32:17+00:00","description":"To get to the German Watch Museum in 01768 Glash\u00fctte safely and quickly, you will find useful information for your journey here. \u27a4 Start now","breadcrumb":{"@id":"https:\/\/www.uhrenmuseum-glashuette.com\/ihr-besuch\/anreise\/#breadcrumb"},"inLanguage":"en-US","potentialAction":[{"@type":"ReadAction","target":["https:\/\/www.uhrenmuseum-glashuette.com\/ihr-besuch\/anreise\/"]}]},{"@type":"BreadcrumbList","@id":"https:\/\/www.uhrenmuseum-glashuette.com\/ihr-besuch\/anreise\/#breadcrumb","itemListElement":[{"@type":"ListItem","position":1,"name":"Startseite","item":"https:\/\/www.uhrenmuseum-glashuette.com\/en\/"},{"@type":"ListItem","position":2,"name":"Your Visit","item":"https:\/\/www.uhrenmuseum-glashuette.com\/en\/your-visit\/"},{"@type":"ListItem","position":3,"name":"Arrival"}]},{"@type":"WebSite","@id":"https:\/\/www.uhrenmuseum-glashuette.com\/#website","url":"https:\/\/www.uhrenmuseum-glashuette.com\/","name":"Deutsches Uhrenmuseum Glashuette","description":"","publisher":{"@id":"https:\/\/www.uhrenmuseum-glashuette.com\/#organization"},"potentialAction":[{"@type":"SearchAction","target":{"@type":"EntryPoint","urlTemplate":"https:\/\/www.uhrenmuseum-glashuette.com\/?s={search_term_string}"},"query-input":{"@type":"PropertyValueSpecification","valueRequired":true,"valueName":"search_term_string"}}],"inLanguage":"en-US"},{"@type":"Organization","@id":"https:\/\/www.uhrenmuseum-glashuette.com\/#organization","name":"Stiftung \"Deutsches Uhrenmuseum Glash\u00fctte \u2013 Nicolas G. Hayek\"","alternateName":"Uhrenmuseum Glash\u00fctte","url":"https:\/\/www.uhrenmuseum-glashuette.com\/","logo":{"@type":"ImageObject","inLanguage":"en-US","@id":"https:\/\/www.uhrenmuseum-glashuette.com\/#\/schema\/logo\/image\/","url":"https:\/\/www.uhrenmuseum-glashuette.com\/wp-content\/uploads\/2020\/01\/cropped-StiftungDeutschesUhrenmuseumGlashuette-Web-Icon_.png","contentUrl":"https:\/\/www.uhrenmuseum-glashuette.com\/wp-content\/uploads\/2020\/01\/cropped-StiftungDeutschesUhrenmuseumGlashuette-Web-Icon_.png","width":512,"height":512,"caption":"Stiftung \"Deutsches Uhrenmuseum Glash\u00fctte \u2013 Nicolas G. Hayek\""},"image":{"@id":"https:\/\/www.uhrenmuseum-glashuette.com\/#\/schema\/logo\/image\/"}}]}},"_links":{"self":[{"href":"https:\/\/www.uhrenmuseum-glashuette.com\/en\/wp-json\/wp\/v2\/pages\/3230","targetHints":{"allow":["GET"]}}],"collection":[{"href":"https:\/\/www.uhrenmuseum-glashuette.com\/en\/wp-json\/wp\/v2\/pages"}],"about":[{"href":"https:\/\/www.uhrenmuseum-glashuette.com\/en\/wp-json\/wp\/v2\/types\/page"}],"author":[{"embeddable":true,"href":"https:\/\/www.uhrenmuseum-glashuette.com\/en\/wp-json\/wp\/v2\/users\/1"}],"replies":[{"embeddable":true,"href":"https:\/\/www.uhrenmuseum-glashuette.com\/en\/wp-json\/wp\/v2\/comments?post=3230"}],"version-history":[{"count":9,"href":"https:\/\/www.uhrenmuseum-glashuette.com\/en\/wp-json\/wp\/v2\/pages\/3230\/revisions"}],"predecessor-version":[{"id":8494,"href":"https:\/\/www.uhrenmuseum-glashuette.com\/en\/wp-json\/wp\/v2\/pages\/3230\/revisions\/8494"}],"up":[{"embeddable":true,"href":"https:\/\/www.uhrenmuseum-glashuette.com\/en\/wp-json\/wp\/v2\/pages\/3016"}],"wp:attachment":[{"href":"https:\/\/www.uhrenmuseum-glashuette.com\/en\/wp-json\/wp\/v2\/media?parent=3230"}],"curies":[{"name":"wp","href":"https:\/\/api.w.org\/{rel}","templated":true}]}}