{"id":3093,"date":"2020-02-13T14:27:28","date_gmt":"2020-02-13T13:27:28","guid":{"rendered":"https:\/\/www.uhrenmuseum-glashuette.com\/?page_id=3093"},"modified":"2025-11-24T17:36:54","modified_gmt":"2025-11-24T16:36:54","slug":"museum","status":"publish","type":"page","link":"https:\/\/www.uhrenmuseum-glashuette.com\/en\/guided-tours\/museum\/","title":{"rendered":"Museum"},"content":{"rendered":"<section class=\"l-section wpb_row us_custom_e11ab399 height_huge width_full with_img\"><div class=\"l-section-img\" role=\"img\" data-img-width=\"1920\" data-img-height=\"715\" style=\"background-image: url(https:\/\/www.uhrenmuseum-glashuette.com\/wp-content\/uploads\/2023\/01\/Banner_Veranstaltungskalender-1.jpg);background-position: top center;background-repeat: no-repeat;\"><\/div><div class=\"l-section-h i-cf\"><div class=\"g-cols vc_row via_flex valign_top type_default stacking_default\"><div class=\"vc_col-sm-12 wpb_column vc_column_container header-text\"><div class=\"vc_column-inner\"><div class=\"wpb_wrapper\"><div class=\"wpb_text_column us_custom_0490361b header-zitat\"><div class=\"wpb_wrapper\"><p>If we take time, time gives us something in return.<\/p>\n<\/div><\/div><\/div><\/div><\/div><\/div><\/div><\/section><section class=\"l-section wpb_row us_custom_534292c1 height_medium\"><div class=\"l-section-h i-cf\"><div class=\"g-cols vc_row via_flex valign_top type_default stacking_default\"><div class=\"vc_col-sm-12 wpb_column vc_column_container\"><div class=\"vc_column-inner\"><div class=\"wpb_wrapper\"><div class=\"g-cols wpb_row us_custom_4eb0a6fd via_flex valign_top type_default stacking_default\"><div class=\"vc_col-sm-12 wpb_column vc_column_container\"><div class=\"vc_column-inner us_custom_4edece6e\"><div class=\"wpb_wrapper\"><nav class=\"g-breadcrumbs separator_icon align_none\" itemscope itemtype=\"http:\/\/schema.org\/BreadcrumbList\"><div class=\"g-breadcrumbs-item\">Pages<\/div><\/nav><\/div><\/div><\/div><\/div><div class=\"g-cols wpb_row us_custom_2eec13b6 via_flex valign_top type_default stacking_default\"><div class=\"vc_col-sm-12 wpb_column vc_column_container\"><div class=\"vc_column-inner\"><div class=\"wpb_wrapper\"><div class=\"wpb_text_column\"><div class=\"wpb_wrapper\"><h1>Guided tours in the museum<\/h1>\n<p><span style=\"font-weight: 400;\">Experience a guided journey through time, through 180 years of the Glash\u00fctte art of watchmaking, in the permanent exhibition of the German Watch Museum Glash\u00fctte. <\/span><span style=\"font-weight: 400;\">Whether you are a technophile, interested in history or simply curious \u2013 we will be happy to adapt our guided tour to your interests. Simply specify what you want when you sign up.<\/span><\/p>\n<p>Guided tours are available by prior arrangement for groups of up to 25 people on opening days and for groups of 10 people or more also on Mondays and Tuesdays. Guided tours for larger groups on request. Please book your guided tour well in advance.<\/p>\n<p><span style=\"font-weight: 400;\"><br \/>\n<\/span>Telephone: <a href=\"tel:+49350534612102\">+49 35053-4612102<\/a><br \/>\nE-mail: info@uhrenmuseum-glashuette.com<\/p>\n<\/div><\/div><\/div><\/div><\/div><\/div><div class=\"g-cols wpb_row us_custom_f029a2ba via_flex valign_top type_default stacking_default\"><div class=\"vc_col-sm-2\/5 wpb_column vc_column_container\"><div class=\"vc_column-inner\"><div class=\"wpb_wrapper\"><div class=\"w-image us_custom_f89a0b0f rounded-corners align_none\"><div class=\"w-image-h\"><img decoding=\"async\" width=\"1920\" height=\"1280\" src=\"https:\/\/www.uhrenmuseum-glashuette.com\/wp-content\/uploads\/2023\/07\/221025-Uhrenmuseum-Glashuette-Foto-Rene-Gaens-L1770283.jpg\" class=\"attachment-full size-full\" alt=\"\" loading=\"lazy\" srcset=\"https:\/\/www.uhrenmuseum-glashuette.com\/wp-content\/uploads\/2023\/07\/221025-Uhrenmuseum-Glashuette-Foto-Rene-Gaens-L1770283.jpg 1920w, https:\/\/www.uhrenmuseum-glashuette.com\/wp-content\/uploads\/2023\/07\/221025-Uhrenmuseum-Glashuette-Foto-Rene-Gaens-L1770283-300x200.jpg 300w, https:\/\/www.uhrenmuseum-glashuette.com\/wp-content\/uploads\/2023\/07\/221025-Uhrenmuseum-Glashuette-Foto-Rene-Gaens-L1770283-1024x683.jpg 1024w, https:\/\/www.uhrenmuseum-glashuette.com\/wp-content\/uploads\/2023\/07\/221025-Uhrenmuseum-Glashuette-Foto-Rene-Gaens-L1770283-600x400.jpg 600w\" sizes=\"auto, (max-width: 1920px) 100vw, 1920px\" \/><\/div><\/div><\/div><\/div><\/div><div class=\"vc_col-sm-3\/5 wpb_column vc_column_container\"><div class=\"vc_column-inner\"><div class=\"wpb_wrapper\"><div class=\"wpb_text_column aktuelles-titel\"><div class=\"wpb_wrapper\"><h2>Guided tours in English<\/h2>\n<\/div><\/div><div class=\"wpb_text_column\"><div class=\"wpb_wrapper\"><p>Group: 1 to max. 25 people<br \/>\nDuration: Approx. 90 min<br \/>\nPrice: EUR 100 plus entry per person<br \/>\nOther languages may be available upon consultation.<br \/>\nRegistration required<\/p>\n<p><span style=\"color: #cb002c;\">Please note: Unfortunately, no personal guided tours are possible from 26 to 31 May 2026. Alternatively, our audio guides are available to accompany you on your tour.<\/span><\/p>\n<\/div><\/div><div class=\"w-btn-wrapper align_right\"><a class=\"w-btn us-btn-style_1 aktuelles-fix-mehr\" title=\"To registration\" href=\"\/en\/guided-tours\/museum\/registration-guided-museum-tour-english\/\"><span class=\"w-btn-label\">To registration &gt;<\/span><\/a><\/div><\/div><\/div><\/div><\/div><div class=\"g-cols wpb_row us_custom_f029a2ba via_flex valign_top type_default stacking_default\"><div class=\"vc_col-sm-2\/5 wpb_column vc_column_container\"><div class=\"vc_column-inner\"><div class=\"wpb_wrapper\"><div class=\"w-image us_custom_f89a0b0f rounded-corners align_none\"><div class=\"w-image-h\"><img decoding=\"async\" width=\"1920\" height=\"1281\" src=\"https:\/\/www.uhrenmuseum-glashuette.com\/wp-content\/uploads\/2023\/07\/221025-Uhrenmuseum-Glashuette-Foto-Rene-Gaens-L1000637.jpg\" class=\"attachment-full size-full\" alt=\"\" loading=\"lazy\" srcset=\"https:\/\/www.uhrenmuseum-glashuette.com\/wp-content\/uploads\/2023\/07\/221025-Uhrenmuseum-Glashuette-Foto-Rene-Gaens-L1000637.jpg 1920w, https:\/\/www.uhrenmuseum-glashuette.com\/wp-content\/uploads\/2023\/07\/221025-Uhrenmuseum-Glashuette-Foto-Rene-Gaens-L1000637-300x200.jpg 300w, https:\/\/www.uhrenmuseum-glashuette.com\/wp-content\/uploads\/2023\/07\/221025-Uhrenmuseum-Glashuette-Foto-Rene-Gaens-L1000637-1024x683.jpg 1024w, https:\/\/www.uhrenmuseum-glashuette.com\/wp-content\/uploads\/2023\/07\/221025-Uhrenmuseum-Glashuette-Foto-Rene-Gaens-L1000637-600x400.jpg 600w\" sizes=\"auto, (max-width: 1920px) 100vw, 1920px\" \/><\/div><\/div><\/div><\/div><\/div><div class=\"vc_col-sm-3\/5 wpb_column vc_column_container zwei-buttons\"><div class=\"vc_column-inner\"><div class=\"wpb_wrapper\"><div class=\"wpb_text_column aktuelles-titel\"><div class=\"wpb_wrapper\"><h2>Audio guide<\/h2>\n<\/div><\/div><div class=\"wpb_text_column\"><div class=\"wpb_wrapper\"><p>The audio guide offers a guided tour through the permanent exhibition of the German Watch Museum Glash\u00fctte. At 49 stations, listeners receive additional information about the history of watchmaking and the unique objects in the watch museum&#8217;s collection.<\/p>\n<p>Languages: English, Czech, Chinese, German<br \/>\nCosts: EUR 2.50 per device<\/p>\n<\/div><\/div>[vc_raw_html]JTNDYXVkaW8lMjBpZCUzRCUyMmhwLWRldXRzY2glMjIlMjBzcmMlM0QlMjIlMkZ3cC1jb250ZW50JTJGdXBsb2FkcyUyRjIwMjAlMkYwMiUyRmVuXzA5OS5tcDMlMjIlMjBwcmVsb2FkJTNEJTIyYXV0byUyMiUzRQ==[\/vc_raw_html]<div class=\"w-btn-wrapper align_right\"><button class=\"w-btn us-btn-style_1 aktuelles-fix-mehr icon_atright\" id=\"hp-deutsch-play\"><span class=\"w-btn-label\">English audio test<\/span><i class=\"fas fa-play\"><\/i><\/button><\/div>[vc_raw_js]JTNDc2NyaXB0JTNFJTIwJTBBJTBBdmFyJTIwcGxheXMlMjAlM0QlMjBmYWxzZSUzQiUwQSUwQWpRdWVyeSUyOCUyNyUyM2hwLWRldXRzY2gtcGxheSUyNyUyOS5vbiUyOCUyN2NsaWNrJTI3JTJDJTIwZnVuY3Rpb24lMjglMjklMjAlN0IlMEElMjAlMjAlMjBpZiUyOHBsYXlzJTIwJTNEJTNEJTIwZmFsc2UlMjklN0IlMEElMjAlMjAlMjAlMjAlMjAlMjAlMjAlMjBqUXVlcnklMjglMjclMjNocC1kZXV0c2NoJTI3JTI5JTVCMCU1RC5wbGF5JTI4JTI5JTNCJTBBJTIwJTIwJTIwJTIwJTIwJTIwJTIwJTIwalF1ZXJ5JTI4JTI3JTIzaHAtZGV1dHNjaC1wbGF5JTIwJTNFJTIwaSUyNyUyOS5yZW1vdmVDbGFzcyUyOCUyN2ZhLXBsYXklMjclMjklM0IlMEElMjAlMjAlMjAlMjAlMjAlMjAlMjAlMjBqUXVlcnklMjglMjclMjNocC1kZXV0c2NoLXBsYXklMjAlM0UlMjBpJTI3JTI5LmFkZENsYXNzJTI4JTI3ZmEtcGF1c2UlMjclMjklM0IlMEElMjAlMjAlMjAlMjAlMjAlMjAlMjAlMjBwbGF5cyUyMCUzRCUyMHRydWUlM0IlMEElMjAlMjAlMjAlN0QlMjBlbHNlJTdCJTBBJTIwJTIwJTIwJTIwJTIwJTIwJTIwJTIwalF1ZXJ5JTI4JTI3JTIzaHAtZGV1dHNjaCUyNyUyOSU1QjAlNUQucGF1c2UlMjglMjklM0IlMEElMjAlMjAlMjAlMjAlMjAlMjAlMjAlMjBqUXVlcnklMjglMjclMjNocC1kZXV0c2NoLXBsYXklMjAlM0UlMjBpJTI3JTI5LnJlbW92ZUNsYXNzJTI4JTI3ZmEtcGF1c2UlMjclMjklM0IlMEElMjAlMjAlMjAlMjAlMjAlMjAlMjAlMjBqUXVlcnklMjglMjclMjNocC1kZXV0c2NoLXBsYXklMjAlM0UlMjBpJTI3JTI5LmFkZENsYXNzJTI4JTI3ZmEtcGxheSUyNyUyOSUzQiUwQSUyMCUyMCUyMCUyMCUyMCUyMCUyMCUyMHBsYXlzJTIwJTNEJTIwZmFsc2UlM0IlMEElMjAlMjAlMjAlN0QlMEElN0QlMjklMEF2YXIlMjBrcGxheXMlMjAlM0QlMjBmYWxzZSUzQiUwQSUwQWpRdWVyeSUyOCUyNyUyM2hwLWtpbmRlci1wbGF5JTI3JTI5Lm9uJTI4JTI3Y2xpY2slMjclMkMlMjBmdW5jdGlvbiUyOCUyOSUyMCU3QiUwQSUyMCUyMCUyMGlmJTI4a3BsYXlzJTIwJTNEJTNEJTIwZmFsc2UlMjklN0IlMEElMjAlMjAlMjAlMjAlMjAlMjAlMjAlMjBqUXVlcnklMjglMjclMjNocC1raW5kZXIlMjclMjklNUIwJTVELnBsYXklMjglMjklM0IlMEElMjAlMjAlMjAlMjAlMjAlMjAlMjAlMjBqUXVlcnklMjglMjclMjNocC1raW5kZXItcGxheSUyMCUzRSUyMGklMjclMjkucmVtb3ZlQ2xhc3MlMjglMjdmYS1wbGF5JTI3JTI5JTNCJTBBJTIwJTIwJTIwJTIwJTIwJTIwJTIwJTIwalF1ZXJ5JTI4JTI3JTIzaHAta2luZGVyLXBsYXklMjAlM0UlMjBpJTI3JTI5LmFkZENsYXNzJTI4JTI3ZmEtcGF1c2UlMjclMjklM0IlMEElMjAlMjAlMjAlMjAlMjAlMjAlMjAlMjBrcGxheXMlMjAlM0QlMjB0cnVlJTNCJTBBJTIwJTIwJTIwJTdEJTIwZWxzZSU3QiUwQSUyMCUyMCUyMCUyMCUyMCUyMCUyMCUyMGpRdWVyeSUyOCUyNyUyM2hwLWtpbmRlciUyNyUyOSU1QjAlNUQucGF1c2UlMjglMjklM0IlMEElMjAlMjAlMjAlMjAlMjAlMjAlMjAlMjBqUXVlcnklMjglMjclMjNocC1raW5kZXItcGxheSUyMCUzRSUyMGklMjclMjkucmVtb3ZlQ2xhc3MlMjglMjdmYS1wYXVzZSUyNyUyOSUzQiUwQSUyMCUyMCUyMCUyMCUyMCUyMCUyMCUyMGpRdWVyeSUyOCUyNyUyM2hwLWtpbmRlci1wbGF5JTIwJTNFJTIwaSUyNyUyOS5hZGRDbGFzcyUyOCUyN2ZhLXBsYXklMjclMjklM0IlMEElMjAlMjAlMjAlMjAlMjAlMjAlMjAlMjBrcGxheXMlMjAlM0QlMjBmYWxzZSUzQiUwQSUyMCUyMCUyMCU3RCUwQSU3RCUyOSUwQSUzQyUyRnNjcmlwdCUzRQ==[\/vc_raw_js]<\/div><\/div><\/div><\/div><\/div><\/div><\/div><\/div><\/div><\/section>\n","protected":false},"excerpt":{"rendered":"If we take time, time gives us something in return. PagesGuided tours in the museum Experience a guided journey through time, through 180 years of the Glash\u00fctte art of watchmaking, in the permanent exhibition of the German Watch Museum Glash\u00fctte. Whether you are a technophile, interested in history or simply curious \u2013 we will be...","protected":false},"author":1,"featured_media":0,"parent":3091,"menu_order":0,"comment_status":"closed","ping_status":"closed","template":"","meta":{"_acf_changed":false,"_monsterinsights_skip_tracking":false,"_monsterinsights_sitenote_active":false,"_monsterinsights_sitenote_note":"","_monsterinsights_sitenote_category":0,"footnotes":""},"class_list":["post-3093","page","type-page","status-publish","hentry"],"acf":[],"yoast_head":"<!-- This site is optimized with the Yoast SEO plugin v24.3 - https:\/\/yoast.com\/wordpress\/plugins\/seo\/ -->\n<title>Guided Tours in the German Watch Museum Glash\u00fctte | German Watch Museum Glash\u00fctte<\/title>\n<meta name=\"description\" content=\"The German Watch Museum Glash\u00fctte offers you various interesting and extensive guided tours through all exhibitions \u27a4 Reserve a guided tour now\" \/>\n<meta name=\"robots\" content=\"index, follow, max-snippet:-1, max-image-preview:large, max-video-preview:-1\" \/>\n<link rel=\"canonical\" href=\"https:\/\/www.uhrenmuseum-glashuette.com\/en\/guided-tours\/museum\/\" \/>\n<meta property=\"og:locale\" content=\"en_US\" \/>\n<meta property=\"og:type\" content=\"article\" \/>\n<meta property=\"og:title\" content=\"Guided Tours in the German Watch Museum Glash\u00fctte | German Watch Museum Glash\u00fctte\" \/>\n<meta property=\"og:description\" content=\"The German Watch Museum Glash\u00fctte offers you various interesting and extensive guided tours through all exhibitions \u27a4 Reserve a guided tour now\" \/>\n<meta property=\"og:url\" content=\"https:\/\/www.uhrenmuseum-glashuette.com\/en\/guided-tours\/museum\/\" \/>\n<meta property=\"og:site_name\" content=\"Deutsches Uhrenmuseum Glashuette\" \/>\n<meta property=\"article:modified_time\" content=\"2025-11-24T16:36:54+00:00\" \/>\n<meta property=\"og:image\" content=\"https:\/\/www.uhrenmuseum-glashuette.com\/wp-content\/uploads\/2020\/01\/Logo.jpg\" \/>\n\t<meta property=\"og:image:width\" content=\"500\" \/>\n\t<meta property=\"og:image:height\" content=\"315\" \/>\n\t<meta property=\"og:image:type\" content=\"image\/jpeg\" \/>\n<meta name=\"twitter:card\" content=\"summary_large_image\" \/>\n<meta name=\"twitter:label1\" content=\"Est. reading time\" \/>\n\t<meta name=\"twitter:data1\" content=\"2 minutes\" \/>\n<script type=\"application\/ld+json\" class=\"yoast-schema-graph\">{\"@context\":\"https:\/\/schema.org\",\"@graph\":[{\"@type\":\"WebPage\",\"@id\":\"https:\/\/www.uhrenmuseum-glashuette.com\/en\/guided-tours\/museum\/\",\"url\":\"https:\/\/www.uhrenmuseum-glashuette.com\/en\/guided-tours\/museum\/\",\"name\":\"Guided Tours in the German Watch Museum Glash\u00fctte | German Watch Museum Glash\u00fctte\",\"isPartOf\":{\"@id\":\"https:\/\/www.uhrenmuseum-glashuette.com\/#website\"},\"datePublished\":\"2020-02-13T13:27:28+00:00\",\"dateModified\":\"2025-11-24T16:36:54+00:00\",\"description\":\"The German Watch Museum Glash\u00fctte offers you various interesting and extensive guided tours through all exhibitions \u27a4 Reserve a guided tour now\",\"breadcrumb\":{\"@id\":\"https:\/\/www.uhrenmuseum-glashuette.com\/en\/guided-tours\/museum\/#breadcrumb\"},\"inLanguage\":\"en-US\",\"potentialAction\":[{\"@type\":\"ReadAction\",\"target\":[\"https:\/\/www.uhrenmuseum-glashuette.com\/en\/guided-tours\/museum\/\"]}]},{\"@type\":\"BreadcrumbList\",\"@id\":\"https:\/\/www.uhrenmuseum-glashuette.com\/en\/guided-tours\/museum\/#breadcrumb\",\"itemListElement\":[{\"@type\":\"ListItem\",\"position\":1,\"name\":\"Startseite\",\"item\":\"https:\/\/www.uhrenmuseum-glashuette.com\/en\/\"},{\"@type\":\"ListItem\",\"position\":2,\"name\":\"Guided Tours\",\"item\":\"https:\/\/www.uhrenmuseum-glashuette.com\/en\/guided-tours\/\"},{\"@type\":\"ListItem\",\"position\":3,\"name\":\"Museum\"}]},{\"@type\":\"WebSite\",\"@id\":\"https:\/\/www.uhrenmuseum-glashuette.com\/#website\",\"url\":\"https:\/\/www.uhrenmuseum-glashuette.com\/\",\"name\":\"Deutsches Uhrenmuseum Glashuette\",\"description\":\"\",\"publisher\":{\"@id\":\"https:\/\/www.uhrenmuseum-glashuette.com\/#organization\"},\"potentialAction\":[{\"@type\":\"SearchAction\",\"target\":{\"@type\":\"EntryPoint\",\"urlTemplate\":\"https:\/\/www.uhrenmuseum-glashuette.com\/?s={search_term_string}\"},\"query-input\":{\"@type\":\"PropertyValueSpecification\",\"valueRequired\":true,\"valueName\":\"search_term_string\"}}],\"inLanguage\":\"en-US\"},{\"@type\":\"Organization\",\"@id\":\"https:\/\/www.uhrenmuseum-glashuette.com\/#organization\",\"name\":\"Stiftung \\\"Deutsches Uhrenmuseum Glash\u00fctte \u2013 Nicolas G. Hayek\\\"\",\"alternateName\":\"Uhrenmuseum Glash\u00fctte\",\"url\":\"https:\/\/www.uhrenmuseum-glashuette.com\/\",\"logo\":{\"@type\":\"ImageObject\",\"inLanguage\":\"en-US\",\"@id\":\"https:\/\/www.uhrenmuseum-glashuette.com\/#\/schema\/logo\/image\/\",\"url\":\"https:\/\/www.uhrenmuseum-glashuette.com\/wp-content\/uploads\/2020\/01\/cropped-StiftungDeutschesUhrenmuseumGlashuette-Web-Icon_.png\",\"contentUrl\":\"https:\/\/www.uhrenmuseum-glashuette.com\/wp-content\/uploads\/2020\/01\/cropped-StiftungDeutschesUhrenmuseumGlashuette-Web-Icon_.png\",\"width\":512,\"height\":512,\"caption\":\"Stiftung \\\"Deutsches Uhrenmuseum Glash\u00fctte \u2013 Nicolas G. Hayek\\\"\"},\"image\":{\"@id\":\"https:\/\/www.uhrenmuseum-glashuette.com\/#\/schema\/logo\/image\/\"}}]}<\/script>\n<!-- \/ Yoast SEO plugin. -->","yoast_head_json":{"title":"Guided Tours in the German Watch Museum Glash\u00fctte | German Watch Museum Glash\u00fctte","description":"The German Watch Museum Glash\u00fctte offers you various interesting and extensive guided tours through all exhibitions \u27a4 Reserve a guided tour now","robots":{"index":"index","follow":"follow","max-snippet":"max-snippet:-1","max-image-preview":"max-image-preview:large","max-video-preview":"max-video-preview:-1"},"canonical":"https:\/\/www.uhrenmuseum-glashuette.com\/en\/guided-tours\/museum\/","og_locale":"en_US","og_type":"article","og_title":"Guided Tours in the German Watch Museum Glash\u00fctte | German Watch Museum Glash\u00fctte","og_description":"The German Watch Museum Glash\u00fctte offers you various interesting and extensive guided tours through all exhibitions \u27a4 Reserve a guided tour now","og_url":"https:\/\/www.uhrenmuseum-glashuette.com\/en\/guided-tours\/museum\/","og_site_name":"Deutsches Uhrenmuseum Glashuette","article_modified_time":"2025-11-24T16:36:54+00:00","og_image":[{"width":500,"height":315,"url":"https:\/\/www.uhrenmuseum-glashuette.com\/wp-content\/uploads\/2020\/01\/Logo.jpg","type":"image\/jpeg"}],"twitter_card":"summary_large_image","twitter_misc":{"Est. reading time":"2 minutes"},"schema":{"@context":"https:\/\/schema.org","@graph":[{"@type":"WebPage","@id":"https:\/\/www.uhrenmuseum-glashuette.com\/en\/guided-tours\/museum\/","url":"https:\/\/www.uhrenmuseum-glashuette.com\/en\/guided-tours\/museum\/","name":"Guided Tours in the German Watch Museum Glash\u00fctte | German Watch Museum Glash\u00fctte","isPartOf":{"@id":"https:\/\/www.uhrenmuseum-glashuette.com\/#website"},"datePublished":"2020-02-13T13:27:28+00:00","dateModified":"2025-11-24T16:36:54+00:00","description":"The German Watch Museum Glash\u00fctte offers you various interesting and extensive guided tours through all exhibitions \u27a4 Reserve a guided tour now","breadcrumb":{"@id":"https:\/\/www.uhrenmuseum-glashuette.com\/en\/guided-tours\/museum\/#breadcrumb"},"inLanguage":"en-US","potentialAction":[{"@type":"ReadAction","target":["https:\/\/www.uhrenmuseum-glashuette.com\/en\/guided-tours\/museum\/"]}]},{"@type":"BreadcrumbList","@id":"https:\/\/www.uhrenmuseum-glashuette.com\/en\/guided-tours\/museum\/#breadcrumb","itemListElement":[{"@type":"ListItem","position":1,"name":"Startseite","item":"https:\/\/www.uhrenmuseum-glashuette.com\/en\/"},{"@type":"ListItem","position":2,"name":"Guided Tours","item":"https:\/\/www.uhrenmuseum-glashuette.com\/en\/guided-tours\/"},{"@type":"ListItem","position":3,"name":"Museum"}]},{"@type":"WebSite","@id":"https:\/\/www.uhrenmuseum-glashuette.com\/#website","url":"https:\/\/www.uhrenmuseum-glashuette.com\/","name":"Deutsches Uhrenmuseum Glashuette","description":"","publisher":{"@id":"https:\/\/www.uhrenmuseum-glashuette.com\/#organization"},"potentialAction":[{"@type":"SearchAction","target":{"@type":"EntryPoint","urlTemplate":"https:\/\/www.uhrenmuseum-glashuette.com\/?s={search_term_string}"},"query-input":{"@type":"PropertyValueSpecification","valueRequired":true,"valueName":"search_term_string"}}],"inLanguage":"en-US"},{"@type":"Organization","@id":"https:\/\/www.uhrenmuseum-glashuette.com\/#organization","name":"Stiftung \"Deutsches Uhrenmuseum Glash\u00fctte \u2013 Nicolas G. Hayek\"","alternateName":"Uhrenmuseum Glash\u00fctte","url":"https:\/\/www.uhrenmuseum-glashuette.com\/","logo":{"@type":"ImageObject","inLanguage":"en-US","@id":"https:\/\/www.uhrenmuseum-glashuette.com\/#\/schema\/logo\/image\/","url":"https:\/\/www.uhrenmuseum-glashuette.com\/wp-content\/uploads\/2020\/01\/cropped-StiftungDeutschesUhrenmuseumGlashuette-Web-Icon_.png","contentUrl":"https:\/\/www.uhrenmuseum-glashuette.com\/wp-content\/uploads\/2020\/01\/cropped-StiftungDeutschesUhrenmuseumGlashuette-Web-Icon_.png","width":512,"height":512,"caption":"Stiftung \"Deutsches Uhrenmuseum Glash\u00fctte \u2013 Nicolas G. Hayek\""},"image":{"@id":"https:\/\/www.uhrenmuseum-glashuette.com\/#\/schema\/logo\/image\/"}}]}},"_links":{"self":[{"href":"https:\/\/www.uhrenmuseum-glashuette.com\/en\/wp-json\/wp\/v2\/pages\/3093","targetHints":{"allow":["GET"]}}],"collection":[{"href":"https:\/\/www.uhrenmuseum-glashuette.com\/en\/wp-json\/wp\/v2\/pages"}],"about":[{"href":"https:\/\/www.uhrenmuseum-glashuette.com\/en\/wp-json\/wp\/v2\/types\/page"}],"author":[{"embeddable":true,"href":"https:\/\/www.uhrenmuseum-glashuette.com\/en\/wp-json\/wp\/v2\/users\/1"}],"replies":[{"embeddable":true,"href":"https:\/\/www.uhrenmuseum-glashuette.com\/en\/wp-json\/wp\/v2\/comments?post=3093"}],"version-history":[{"count":48,"href":"https:\/\/www.uhrenmuseum-glashuette.com\/en\/wp-json\/wp\/v2\/pages\/3093\/revisions"}],"predecessor-version":[{"id":13968,"href":"https:\/\/www.uhrenmuseum-glashuette.com\/en\/wp-json\/wp\/v2\/pages\/3093\/revisions\/13968"}],"up":[{"embeddable":true,"href":"https:\/\/www.uhrenmuseum-glashuette.com\/en\/wp-json\/wp\/v2\/pages\/3091"}],"wp:attachment":[{"href":"https:\/\/www.uhrenmuseum-glashuette.com\/en\/wp-json\/wp\/v2\/media?parent=3093"}],"curies":[{"name":"wp","href":"https:\/\/api.w.org\/{rel}","templated":true}]}}